{"id":3061,"date":"2025-01-20T19:22:12","date_gmt":"2025-01-20T19:22:12","guid":{"rendered":"https:\/\/e-boxlogistic.net\/?page_id=3061"},"modified":"2025-01-20T19:22:13","modified_gmt":"2025-01-20T19:22:13","slug":"web-platforma","status":"publish","type":"page","link":"https:\/\/e-boxlogistic.net\/bg\/web-platforma\/","title":{"rendered":"Web Platforma"},"content":{"rendered":"<div data-elementor-type=\"wp-page\" data-elementor-id=\"3061\" class=\"elementor elementor-3061\" data-elementor-post-type=\"page\">\n\t\t\t\t\t\t<section class=\"elementor-section elementor-top-section elementor-element elementor-element-815ff75 elementor-section-boxed elementor-section-height-default elementor-section-height-default\" data-id=\"815ff75\" data-element_type=\"section\">\n\t\t\t\t\t\t<div class=\"elementor-container elementor-column-gap-default\">\n\t\t\t\t\t<div class=\"elementor-column elementor-col-100 elementor-top-column elementor-element elementor-element-3c61668\" data-id=\"3c61668\" data-element_type=\"column\">\n\t\t\t<div class=\"elementor-widget-wrap elementor-element-populated\">\n\t\t\t\t\t\t<div class=\"elementor-element elementor-element-7654bfb elementor-widget elementor-widget-breadcrumbs\" data-id=\"7654bfb\" data-element_type=\"widget\" data-widget_type=\"breadcrumbs.default\">\n\t\t\t\t<div class=\"elementor-widget-container\">\n\t\t\t\t\t<p id=\"breadcrumbs\"><span><span><a href=\"https:\/\/e-boxlogistic.net\/bg\/\">Home<\/a><\/span><\/span><\/p>\t\t\t\t<\/div>\n\t\t\t\t<\/div>\n\t\t\t\t\t<\/div>\n\t\t<\/div>\n\t\t\t\t\t<\/div>\n\t\t<\/section>\n\t\t\t\t<\/div>","protected":false},"excerpt":{"rendered":"","protected":false},"author":4,"featured_media":0,"parent":0,"menu_order":0,"comment_status":"closed","ping_status":"closed","template":"","meta":{"footnotes":""},"class_list":["post-3061","page","type-page","status-publish","hentry","entry"],"yoast_head":"<!-- This site is optimized with the Yoast SEO plugin v26.3 - https:\/\/yoast.com\/wordpress\/plugins\/seo\/ -->\n<title>Web Platforma | GPS pra\u0107enje kamiona i komercijalnih vozila | E-box Logistic<\/title>\n<meta name=\"description\" content=\"U\u0161tedite novac i vreme kori\u0161\u0107enjem E-Box GPS sistema za upravljanje gorivom i budite obave\u0161teni o potro\u0161nji, sipanju ili kra\u0111i goriva!\" \/>\n<meta name=\"robots\" content=\"index, follow, max-snippet:-1, max-image-preview:large, max-video-preview:-1\" \/>\n<link rel=\"canonical\" href=\"https:\/\/e-boxlogistic.net\/bg\/toll-for-all__trashed\/web-platforma\/\" \/>\n<meta property=\"og:locale\" content=\"bg_BG\" \/>\n<meta property=\"og:type\" content=\"article\" \/>\n<meta property=\"og:title\" content=\"Web Platforma | GPS pra\u0107enje kamiona i komercijalnih vozila | E-box Logistic\" \/>\n<meta property=\"og:description\" content=\"U\u0161tedite novac i vreme kori\u0161\u0107enjem E-Box GPS sistema za upravljanje gorivom i budite obave\u0161teni o potro\u0161nji, sipanju ili kra\u0111i goriva!\" \/>\n<meta property=\"og:url\" content=\"https:\/\/e-boxlogistic.net\/bg\/toll-for-all__trashed\/web-platforma\/\" \/>\n<meta property=\"og:site_name\" content=\"E-box Logistic\" \/>\n<meta property=\"article:modified_time\" content=\"2025-01-20T19:22:13+00:00\" \/>\n<meta name=\"twitter:card\" content=\"summary_large_image\" \/>\n<script type=\"application\/ld+json\" class=\"yoast-schema-graph\">{\"@context\":\"https:\/\/schema.org\",\"@graph\":[{\"@type\":\"WebPage\",\"@id\":\"https:\/\/e-boxlogistic.net\/toll-for-all__trashed\/web-platforma\/\",\"url\":\"https:\/\/e-boxlogistic.net\/toll-for-all__trashed\/web-platforma\/\",\"name\":\"Web Platforma | GPS pra\u0107enje kamiona i komercijalnih vozila | E-box Logistic\",\"isPartOf\":{\"@id\":\"https:\/\/e-boxlogistic.net\/#website\"},\"datePublished\":\"2025-01-20T19:22:12+00:00\",\"dateModified\":\"2025-01-20T19:22:13+00:00\",\"description\":\"U\u0161tedite novac i vreme kori\u0161\u0107enjem E-Box GPS sistema za upravljanje gorivom i budite obave\u0161teni o potro\u0161nji, sipanju ili kra\u0111i goriva!\",\"breadcrumb\":{\"@id\":\"https:\/\/e-boxlogistic.net\/toll-for-all__trashed\/web-platforma\/#breadcrumb\"},\"inLanguage\":\"bg-BG\",\"potentialAction\":[{\"@type\":\"ReadAction\",\"target\":[\"https:\/\/e-boxlogistic.net\/toll-for-all__trashed\/web-platforma\/\"]}]},{\"@type\":\"BreadcrumbList\",\"@id\":\"https:\/\/e-boxlogistic.net\/toll-for-all__trashed\/web-platforma\/#breadcrumb\",\"itemListElement\":[{\"@type\":\"ListItem\",\"position\":1,\"name\":\"Home\",\"item\":\"https:\/\/e-boxlogistic.net\/\"},{\"@type\":\"ListItem\",\"position\":2,\"name\":\"Web Platforma\"}]},{\"@type\":\"WebSite\",\"@id\":\"https:\/\/e-boxlogistic.net\/#website\",\"url\":\"https:\/\/e-boxlogistic.net\/\",\"name\":\"E-box Logistic\",\"description\":\"Transportna Logistika\",\"publisher\":{\"@id\":\"https:\/\/e-boxlogistic.net\/#organization\"},\"potentialAction\":[{\"@type\":\"SearchAction\",\"target\":{\"@type\":\"EntryPoint\",\"urlTemplate\":\"https:\/\/e-boxlogistic.net\/?s={search_term_string}\"},\"query-input\":{\"@type\":\"PropertyValueSpecification\",\"valueRequired\":true,\"valueName\":\"search_term_string\"}}],\"inLanguage\":\"bg-BG\"},{\"@type\":\"Organization\",\"@id\":\"https:\/\/e-boxlogistic.net\/#organization\",\"name\":\"E-box Logistic\",\"url\":\"https:\/\/e-boxlogistic.net\/\",\"logo\":{\"@type\":\"ImageObject\",\"inLanguage\":\"bg-BG\",\"@id\":\"https:\/\/e-boxlogistic.net\/#\/schema\/logo\/image\/\",\"url\":\"https:\/\/e-boxlogistic.net\/wp-content\/uploads\/2022\/11\/cropped-cropped-400_filter_nobg_626936def3669.webp\",\"contentUrl\":\"https:\/\/e-boxlogistic.net\/wp-content\/uploads\/2022\/11\/cropped-cropped-400_filter_nobg_626936def3669.webp\",\"width\":512,\"height\":512,\"caption\":\"E-box Logistic\"},\"image\":{\"@id\":\"https:\/\/e-boxlogistic.net\/#\/schema\/logo\/image\/\"}}]}<\/script>\n<!-- \/ Yoast SEO plugin. -->","yoast_head_json":{"title":"Web Platforma | GPS pra\u0107enje kamiona i komercijalnih vozila | E-box Logistic","description":"U\u0161tedite novac i vreme kori\u0161\u0107enjem E-Box GPS sistema za upravljanje gorivom i budite obave\u0161teni o potro\u0161nji, sipanju ili kra\u0111i goriva!","robots":{"index":"index","follow":"follow","max-snippet":"max-snippet:-1","max-image-preview":"max-image-preview:large","max-video-preview":"max-video-preview:-1"},"canonical":"https:\/\/e-boxlogistic.net\/bg\/toll-for-all__trashed\/web-platforma\/","og_locale":"bg_BG","og_type":"article","og_title":"Web Platforma | GPS pra\u0107enje kamiona i komercijalnih vozila | E-box Logistic","og_description":"U\u0161tedite novac i vreme kori\u0161\u0107enjem E-Box GPS sistema za upravljanje gorivom i budite obave\u0161teni o potro\u0161nji, sipanju ili kra\u0111i goriva!","og_url":"https:\/\/e-boxlogistic.net\/bg\/toll-for-all__trashed\/web-platforma\/","og_site_name":"E-box Logistic","article_modified_time":"2025-01-20T19:22:13+00:00","twitter_card":"summary_large_image","schema":{"@context":"https:\/\/schema.org","@graph":[{"@type":"WebPage","@id":"https:\/\/e-boxlogistic.net\/toll-for-all__trashed\/web-platforma\/","url":"https:\/\/e-boxlogistic.net\/toll-for-all__trashed\/web-platforma\/","name":"Web Platforma | GPS pra\u0107enje kamiona i komercijalnih vozila | E-box Logistic","isPartOf":{"@id":"https:\/\/e-boxlogistic.net\/#website"},"datePublished":"2025-01-20T19:22:12+00:00","dateModified":"2025-01-20T19:22:13+00:00","description":"U\u0161tedite novac i vreme kori\u0161\u0107enjem E-Box GPS sistema za upravljanje gorivom i budite obave\u0161teni o potro\u0161nji, sipanju ili kra\u0111i goriva!","breadcrumb":{"@id":"https:\/\/e-boxlogistic.net\/toll-for-all__trashed\/web-platforma\/#breadcrumb"},"inLanguage":"bg-BG","potentialAction":[{"@type":"ReadAction","target":["https:\/\/e-boxlogistic.net\/toll-for-all__trashed\/web-platforma\/"]}]},{"@type":"BreadcrumbList","@id":"https:\/\/e-boxlogistic.net\/toll-for-all__trashed\/web-platforma\/#breadcrumb","itemListElement":[{"@type":"ListItem","position":1,"name":"Home","item":"https:\/\/e-boxlogistic.net\/"},{"@type":"ListItem","position":2,"name":"Web Platforma"}]},{"@type":"WebSite","@id":"https:\/\/e-boxlogistic.net\/#website","url":"https:\/\/e-boxlogistic.net\/","name":"E-box Logistic","description":"Transportna Logistika","publisher":{"@id":"https:\/\/e-boxlogistic.net\/#organization"},"potentialAction":[{"@type":"SearchAction","target":{"@type":"EntryPoint","urlTemplate":"https:\/\/e-boxlogistic.net\/?s={search_term_string}"},"query-input":{"@type":"PropertyValueSpecification","valueRequired":true,"valueName":"search_term_string"}}],"inLanguage":"bg-BG"},{"@type":"Organization","@id":"https:\/\/e-boxlogistic.net\/#organization","name":"E-box Logistic","url":"https:\/\/e-boxlogistic.net\/","logo":{"@type":"ImageObject","inLanguage":"bg-BG","@id":"https:\/\/e-boxlogistic.net\/#\/schema\/logo\/image\/","url":"https:\/\/e-boxlogistic.net\/wp-content\/uploads\/2022\/11\/cropped-cropped-400_filter_nobg_626936def3669.webp","contentUrl":"https:\/\/e-boxlogistic.net\/wp-content\/uploads\/2022\/11\/cropped-cropped-400_filter_nobg_626936def3669.webp","width":512,"height":512,"caption":"E-box Logistic"},"image":{"@id":"https:\/\/e-boxlogistic.net\/#\/schema\/logo\/image\/"}}]}},"_links":{"self":[{"href":"https:\/\/e-boxlogistic.net\/bg\/wp-json\/wp\/v2\/pages\/3061","targetHints":{"allow":["GET"]}}],"collection":[{"href":"https:\/\/e-boxlogistic.net\/bg\/wp-json\/wp\/v2\/pages"}],"about":[{"href":"https:\/\/e-boxlogistic.net\/bg\/wp-json\/wp\/v2\/types\/page"}],"author":[{"embeddable":true,"href":"https:\/\/e-boxlogistic.net\/bg\/wp-json\/wp\/v2\/users\/4"}],"replies":[{"embeddable":true,"href":"https:\/\/e-boxlogistic.net\/bg\/wp-json\/wp\/v2\/comments?post=3061"}],"version-history":[{"count":1,"href":"https:\/\/e-boxlogistic.net\/bg\/wp-json\/wp\/v2\/pages\/3061\/revisions"}],"predecessor-version":[{"id":3062,"href":"https:\/\/e-boxlogistic.net\/bg\/wp-json\/wp\/v2\/pages\/3061\/revisions\/3062"}],"wp:attachment":[{"href":"https:\/\/e-boxlogistic.net\/bg\/wp-json\/wp\/v2\/media?parent=3061"}],"curies":[{"name":"wp","href":"https:\/\/api.w.org\/{rel}","templated":true}]}}