{"id":1630,"date":"2023-12-25T14:48:14","date_gmt":"2023-12-25T14:48:14","guid":{"rendered":"https:\/\/e-boxlogistic.net\/?page_id=1630"},"modified":"2023-12-25T14:48:15","modified_gmt":"2023-12-25T14:48:15","slug":"politika-privatnosti","status":"publish","type":"page","link":"https:\/\/e-boxlogistic.net\/en\/politika-privatnosti\/","title":{"rendered":"Privacy policy"},"content":{"rendered":"<p>Politika privatnosti ili podaci o li\u010dnosti su svi podaci koji se neposredno ili posredno odnose ili mogu da se odnose na vas kao fizi\u010dko lice. U nastavku \u0107ete prona\u0107i sve informacije o prirodi i obimu obrade va\u0161ih li\u010dnih podataka od strane E-BOX LOGISTIC.&nbsp;<\/p>\n\n\n\n<p>Ova Politika privatnosti opisuje kako E-box Logistic (\u201eSajt\u201c, \u201emi\u201c, \u201enas\u201c ili \u201ena\u0161\u201c) prikuplja i koristi va\u0161e li\u010dne podatke kada posetite sajt, koristite na\u0161e usluge ili obavite kupovinu sa <a href=\"https:\/\/e-boxlogistic.net\/en\/\">https:\/\/e-boxlogistic.net\/<\/a> (\u201eSajt\u201c) ili na drugi na\u010din komunicirate sa nama. Za potrebe ove Politike privatnosti, \u201evi\u201c i \u201eva\u0161\u201c ozna\u010davaju vas kao korisnika Usluga, bilo da ste korisnik, posetilac web stranice ili drugi pojedinac \u010dije smo podatke prikupili u skladu sa ovom Politikom privatnosti.<\/p>\n\n\n\n<p>Pa\u017eljivo pro\u010ditajte ovu Politiku privatnosti. Kori\u0161\u0107enjem na\u0161ih Usluga i pristupom na\u0161em web sajtu saglasni ste sa prikupljanjem, upotrebom i otkrivanjem va\u0161ih informacija kako je opisano u ovoj Politici privatnosti. Ako se ne sla\u017eete sa ovom Politikom privatnosti, nemojte koristiti niti pristupati bilo kojoj od usluga sa na\u0161eg sajta.<\/p>\n\n\n\n<h2 class=\"wp-block-heading\"><strong>Kako prikupljamo i koristimo va\u0161e li\u010dne podatke<\/strong><\/h2>\n\n\n\n<p>Da bismo pru\u017eili na\u0161e usluge, prikupljamo li\u010dne podatke o vama u poslednjih 12 meseci iz razli\u010ditih izvora, kao \u0161to je navedeno u nastavku. Informacije koje prikupljamo i koristimo variraju u zavisnosti od toga na koji na\u010din komunicirate sa nama.<\/p>\n\n\n\n<p>Pored specifi\u010dnih upotreba navedenih u nastavku, mo\u017eemo da koristimo informacije koje prikupljamo o vama da komuniciramo sa vama, pru\u017eamo Usluge, po\u0161tujemo sve primenjive zakonske obaveze, sprovodimo sve primenjive uslove kori\u0161\u0107enja usluge i \u0161titimo ili branimo Usluge, na\u0161e prava i prava na\u0161ih korisnika ili drugih.<\/p>\n\n\n\n<h2 class=\"wp-block-heading\"><strong>Koje li\u010dne podatke prikupljamo<\/strong><\/h2>\n\n\n\n<p>Vrste li\u010dnih podataka koje dobijamo o vama zavise od toga kako stupate u interakciju sa na\u0161im sajtom i koristite na\u0161e Usluge. Kada koristimo termin \u201eli\u010dni podaci\u201c, mislimo na informacije koje vas identifikuju, odnose se, opisuju ili mogu biti povezane sa vama. Slede\u0107i odeljci opisuju kategorije i specifi\u010dne vrste li\u010dnih podataka koje prikupljamo.<\/p>\n\n\n\n<h2 class=\"wp-block-heading\"><strong>Informacije koje prikupljamo direktno od vas<\/strong><\/h2>\n\n\n\n<p>Informacije koje nam direktno dostavite putem na\u0161ih Usluga mogu uklju\u010divati:<\/p>\n\n\n\n<ul class=\"wp-block-list\">\n<li>Osnovni kontakt detalji uklju\u010duju\u0107i va\u0161e ime i prezime, adresu, broj telefona, e-po\u0161tu.<\/li>\n\n\n\n<li>Informacije o porud\u017ebini uklju\u010duju\u0107i va\u0161e ime, adresu za obra\u010dun, adresu za dostavu, potvrdu pla\u0107anja, adresu e-po\u0161te, broj telefona.<\/li>\n\n\n\n<li>Informacije o kupovini uklju\u010duju\u0107i artikle koje pregledate, stavite u korpu ili dodate na listu \u017eelja.<\/li>\n\n\n\n<li>Informacije o korisni\u010dkoj podr\u0161ci, uklju\u010duju\u0107i informacije koje odaberete da uklju\u010dite u komunikaciju sa nama, na primer, kada nas pozovete, po\u0161aljete email ili nas posetite u salonu na fizi\u010dkoj lokaciji.<\/li>\n<\/ul>\n\n\n\n<p>Neke funkcije Usluga mogu zahtevati da nam direktno dostavite odre\u0111ene informacije o sebi. Mo\u017eete izabrati da ne date ove informacije, ali to mo\u017ee da vas spre\u010di da koristite ili pristupite ovim funkcijama.<\/p>\n\n\n\n<h2 class=\"wp-block-heading\"><strong>Informacije koje prikupljamo putem kola\u010di\u0107a<\/strong><\/h2>\n\n\n\n<p>Tako\u0111e automatski prikupljamo odre\u0111ene informacije o va\u0161oj interakciji sa web sajtom. Da bismo to uradili, mo\u017eemo da koristimo kola\u010di\u0107e, piksele, Google analitiku i sli\u010dne tehnologije. Podaci o kori\u0161\u0107enju mogu da obuhvataju informacije o tome kako pristupate na\u0161em sajtu i kako ga koristite, uklju\u010duju\u0107i informacije o ure\u0111aju, informacije o pregleda\u010du, informacije o va\u0161oj mre\u017enoj vezi, va\u0161u IP adresu i druge informacije u vezi sa va\u0161om interakcijom sa Uslugama.<\/p>\n\n\n\n<h2 class=\"wp-block-heading\"><strong>Kako koristimo va\u0161e li\u010dne podatke<\/strong><\/h2>\n\n\n\n<p>Pru\u017eanje proizvoda i usluga. Koristimo va\u0161e li\u010dne podatke da bismo vam pru\u017eili Usluge i ispunili obavezu prema vama, uklju\u010duju\u0107i obradu va\u0161ih pla\u0107anja, ispunjavanje va\u0161ih porud\u017ebina, slanje obave\u0161tenja u vezi sa va\u0161im informacijama, kupovinama, vra\u0107anjem, razmenom ili drugim transakcijama, i omogu\u0107ili vam da postavljate recenzije.<\/p>\n\n\n\n<ul class=\"wp-block-list\">\n<li>Marketing i reklamiranje. Va\u0161e li\u010dne podatke koristimo u marketin\u0161ke i promotivne svrhe, kao \u0161to su slanje marketin\u0161kih, reklamnih i promotivnih komunikacija putem e-po\u0161te, tekstualnih poruka ili po\u0161tom, kao i da bismo vam prikazali reklame za proizvode ili usluge. Ovo mo\u017ee uklju\u010divati kori\u0161\u0107enje va\u0161ih li\u010dnih podataka da biste bolje prilagodili Usluge i ogla\u0161avanje na na\u0161em sajtu i drugim web lokacijama.<\/li>\n\n\n\n<li>Bezbednost i prevencija prevara. Koristimo va\u0161e li\u010dne podatke da bismo otkrili, istra\u017eili ili preduzeli mere u vezi sa mogu\u0107im la\u017enim, nezakonitim ili zlonamernim aktivnostima.&nbsp;<\/li>\n\n\n\n<li>Komuniciranje sa vama. Koristimo va\u0161e li\u010dne podatke da bismo vam pru\u017eili korisni\u010dku podr\u0161ku i pobolj\u0161ali na\u0161e Usluge. Ovo je u na\u0161em i va\u0161em legitimnom interesu kako bismo vam odgovarali, pru\u017eali vam efikasne usluge i odr\u017eavali poslovni odnos.<\/li>\n<\/ul>\n\n\n\n<h2 class=\"wp-block-heading\"><strong>Kako otkrivamo li\u010dne podatke<\/strong><\/h2>\n\n\n\n<p>U odre\u0111enim okolnostima, mo\u017eemo otkriti va\u0161e li\u010dne podatke tre\u0107im licima u legitimne svrhe koje podle\u017eu ovoj Politici privatnosti. Takve okolnosti mogu uklju\u010divati:<\/p>\n\n\n\n<ul class=\"wp-block-list\">\n<li>Sa dobavlja\u010dima ili drugim tre\u0107im licima koji obavljaju usluge u na\u0161e ime (npr. IT administracija, obrada pla\u0107anja, analiza podataka, korisni\u010dka podr\u0161ka, Cloud skladi\u0161tenje i isporuka proizvoda).<\/li>\n\n\n\n<li>Kada uputite, zatra\u017eite od nas ili na drugi na\u010din pristanete na na\u0161e otkrivanje odre\u0111enih informacija tre\u0107im licima, kao \u0161to su kurirske slu\u017ebe za isporuku proizvoda, uz va\u0161u saglasnost.<\/li>\n\n\n\n<li>Sa na\u0161im salonom lepote ili na drugi na\u010din u okviru na\u0161e korporativne grupe, u na\u0161em legitimnom interesu da vodimo uspe\u0161no poslovanje.<\/li>\n<\/ul>\n\n\n\n<p>Ne koristimo, ne otkrivamo i ne prodajemo osetljive li\u010dne podatke u svrhu zaklju\u010divanja karakteristika o vama!<\/p>\n\n\n\n<h2 class=\"wp-block-heading\"><strong>Veze tre\u0107ih strana<\/strong><\/h2>\n\n\n\n<p>Na\u0161 sajt mo\u017ee da sadr\u017ei linkove ka drugim web stranama ili drugim onlajn platformama kojima upravljaju tre\u0107a lica. Ako pratite veze ka sajtovima koji nisu povezani ili kontrolisani od nas, trebalo bi da pregledate njihove politike privatnosti i bezbednosti i druge odredbe i uslove. Ne garantujemo i nismo odgovorni za privatnost ili bezbednost takvih sajtova, uklju\u010duju\u0107i ta\u010dnost, potpunost ili pouzdanost informacija koje se nalaze na ovim sajtovima. Na\u0161e uklju\u010divanje takvih linkova samo po sebi ne implicira bilo kakvo odobravanje sadr\u017eaja na takvim platformama ili njihovih vlasnika ili operatera.<\/p>\n\n\n\n<h2 class=\"wp-block-heading\"><strong>Podaci o deci<\/strong><\/h2>\n\n\n\n<p>Usluge nisu namenjene da ih koriste deca i mi ne prikupljamo svesno nikakve li\u010dne podatke o deci. Ako ste roditelj ili staratelj deteta koje nam je dalo svoje li\u010dne podatke, mo\u017eete da nas kontaktirate koriste\u0107i kontakt podatke navedene na na\u0161em web sajtu.<\/p>\n\n\n\n<p>Od datuma stupanja na snagu ove Politike privatnosti, nemamo saznanja da \u201edelimo\u201c ili \u201eprodajemo\u201c (kako su ti uslovi definisani u primenjivom zakonu) li\u010dne podatke pojedinaca mla\u0111ih od 16 godina.<\/p>\n\n\n\n<h2 class=\"wp-block-heading\"><strong>Sigurnost i zadr\u017eavanje Va\u0161ih informacija<\/strong><\/h2>\n\n\n\n<p>Konekcija sa na\u0161im web sajtom je osigurana SSL sertifikatom i drugim tehni\u010dkim sredstvima za sajber bezbednost. Imajte na umu da nijedna bezbednosna mera nije savr\u0161ena ili neprobojna, i da ne mo\u017eemo da garantujemo \u201esavr\u0161enu bezbednost\u201c. Pored toga, sve informacije koje nam po\u0161aljete mo\u017eda ne\u0107e biti bezbedne dok su u tranzitu. Preporu\u010dujemo vam da ne koristite nebezbedne kanale da biste nam saop\u0161tili osetljive ili poverljive informacije.<\/p>\n\n\n\n<p>Koliko dugo \u010duvamo va\u0161e li\u010dne podatke zavisi od razli\u010ditih faktora, kao \u0161to su da li su nam informacije potrebne za ispunjenje obaveza Usluga, pru\u017eanje Usluga, po\u0161tovanje zakonskih obaveza, re\u0161avanje sporova ili sprovo\u0111enje drugih primenjivih ugovora i politika.<\/p>\n\n\n\n<h2 class=\"wp-block-heading\"><strong>Va\u0161a prava<\/strong><\/h2>\n\n\n\n<p>U zavisnosti od toga gde \u017eivite, mo\u017eda imate neka ili sva dole navedena prava u vezi sa va\u0161im li\u010dnim podacima. Me\u0111utim, ova prava nisu apsolutna, mogu se primeniti samo u odre\u0111enim okolnostima i, u odre\u0111enim slu\u010dajevima, mo\u017eemo odbiti va\u0161 zahtev u skladu sa zakonom.<\/p>\n\n\n\n<ul class=\"wp-block-list\">\n<li>Pravo na pristup\/znanje. Imate pravo da zatra\u017eite pristup li\u010dnim podacima koje imamo o vama, uklju\u010duju\u0107i detalje koji se odnose na na\u010dine na koje koristimo i delimo va\u0161e podatke.<\/li>\n\n\n\n<li>Pravo na brisanje. Imate pravo da zahtevate da izbri\u0161emo li\u010dne podatke koje \u010duvamo o vama.<\/li>\n\n\n\n<li>Pravo na ispravku. Imate pravo da zahtevate da ispravimo neta\u010dne li\u010dne podatke koje \u010duvamo o vama.<\/li>\n\n\n\n<li>Pravo na prenosivost. Imate pravo da dobijete kopiju li\u010dnih podataka koje imamo o vama i da zatra\u017eite da ih prenesemo tre\u0107oj strani, u odre\u0111enim okolnostima i uz odre\u0111ene izuzetke.<\/li>\n<\/ul>\n\n\n\n<h2 class=\"wp-block-heading\"><strong>Kako odustati od dalje komunikacije<\/strong><\/h2>\n\n\n\n<p>Pru\u017eamo korisnicima mogu\u0107nost da odustanu od primanja daljih komunikacija od nas na njihov zahtev. Za odustajanje od daljih komunikacija kontaktirajte nas putem e-po\u0161te na office@e-boxlogistic.net. <\/p>","protected":false},"excerpt":{"rendered":"<p>Politika privatnosti ili podaci o li\u010dnosti su svi podaci koji se neposredno ili posredno odnose ili mogu da se odnose na vas kao fizi\u010dko lice. U nastavku \u0107ete prona\u0107i sve informacije o prirodi i obimu obrade va\u0161ih li\u010dnih podataka od strane E-BOX LOGISTIC.&nbsp; Ova Politika privatnosti opisuje kako E-box Logistic (\u201eSajt\u201c, \u201emi\u201c, \u201enas\u201c ili \u201ena\u0161\u201c) [&hellip;]<\/p>","protected":false},"author":1,"featured_media":0,"parent":0,"menu_order":0,"comment_status":"closed","ping_status":"closed","template":"","meta":{"footnotes":""},"class_list":["post-1630","page","type-page","status-publish","hentry","entry"],"yoast_head":"<!-- This site is optimized with the Yoast SEO plugin v26.3 - https:\/\/yoast.com\/wordpress\/plugins\/seo\/ -->\n<title>Politika privatnosti - E-box Logistic<\/title>\n<meta name=\"robots\" content=\"index, follow, max-snippet:-1, max-image-preview:large, max-video-preview:-1\" \/>\n<link rel=\"canonical\" href=\"https:\/\/e-boxlogistic.net\/en\/politika-privatnosti\/\" \/>\n<meta property=\"og:locale\" content=\"en_US\" \/>\n<meta property=\"og:type\" content=\"article\" \/>\n<meta property=\"og:title\" content=\"Politika privatnosti - E-box Logistic\" \/>\n<meta property=\"og:description\" content=\"Politika privatnosti ili podaci o li\u010dnosti su svi podaci koji se neposredno ili posredno odnose ili mogu da se odnose na vas kao fizi\u010dko lice. U nastavku \u0107ete prona\u0107i sve informacije o prirodi i obimu obrade va\u0161ih li\u010dnih podataka od strane E-BOX LOGISTIC.&nbsp; Ova Politika privatnosti opisuje kako E-box Logistic (\u201eSajt\u201c, \u201emi\u201c, \u201enas\u201c ili \u201ena\u0161\u201c) [&hellip;]\" \/>\n<meta property=\"og:url\" content=\"https:\/\/e-boxlogistic.net\/en\/politika-privatnosti\/\" \/>\n<meta property=\"og:site_name\" content=\"E-box Logistic\" \/>\n<meta property=\"article:modified_time\" content=\"2023-12-25T14:48:15+00:00\" \/>\n<meta name=\"twitter:card\" content=\"summary_large_image\" \/>\n<meta name=\"twitter:label1\" content=\"Est. reading time\" \/>\n\t<meta name=\"twitter:data1\" content=\"7 minutes\" \/>\n<script type=\"application\/ld+json\" class=\"yoast-schema-graph\">{\"@context\":\"https:\/\/schema.org\",\"@graph\":[{\"@type\":\"WebPage\",\"@id\":\"https:\/\/e-boxlogistic.net\/politika-privatnosti\/\",\"url\":\"https:\/\/e-boxlogistic.net\/politika-privatnosti\/\",\"name\":\"Politika privatnosti - E-box Logistic\",\"isPartOf\":{\"@id\":\"https:\/\/e-boxlogistic.net\/#website\"},\"datePublished\":\"2023-12-25T14:48:14+00:00\",\"dateModified\":\"2023-12-25T14:48:15+00:00\",\"breadcrumb\":{\"@id\":\"https:\/\/e-boxlogistic.net\/politika-privatnosti\/#breadcrumb\"},\"inLanguage\":\"en-US\",\"potentialAction\":[{\"@type\":\"ReadAction\",\"target\":[\"https:\/\/e-boxlogistic.net\/politika-privatnosti\/\"]}]},{\"@type\":\"BreadcrumbList\",\"@id\":\"https:\/\/e-boxlogistic.net\/politika-privatnosti\/#breadcrumb\",\"itemListElement\":[{\"@type\":\"ListItem\",\"position\":1,\"name\":\"Home\",\"item\":\"https:\/\/e-boxlogistic.net\/\"},{\"@type\":\"ListItem\",\"position\":2,\"name\":\"Politika privatnosti\"}]},{\"@type\":\"WebSite\",\"@id\":\"https:\/\/e-boxlogistic.net\/#website\",\"url\":\"https:\/\/e-boxlogistic.net\/\",\"name\":\"E-box Logistic\",\"description\":\"Transportna Logistika\",\"publisher\":{\"@id\":\"https:\/\/e-boxlogistic.net\/#organization\"},\"potentialAction\":[{\"@type\":\"SearchAction\",\"target\":{\"@type\":\"EntryPoint\",\"urlTemplate\":\"https:\/\/e-boxlogistic.net\/?s={search_term_string}\"},\"query-input\":{\"@type\":\"PropertyValueSpecification\",\"valueRequired\":true,\"valueName\":\"search_term_string\"}}],\"inLanguage\":\"en-US\"},{\"@type\":\"Organization\",\"@id\":\"https:\/\/e-boxlogistic.net\/#organization\",\"name\":\"E-box Logistic\",\"url\":\"https:\/\/e-boxlogistic.net\/\",\"logo\":{\"@type\":\"ImageObject\",\"inLanguage\":\"en-US\",\"@id\":\"https:\/\/e-boxlogistic.net\/#\/schema\/logo\/image\/\",\"url\":\"https:\/\/e-boxlogistic.net\/wp-content\/uploads\/2022\/11\/cropped-cropped-400_filter_nobg_626936def3669.webp\",\"contentUrl\":\"https:\/\/e-boxlogistic.net\/wp-content\/uploads\/2022\/11\/cropped-cropped-400_filter_nobg_626936def3669.webp\",\"width\":512,\"height\":512,\"caption\":\"E-box Logistic\"},\"image\":{\"@id\":\"https:\/\/e-boxlogistic.net\/#\/schema\/logo\/image\/\"}}]}<\/script>\n<!-- \/ Yoast SEO plugin. -->","yoast_head_json":{"title":"Politika privatnosti - E-box Logistic","robots":{"index":"index","follow":"follow","max-snippet":"max-snippet:-1","max-image-preview":"max-image-preview:large","max-video-preview":"max-video-preview:-1"},"canonical":"https:\/\/e-boxlogistic.net\/en\/politika-privatnosti\/","og_locale":"en_US","og_type":"article","og_title":"Politika privatnosti - E-box Logistic","og_description":"Politika privatnosti ili podaci o li\u010dnosti su svi podaci koji se neposredno ili posredno odnose ili mogu da se odnose na vas kao fizi\u010dko lice. U nastavku \u0107ete prona\u0107i sve informacije o prirodi i obimu obrade va\u0161ih li\u010dnih podataka od strane E-BOX LOGISTIC.&nbsp; Ova Politika privatnosti opisuje kako E-box Logistic (\u201eSajt\u201c, \u201emi\u201c, \u201enas\u201c ili \u201ena\u0161\u201c) [&hellip;]","og_url":"https:\/\/e-boxlogistic.net\/en\/politika-privatnosti\/","og_site_name":"E-box Logistic","article_modified_time":"2023-12-25T14:48:15+00:00","twitter_card":"summary_large_image","twitter_misc":{"Est. reading time":"7 minutes"},"schema":{"@context":"https:\/\/schema.org","@graph":[{"@type":"WebPage","@id":"https:\/\/e-boxlogistic.net\/politika-privatnosti\/","url":"https:\/\/e-boxlogistic.net\/politika-privatnosti\/","name":"Politika privatnosti - E-box Logistic","isPartOf":{"@id":"https:\/\/e-boxlogistic.net\/#website"},"datePublished":"2023-12-25T14:48:14+00:00","dateModified":"2023-12-25T14:48:15+00:00","breadcrumb":{"@id":"https:\/\/e-boxlogistic.net\/politika-privatnosti\/#breadcrumb"},"inLanguage":"en-US","potentialAction":[{"@type":"ReadAction","target":["https:\/\/e-boxlogistic.net\/politika-privatnosti\/"]}]},{"@type":"BreadcrumbList","@id":"https:\/\/e-boxlogistic.net\/politika-privatnosti\/#breadcrumb","itemListElement":[{"@type":"ListItem","position":1,"name":"Home","item":"https:\/\/e-boxlogistic.net\/"},{"@type":"ListItem","position":2,"name":"Politika privatnosti"}]},{"@type":"WebSite","@id":"https:\/\/e-boxlogistic.net\/#website","url":"https:\/\/e-boxlogistic.net\/","name":"E-box Logistic","description":"Transportna Logistika","publisher":{"@id":"https:\/\/e-boxlogistic.net\/#organization"},"potentialAction":[{"@type":"SearchAction","target":{"@type":"EntryPoint","urlTemplate":"https:\/\/e-boxlogistic.net\/?s={search_term_string}"},"query-input":{"@type":"PropertyValueSpecification","valueRequired":true,"valueName":"search_term_string"}}],"inLanguage":"en-US"},{"@type":"Organization","@id":"https:\/\/e-boxlogistic.net\/#organization","name":"E-box Logistic","url":"https:\/\/e-boxlogistic.net\/","logo":{"@type":"ImageObject","inLanguage":"en-US","@id":"https:\/\/e-boxlogistic.net\/#\/schema\/logo\/image\/","url":"https:\/\/e-boxlogistic.net\/wp-content\/uploads\/2022\/11\/cropped-cropped-400_filter_nobg_626936def3669.webp","contentUrl":"https:\/\/e-boxlogistic.net\/wp-content\/uploads\/2022\/11\/cropped-cropped-400_filter_nobg_626936def3669.webp","width":512,"height":512,"caption":"E-box Logistic"},"image":{"@id":"https:\/\/e-boxlogistic.net\/#\/schema\/logo\/image\/"}}]}},"_links":{"self":[{"href":"https:\/\/e-boxlogistic.net\/en\/wp-json\/wp\/v2\/pages\/1630","targetHints":{"allow":["GET"]}}],"collection":[{"href":"https:\/\/e-boxlogistic.net\/en\/wp-json\/wp\/v2\/pages"}],"about":[{"href":"https:\/\/e-boxlogistic.net\/en\/wp-json\/wp\/v2\/types\/page"}],"author":[{"embeddable":true,"href":"https:\/\/e-boxlogistic.net\/en\/wp-json\/wp\/v2\/users\/1"}],"replies":[{"embeddable":true,"href":"https:\/\/e-boxlogistic.net\/en\/wp-json\/wp\/v2\/comments?post=1630"}],"version-history":[{"count":1,"href":"https:\/\/e-boxlogistic.net\/en\/wp-json\/wp\/v2\/pages\/1630\/revisions"}],"predecessor-version":[{"id":1631,"href":"https:\/\/e-boxlogistic.net\/en\/wp-json\/wp\/v2\/pages\/1630\/revisions\/1631"}],"wp:attachment":[{"href":"https:\/\/e-boxlogistic.net\/en\/wp-json\/wp\/v2\/media?parent=1630"}],"curies":[{"name":"wp","href":"https:\/\/api.w.org\/{rel}","templated":true}]}}