{"id":2063,"date":"2024-02-08T12:12:28","date_gmt":"2024-02-08T12:12:28","guid":{"rendered":"https:\/\/e-boxlogistic.net\/?page_id=2063"},"modified":"2024-03-25T07:27:02","modified_gmt":"2024-03-25T07:27:02","slug":"unutrasnja-distribucija","status":"publish","type":"page","link":"https:\/\/e-boxlogistic.net\/en\/industrije\/unutrasnja-distribucija\/","title":{"rendered":"Unutra\u0161nja distribucija"},"content":{"rendered":"<div data-elementor-type=\"wp-page\" data-elementor-id=\"2063\" class=\"elementor elementor-2063\" data-elementor-post-type=\"page\">\n\t\t\t\t\t\t<section class=\"elementor-section elementor-top-section elementor-element elementor-element-ba66254 elementor-section-boxed elementor-section-height-default elementor-section-height-default\" data-id=\"ba66254\" data-element_type=\"section\">\n\t\t\t\t\t\t<div class=\"elementor-container elementor-column-gap-default\">\n\t\t\t\t\t<div class=\"elementor-column elementor-col-100 elementor-top-column elementor-element elementor-element-e503dce\" data-id=\"e503dce\" data-element_type=\"column\">\n\t\t\t<div class=\"elementor-widget-wrap elementor-element-populated\">\n\t\t\t\t\t\t<div class=\"elementor-element elementor-element-fd24734 elementor-widget elementor-widget-breadcrumbs\" data-id=\"fd24734\" data-element_type=\"widget\" data-widget_type=\"breadcrumbs.default\">\n\t\t\t\t<div class=\"elementor-widget-container\">\n\t\t\t\t\t<p id=\"breadcrumbs\"><span><span><a href=\"https:\/\/e-boxlogistic.net\/en\/\">Home<\/a><\/span><\/span><\/p>\t\t\t\t<\/div>\n\t\t\t\t<\/div>\n\t\t\t\t\t<\/div>\n\t\t<\/div>\n\t\t\t\t\t<\/div>\n\t\t<\/section>\n\t\t\t\t<section class=\"elementor-section elementor-top-section elementor-element elementor-element-2422a1e elementor-section-boxed elementor-section-height-default elementor-section-height-default\" data-id=\"2422a1e\" data-element_type=\"section\">\n\t\t\t\t\t\t<div class=\"elementor-container elementor-column-gap-default\">\n\t\t\t\t\t<div class=\"elementor-column elementor-col-100 elementor-top-column elementor-element elementor-element-ea31ba3\" data-id=\"ea31ba3\" data-element_type=\"column\">\n\t\t\t<div class=\"elementor-widget-wrap elementor-element-populated\">\n\t\t\t\t\t\t<div class=\"elementor-element elementor-element-43fef71 elementor-headline--style-highlight elementor-widget elementor-widget-animated-headline\" data-id=\"43fef71\" data-element_type=\"widget\" data-settings=\"{&quot;highlighted_text&quot;:&quot;Unutra\\u0161nja distribucija&quot;,&quot;marker&quot;:&quot;double_underline&quot;,&quot;headline_style&quot;:&quot;highlight&quot;,&quot;loop&quot;:&quot;yes&quot;,&quot;highlight_animation_duration&quot;:1200,&quot;highlight_iteration_delay&quot;:8000}\" data-widget_type=\"animated-headline.default\">\n\t\t\t\t<div class=\"elementor-widget-container\">\n\t\t\t\t\t\t\t<h1 class=\"elementor-headline\">\n\t\t\t\t<span class=\"elementor-headline-dynamic-wrapper elementor-headline-text-wrapper\">\n\t\t\t\t\t<span class=\"elementor-headline-dynamic-text elementor-headline-text-active\">Unutra\u0161nja distribucija<\/span>\n\t\t\t\t<\/span>\n\t\t\t\t<\/h1>\n\t\t\t\t\t\t<\/div>\n\t\t\t\t<\/div>\n\t\t\t\t\t<\/div>\n\t\t<\/div>\n\t\t\t\t\t<\/div>\n\t\t<\/section>\n\t\t\t\t<section class=\"elementor-section elementor-top-section elementor-element elementor-element-4a223d5 elementor-section-content-middle elementor-section-full_width elementor-section-height-default elementor-section-height-default\" data-id=\"4a223d5\" data-element_type=\"section\" data-settings=\"{&quot;background_background&quot;:&quot;classic&quot;}\">\n\t\t\t\t\t\t<div class=\"elementor-container elementor-column-gap-no\">\n\t\t\t\t\t<div class=\"elementor-column elementor-col-50 elementor-top-column elementor-element elementor-element-553d873\" data-id=\"553d873\" data-element_type=\"column\">\n\t\t\t<div class=\"elementor-widget-wrap elementor-element-populated\">\n\t\t\t\t\t\t<div class=\"elementor-element elementor-element-83362b3 elementor-widget elementor-widget-text-editor\" data-id=\"83362b3\" data-element_type=\"widget\" data-settings=\"{&quot;_animation&quot;:&quot;none&quot;,&quot;_animation_delay&quot;:200}\" data-widget_type=\"text-editor.default\">\n\t\t\t\t<div class=\"elementor-widget-container\">\n\t\t\t\t\t\t\t\t\t<p><strong>Doma\u0107i transport robe<\/strong>\u00a0podjednako je va\u017ean i esencijalan kao i\u00a0me\u0111unarodni transport robe. Distribucija i transport omogu\u0107avaju komunikaciju, trgovinu, ali i sve druge vidove razmena dobara izme\u0111u kompanija, firmi i fizi\u010dkih lica.<\/p>\t\t\t\t\t\t\t\t<\/div>\n\t\t\t\t<\/div>\n\t\t\t\t\t<\/div>\n\t\t<\/div>\n\t\t\t\t<div class=\"elementor-column elementor-col-50 elementor-top-column elementor-element elementor-element-2edb45f\" data-id=\"2edb45f\" data-element_type=\"column\" data-settings=\"{&quot;background_background&quot;:&quot;classic&quot;}\">\n\t\t\t<div class=\"elementor-widget-wrap elementor-element-populated\">\n\t\t\t\t\t<div class=\"elementor-background-overlay\"><\/div>\n\t\t\t\t\t\t<div class=\"elementor-element elementor-element-7d70c1a elementor-widget elementor-widget-image\" data-id=\"7d70c1a\" data-element_type=\"widget\" data-widget_type=\"image.default\">\n\t\t\t\t<div class=\"elementor-widget-container\">\n\t\t\t\t\t\t\t\t\t\t\t\t\t\t\t<img fetchpriority=\"high\" decoding=\"async\" width=\"1024\" height=\"574\" src=\"https:\/\/e-boxlogistic.net\/wp-content\/uploads\/2024\/02\/217811688_m_normal_none-1024x574.webp\" class=\"attachment-large size-large wp-image-2066\" alt=\"\" srcset=\"https:\/\/e-boxlogistic.net\/wp-content\/uploads\/2024\/02\/217811688_m_normal_none-1024x574.webp 1024w, https:\/\/e-boxlogistic.net\/wp-content\/uploads\/2024\/02\/217811688_m_normal_none-300x168.webp 300w, https:\/\/e-boxlogistic.net\/wp-content\/uploads\/2024\/02\/217811688_m_normal_none-768x430.webp 768w, https:\/\/e-boxlogistic.net\/wp-content\/uploads\/2024\/02\/217811688_m_normal_none-1536x861.webp 1536w, https:\/\/e-boxlogistic.net\/wp-content\/uploads\/2024\/02\/217811688_m_normal_none-2048x1148.webp 2048w, https:\/\/e-boxlogistic.net\/wp-content\/uploads\/2024\/02\/217811688_m_normal_none-18x10.webp 18w\" sizes=\"(max-width: 1024px) 100vw, 1024px\" \/>\t\t\t\t\t\t\t\t\t\t\t\t\t\t\t<\/div>\n\t\t\t\t<\/div>\n\t\t\t\t\t<\/div>\n\t\t<\/div>\n\t\t\t\t\t<\/div>\n\t\t<\/section>\n\t\t\t\t<section class=\"elementor-section elementor-top-section elementor-element elementor-element-3628dab elementor-section-content-middle elementor-section-full_width elementor-reverse-mobile elementor-section-height-default elementor-section-height-default\" data-id=\"3628dab\" data-element_type=\"section\" data-settings=\"{&quot;background_background&quot;:&quot;classic&quot;}\">\n\t\t\t\t\t\t<div class=\"elementor-container elementor-column-gap-no\">\n\t\t\t\t\t<div class=\"elementor-column elementor-col-50 elementor-top-column elementor-element elementor-element-7ea9ee3\" data-id=\"7ea9ee3\" data-element_type=\"column\">\n\t\t\t<div class=\"elementor-widget-wrap elementor-element-populated\">\n\t\t\t\t\t\t<div class=\"elementor-element elementor-element-41bf741 elementor-widget elementor-widget-image\" data-id=\"41bf741\" data-element_type=\"widget\" data-widget_type=\"image.default\">\n\t\t\t\t<div class=\"elementor-widget-container\">\n\t\t\t\t\t\t\t\t\t\t\t\t\t\t\t<img decoding=\"async\" width=\"1024\" height=\"574\" src=\"https:\/\/e-boxlogistic.net\/wp-content\/uploads\/2024\/02\/221720202_m_normal_none-1024x574.webp\" class=\"attachment-large size-large wp-image-2067\" alt=\"\" srcset=\"https:\/\/e-boxlogistic.net\/wp-content\/uploads\/2024\/02\/221720202_m_normal_none-1024x574.webp 1024w, https:\/\/e-boxlogistic.net\/wp-content\/uploads\/2024\/02\/221720202_m_normal_none-300x168.webp 300w, https:\/\/e-boxlogistic.net\/wp-content\/uploads\/2024\/02\/221720202_m_normal_none-768x430.webp 768w, https:\/\/e-boxlogistic.net\/wp-content\/uploads\/2024\/02\/221720202_m_normal_none-1536x861.webp 1536w, https:\/\/e-boxlogistic.net\/wp-content\/uploads\/2024\/02\/221720202_m_normal_none-2048x1148.webp 2048w, https:\/\/e-boxlogistic.net\/wp-content\/uploads\/2024\/02\/221720202_m_normal_none-18x10.webp 18w\" sizes=\"(max-width: 1024px) 100vw, 1024px\" \/>\t\t\t\t\t\t\t\t\t\t\t\t\t\t\t<\/div>\n\t\t\t\t<\/div>\n\t\t\t\t\t<\/div>\n\t\t<\/div>\n\t\t\t\t<div class=\"elementor-column elementor-col-50 elementor-top-column elementor-element elementor-element-20cb9e3\" data-id=\"20cb9e3\" data-element_type=\"column\">\n\t\t\t<div class=\"elementor-widget-wrap elementor-element-populated\">\n\t\t\t\t\t\t<div class=\"elementor-element elementor-element-9db531f elementor-widget elementor-widget-text-editor\" data-id=\"9db531f\" data-element_type=\"widget\" data-settings=\"{&quot;_animation&quot;:&quot;none&quot;,&quot;_animation_delay&quot;:200}\" data-widget_type=\"text-editor.default\">\n\t\t\t\t<div class=\"elementor-widget-container\">\n\t\t\t\t\t\t\t\t\t<div class=\"row\"><div class=\"col-xs-12\"><div class=\"responsive-handler fr-view breakable\"><div><p>Unutra\u0161nji transport igra veoma va\u017enu ulogu u povezivanju ljudi, ali i rastu ekonomije, kako na lokalnom (mikro), tako i na globalnom (makro) nivou.<\/p><p>Tako\u0111e, transport ne samo da povezuje kompanije sa kupcima, ve\u0107 i sa dobavlja\u010dima. Radi lak\u0161e organizacije unatra\u0161njeg transporta ve\u0107ina firmi odlu\u010duje se za <a href=\"https:\/\/e-boxlogistic.net\/en\/gps-pracenje-vozila\/\">uvo\u0111enje GPS pra\u0107enja vozila<\/a>.<\/p><p>Na ovaj na\u010din sektor logistike ima\u0107e ve\u0107e mogu\u0107nosti oko organizacije transporta. Pra\u0107enje robe u realnom vremenu kao i analiziranje istorije kretanja predstavljaju osnovu za dalje unapre\u0111enje transporta.<\/p><\/div><\/div><\/div><\/div><div class=\"row\"><div class=\"col-xs-12\"><div class=\"row\">\u00a0<\/div><\/div><\/div>\t\t\t\t\t\t\t\t<\/div>\n\t\t\t\t<\/div>\n\t\t\t\t\t<\/div>\n\t\t<\/div>\n\t\t\t\t\t<\/div>\n\t\t<\/section>\n\t\t\t\t<section class=\"elementor-section elementor-top-section elementor-element elementor-element-2134621 elementor-section-content-middle elementor-section-boxed elementor-section-height-default elementor-section-height-default\" data-id=\"2134621\" data-element_type=\"section\" data-settings=\"{&quot;background_background&quot;:&quot;classic&quot;,&quot;shape_divider_bottom&quot;:&quot;tilt&quot;}\">\n\t\t\t\t\t<div class=\"elementor-shape elementor-shape-bottom\" aria-hidden=\"true\" data-negative=\"false\">\n\t\t\t<svg xmlns=\"http:\/\/www.w3.org\/2000\/svg\" viewbox=\"0 0 1000 100\" preserveaspectratio=\"none\">\n\t<path class=\"elementor-shape-fill\" d=\"M0,6V0h1000v100L0,6z\"\/>\n<\/svg>\t\t<\/div>\n\t\t\t\t\t<div class=\"elementor-container elementor-column-gap-no\">\n\t\t\t\t\t<div class=\"elementor-column elementor-col-100 elementor-top-column elementor-element elementor-element-cbad659\" data-id=\"cbad659\" data-element_type=\"column\">\n\t\t\t<div class=\"elementor-widget-wrap elementor-element-populated\">\n\t\t\t\t\t\t<div class=\"elementor-element elementor-element-87291ad elementor-widget elementor-widget-heading\" data-id=\"87291ad\" data-element_type=\"widget\" data-widget_type=\"heading.default\">\n\t\t\t\t<div class=\"elementor-widget-container\">\n\t\t\t\t\t<h2 class=\"elementor-heading-title elementor-size-default\">Potrebna vam je logisti\u010dka podr\u0161ka za doma\u0107i transport robe?<\/h2>\t\t\t\t<\/div>\n\t\t\t\t<\/div>\n\t\t\t\t<div class=\"elementor-element elementor-element-7d8a3c6 elementor-align-center elementor-widget elementor-widget-button\" data-id=\"7d8a3c6\" data-element_type=\"widget\" data-settings=\"{&quot;_animation&quot;:&quot;none&quot;}\" data-widget_type=\"button.default\">\n\t\t\t\t<div class=\"elementor-widget-container\">\n\t\t\t\t\t\t\t\t\t<div class=\"elementor-button-wrapper\">\n\t\t\t\t\t<a class=\"elementor-button elementor-button-link elementor-size-md elementor-animation-grow\" href=\"tel:+381603522009\" id=\"eventButton\">\n\t\t\t\t\t\t<span class=\"elementor-button-content-wrapper\">\n\t\t\t\t\t\t\t\t\t<span class=\"elementor-button-text\">Zaka\u017eite konsultacije za unutra\u0161nju distribuciju \u2706<\/span>\n\t\t\t\t\t<\/span>\n\t\t\t\t\t<\/a>\n\t\t\t\t<\/div>\n\t\t\t\t\t\t\t\t<\/div>\n\t\t\t\t<\/div>\n\t\t\t\t\t<\/div>\n\t\t<\/div>\n\t\t\t\t\t<\/div>\n\t\t<\/section>\n\t\t\t\t<\/div>","protected":false},"excerpt":{"rendered":"<p>Unutra\u0161nja distribucija Doma\u0107i transport robe\u00a0podjednako je va\u017ean i esencijalan kao i\u00a0me\u0111unarodni transport robe. Distribucija i transport omogu\u0107avaju komunikaciju, trgovinu, ali i sve druge vidove razmena dobara izme\u0111u kompanija, firmi i fizi\u010dkih lica. Unutra\u0161nji transport igra veoma va\u017enu ulogu u povezivanju ljudi, ali i rastu ekonomije, kako na lokalnom (mikro), tako i na globalnom (makro) nivou. [&hellip;]<\/p>","protected":false},"author":1,"featured_media":0,"parent":1929,"menu_order":0,"comment_status":"closed","ping_status":"closed","template":"","meta":{"footnotes":""},"class_list":["post-2063","page","type-page","status-publish","hentry","entry"],"yoast_head":"<!-- This site is optimized with the Yoast SEO plugin v26.3 - https:\/\/yoast.com\/wordpress\/plugins\/seo\/ -->\n<title>Unutra\u0161nja distribucija - E-box Logistic<\/title>\n<meta name=\"robots\" content=\"index, follow, max-snippet:-1, max-image-preview:large, max-video-preview:-1\" \/>\n<link rel=\"canonical\" href=\"https:\/\/e-boxlogistic.net\/en\/industrije\/unutrasnja-distribucija\/\" \/>\n<meta property=\"og:locale\" content=\"en_US\" \/>\n<meta property=\"og:type\" content=\"article\" \/>\n<meta property=\"og:title\" content=\"Unutra\u0161nja distribucija - E-box Logistic\" \/>\n<meta property=\"og:description\" content=\"Unutra\u0161nja distribucija Doma\u0107i transport robe\u00a0podjednako je va\u017ean i esencijalan kao i\u00a0me\u0111unarodni transport robe. Distribucija i transport omogu\u0107avaju komunikaciju, trgovinu, ali i sve druge vidove razmena dobara izme\u0111u kompanija, firmi i fizi\u010dkih lica. Unutra\u0161nji transport igra veoma va\u017enu ulogu u povezivanju ljudi, ali i rastu ekonomije, kako na lokalnom (mikro), tako i na globalnom (makro) nivou. [&hellip;]\" \/>\n<meta property=\"og:url\" content=\"https:\/\/e-boxlogistic.net\/en\/industrije\/unutrasnja-distribucija\/\" \/>\n<meta property=\"og:site_name\" content=\"E-box Logistic\" \/>\n<meta property=\"article:modified_time\" content=\"2024-03-25T07:27:02+00:00\" \/>\n<meta property=\"og:image\" content=\"https:\/\/e-boxlogistic.net\/wp-content\/uploads\/2024\/02\/217811688_m_normal_none-1024x574.webp\" \/>\n<meta name=\"twitter:card\" content=\"summary_large_image\" \/>\n<meta name=\"twitter:label1\" content=\"Est. reading time\" \/>\n\t<meta name=\"twitter:data1\" content=\"2 minutes\" \/>\n<script type=\"application\/ld+json\" class=\"yoast-schema-graph\">{\"@context\":\"https:\/\/schema.org\",\"@graph\":[{\"@type\":\"WebPage\",\"@id\":\"https:\/\/e-boxlogistic.net\/industrije\/unutrasnja-distribucija\/\",\"url\":\"https:\/\/e-boxlogistic.net\/industrije\/unutrasnja-distribucija\/\",\"name\":\"Unutra\u0161nja distribucija - E-box Logistic\",\"isPartOf\":{\"@id\":\"https:\/\/e-boxlogistic.net\/#website\"},\"primaryImageOfPage\":{\"@id\":\"https:\/\/e-boxlogistic.net\/industrije\/unutrasnja-distribucija\/#primaryimage\"},\"image\":{\"@id\":\"https:\/\/e-boxlogistic.net\/industrije\/unutrasnja-distribucija\/#primaryimage\"},\"thumbnailUrl\":\"https:\/\/e-boxlogistic.net\/wp-content\/uploads\/2024\/02\/217811688_m_normal_none-1024x574.webp\",\"datePublished\":\"2024-02-08T12:12:28+00:00\",\"dateModified\":\"2024-03-25T07:27:02+00:00\",\"breadcrumb\":{\"@id\":\"https:\/\/e-boxlogistic.net\/industrije\/unutrasnja-distribucija\/#breadcrumb\"},\"inLanguage\":\"en-US\",\"potentialAction\":[{\"@type\":\"ReadAction\",\"target\":[\"https:\/\/e-boxlogistic.net\/industrije\/unutrasnja-distribucija\/\"]}]},{\"@type\":\"ImageObject\",\"inLanguage\":\"en-US\",\"@id\":\"https:\/\/e-boxlogistic.net\/industrije\/unutrasnja-distribucija\/#primaryimage\",\"url\":\"https:\/\/e-boxlogistic.net\/wp-content\/uploads\/2024\/02\/217811688_m_normal_none-1024x574.webp\",\"contentUrl\":\"https:\/\/e-boxlogistic.net\/wp-content\/uploads\/2024\/02\/217811688_m_normal_none-1024x574.webp\"},{\"@type\":\"BreadcrumbList\",\"@id\":\"https:\/\/e-boxlogistic.net\/industrije\/unutrasnja-distribucija\/#breadcrumb\",\"itemListElement\":[{\"@type\":\"ListItem\",\"position\":1,\"name\":\"Home\",\"item\":\"https:\/\/e-boxlogistic.net\/\"},{\"@type\":\"ListItem\",\"position\":2,\"name\":\"Sektori industrije\",\"item\":\"https:\/\/e-boxlogistic.net\/industrije\/\"},{\"@type\":\"ListItem\",\"position\":3,\"name\":\"Unutra\u0161nja distribucija\"}]},{\"@type\":\"WebSite\",\"@id\":\"https:\/\/e-boxlogistic.net\/#website\",\"url\":\"https:\/\/e-boxlogistic.net\/\",\"name\":\"E-box Logistic\",\"description\":\"Transportna Logistika\",\"publisher\":{\"@id\":\"https:\/\/e-boxlogistic.net\/#organization\"},\"potentialAction\":[{\"@type\":\"SearchAction\",\"target\":{\"@type\":\"EntryPoint\",\"urlTemplate\":\"https:\/\/e-boxlogistic.net\/?s={search_term_string}\"},\"query-input\":{\"@type\":\"PropertyValueSpecification\",\"valueRequired\":true,\"valueName\":\"search_term_string\"}}],\"inLanguage\":\"en-US\"},{\"@type\":\"Organization\",\"@id\":\"https:\/\/e-boxlogistic.net\/#organization\",\"name\":\"E-box Logistic\",\"url\":\"https:\/\/e-boxlogistic.net\/\",\"logo\":{\"@type\":\"ImageObject\",\"inLanguage\":\"en-US\",\"@id\":\"https:\/\/e-boxlogistic.net\/#\/schema\/logo\/image\/\",\"url\":\"https:\/\/e-boxlogistic.net\/wp-content\/uploads\/2022\/11\/cropped-cropped-400_filter_nobg_626936def3669.webp\",\"contentUrl\":\"https:\/\/e-boxlogistic.net\/wp-content\/uploads\/2022\/11\/cropped-cropped-400_filter_nobg_626936def3669.webp\",\"width\":512,\"height\":512,\"caption\":\"E-box Logistic\"},\"image\":{\"@id\":\"https:\/\/e-boxlogistic.net\/#\/schema\/logo\/image\/\"}}]}<\/script>\n<!-- \/ Yoast SEO plugin. -->","yoast_head_json":{"title":"Unutra\u0161nja distribucija - E-box Logistic","robots":{"index":"index","follow":"follow","max-snippet":"max-snippet:-1","max-image-preview":"max-image-preview:large","max-video-preview":"max-video-preview:-1"},"canonical":"https:\/\/e-boxlogistic.net\/en\/industrije\/unutrasnja-distribucija\/","og_locale":"en_US","og_type":"article","og_title":"Unutra\u0161nja distribucija - E-box Logistic","og_description":"Unutra\u0161nja distribucija Doma\u0107i transport robe\u00a0podjednako je va\u017ean i esencijalan kao i\u00a0me\u0111unarodni transport robe. Distribucija i transport omogu\u0107avaju komunikaciju, trgovinu, ali i sve druge vidove razmena dobara izme\u0111u kompanija, firmi i fizi\u010dkih lica. Unutra\u0161nji transport igra veoma va\u017enu ulogu u povezivanju ljudi, ali i rastu ekonomije, kako na lokalnom (mikro), tako i na globalnom (makro) nivou. [&hellip;]","og_url":"https:\/\/e-boxlogistic.net\/en\/industrije\/unutrasnja-distribucija\/","og_site_name":"E-box Logistic","article_modified_time":"2024-03-25T07:27:02+00:00","og_image":[{"url":"https:\/\/e-boxlogistic.net\/wp-content\/uploads\/2024\/02\/217811688_m_normal_none-1024x574.webp","type":"","width":"","height":""}],"twitter_card":"summary_large_image","twitter_misc":{"Est. reading time":"2 minutes"},"schema":{"@context":"https:\/\/schema.org","@graph":[{"@type":"WebPage","@id":"https:\/\/e-boxlogistic.net\/industrije\/unutrasnja-distribucija\/","url":"https:\/\/e-boxlogistic.net\/industrije\/unutrasnja-distribucija\/","name":"Unutra\u0161nja distribucija - E-box Logistic","isPartOf":{"@id":"https:\/\/e-boxlogistic.net\/#website"},"primaryImageOfPage":{"@id":"https:\/\/e-boxlogistic.net\/industrije\/unutrasnja-distribucija\/#primaryimage"},"image":{"@id":"https:\/\/e-boxlogistic.net\/industrije\/unutrasnja-distribucija\/#primaryimage"},"thumbnailUrl":"https:\/\/e-boxlogistic.net\/wp-content\/uploads\/2024\/02\/217811688_m_normal_none-1024x574.webp","datePublished":"2024-02-08T12:12:28+00:00","dateModified":"2024-03-25T07:27:02+00:00","breadcrumb":{"@id":"https:\/\/e-boxlogistic.net\/industrije\/unutrasnja-distribucija\/#breadcrumb"},"inLanguage":"en-US","potentialAction":[{"@type":"ReadAction","target":["https:\/\/e-boxlogistic.net\/industrije\/unutrasnja-distribucija\/"]}]},{"@type":"ImageObject","inLanguage":"en-US","@id":"https:\/\/e-boxlogistic.net\/industrije\/unutrasnja-distribucija\/#primaryimage","url":"https:\/\/e-boxlogistic.net\/wp-content\/uploads\/2024\/02\/217811688_m_normal_none-1024x574.webp","contentUrl":"https:\/\/e-boxlogistic.net\/wp-content\/uploads\/2024\/02\/217811688_m_normal_none-1024x574.webp"},{"@type":"BreadcrumbList","@id":"https:\/\/e-boxlogistic.net\/industrije\/unutrasnja-distribucija\/#breadcrumb","itemListElement":[{"@type":"ListItem","position":1,"name":"Home","item":"https:\/\/e-boxlogistic.net\/"},{"@type":"ListItem","position":2,"name":"Sektori industrije","item":"https:\/\/e-boxlogistic.net\/industrije\/"},{"@type":"ListItem","position":3,"name":"Unutra\u0161nja distribucija"}]},{"@type":"WebSite","@id":"https:\/\/e-boxlogistic.net\/#website","url":"https:\/\/e-boxlogistic.net\/","name":"E-box Logistic","description":"Transportna Logistika","publisher":{"@id":"https:\/\/e-boxlogistic.net\/#organization"},"potentialAction":[{"@type":"SearchAction","target":{"@type":"EntryPoint","urlTemplate":"https:\/\/e-boxlogistic.net\/?s={search_term_string}"},"query-input":{"@type":"PropertyValueSpecification","valueRequired":true,"valueName":"search_term_string"}}],"inLanguage":"en-US"},{"@type":"Organization","@id":"https:\/\/e-boxlogistic.net\/#organization","name":"E-box Logistic","url":"https:\/\/e-boxlogistic.net\/","logo":{"@type":"ImageObject","inLanguage":"en-US","@id":"https:\/\/e-boxlogistic.net\/#\/schema\/logo\/image\/","url":"https:\/\/e-boxlogistic.net\/wp-content\/uploads\/2022\/11\/cropped-cropped-400_filter_nobg_626936def3669.webp","contentUrl":"https:\/\/e-boxlogistic.net\/wp-content\/uploads\/2022\/11\/cropped-cropped-400_filter_nobg_626936def3669.webp","width":512,"height":512,"caption":"E-box Logistic"},"image":{"@id":"https:\/\/e-boxlogistic.net\/#\/schema\/logo\/image\/"}}]}},"_links":{"self":[{"href":"https:\/\/e-boxlogistic.net\/en\/wp-json\/wp\/v2\/pages\/2063","targetHints":{"allow":["GET"]}}],"collection":[{"href":"https:\/\/e-boxlogistic.net\/en\/wp-json\/wp\/v2\/pages"}],"about":[{"href":"https:\/\/e-boxlogistic.net\/en\/wp-json\/wp\/v2\/types\/page"}],"author":[{"embeddable":true,"href":"https:\/\/e-boxlogistic.net\/en\/wp-json\/wp\/v2\/users\/1"}],"replies":[{"embeddable":true,"href":"https:\/\/e-boxlogistic.net\/en\/wp-json\/wp\/v2\/comments?post=2063"}],"version-history":[{"count":10,"href":"https:\/\/e-boxlogistic.net\/en\/wp-json\/wp\/v2\/pages\/2063\/revisions"}],"predecessor-version":[{"id":2423,"href":"https:\/\/e-boxlogistic.net\/en\/wp-json\/wp\/v2\/pages\/2063\/revisions\/2423"}],"up":[{"embeddable":true,"href":"https:\/\/e-boxlogistic.net\/en\/wp-json\/wp\/v2\/pages\/1929"}],"wp:attachment":[{"href":"https:\/\/e-boxlogistic.net\/en\/wp-json\/wp\/v2\/media?parent=2063"}],"curies":[{"name":"wp","href":"https:\/\/api.w.org\/{rel}","templated":true}]}}