{"id":2072,"date":"2024-02-08T12:18:26","date_gmt":"2024-02-08T12:18:26","guid":{"rendered":"https:\/\/e-boxlogistic.net\/?page_id=2072"},"modified":"2024-03-25T07:27:50","modified_gmt":"2024-03-25T07:27:50","slug":"gradjevinarstvo","status":"publish","type":"page","link":"https:\/\/e-boxlogistic.net\/en\/industrije\/gradjevinarstvo\/","title":{"rendered":"Gra\u0111evinarstvo"},"content":{"rendered":"<div data-elementor-type=\"wp-page\" data-elementor-id=\"2072\" class=\"elementor elementor-2072\" data-elementor-post-type=\"page\">\n\t\t\t\t\t\t<section class=\"elementor-section elementor-top-section elementor-element elementor-element-d4066d9 elementor-section-boxed elementor-section-height-default elementor-section-height-default\" data-id=\"d4066d9\" data-element_type=\"section\">\n\t\t\t\t\t\t<div class=\"elementor-container elementor-column-gap-default\">\n\t\t\t\t\t<div class=\"elementor-column elementor-col-100 elementor-top-column elementor-element elementor-element-503992a\" data-id=\"503992a\" data-element_type=\"column\">\n\t\t\t<div class=\"elementor-widget-wrap elementor-element-populated\">\n\t\t\t\t\t\t<div class=\"elementor-element elementor-element-e91ef6d elementor-widget elementor-widget-breadcrumbs\" data-id=\"e91ef6d\" data-element_type=\"widget\" data-widget_type=\"breadcrumbs.default\">\n\t\t\t\t<div class=\"elementor-widget-container\">\n\t\t\t\t\t<p id=\"breadcrumbs\"><span><span><a href=\"https:\/\/e-boxlogistic.net\/en\/\">Home<\/a><\/span><\/span><\/p>\t\t\t\t<\/div>\n\t\t\t\t<\/div>\n\t\t\t\t\t<\/div>\n\t\t<\/div>\n\t\t\t\t\t<\/div>\n\t\t<\/section>\n\t\t\t\t<section class=\"elementor-section elementor-top-section elementor-element elementor-element-9ecbcf8 elementor-section-boxed elementor-section-height-default elementor-section-height-default\" data-id=\"9ecbcf8\" data-element_type=\"section\">\n\t\t\t\t\t\t<div class=\"elementor-container elementor-column-gap-default\">\n\t\t\t\t\t<div class=\"elementor-column elementor-col-100 elementor-top-column elementor-element elementor-element-eb7761e\" data-id=\"eb7761e\" data-element_type=\"column\">\n\t\t\t<div class=\"elementor-widget-wrap elementor-element-populated\">\n\t\t\t\t\t\t<div class=\"elementor-element elementor-element-57b4164 elementor-headline--style-highlight elementor-widget elementor-widget-animated-headline\" data-id=\"57b4164\" data-element_type=\"widget\" data-settings=\"{&quot;highlighted_text&quot;:&quot;Gra\\u0111evinarstvo&quot;,&quot;marker&quot;:&quot;double_underline&quot;,&quot;headline_style&quot;:&quot;highlight&quot;,&quot;loop&quot;:&quot;yes&quot;,&quot;highlight_animation_duration&quot;:1200,&quot;highlight_iteration_delay&quot;:8000}\" data-widget_type=\"animated-headline.default\">\n\t\t\t\t<div class=\"elementor-widget-container\">\n\t\t\t\t\t\t\t<h1 class=\"elementor-headline\">\n\t\t\t\t<span class=\"elementor-headline-dynamic-wrapper elementor-headline-text-wrapper\">\n\t\t\t\t\t<span class=\"elementor-headline-dynamic-text elementor-headline-text-active\">Gra\u0111evinarstvo<\/span>\n\t\t\t\t<\/span>\n\t\t\t\t<\/h1>\n\t\t\t\t\t\t<\/div>\n\t\t\t\t<\/div>\n\t\t\t\t\t<\/div>\n\t\t<\/div>\n\t\t\t\t\t<\/div>\n\t\t<\/section>\n\t\t\t\t<section class=\"elementor-section elementor-top-section elementor-element elementor-element-da8ad7a elementor-section-content-middle elementor-section-full_width elementor-section-height-default elementor-section-height-default\" data-id=\"da8ad7a\" data-element_type=\"section\" data-settings=\"{&quot;background_background&quot;:&quot;classic&quot;}\">\n\t\t\t\t\t\t<div class=\"elementor-container elementor-column-gap-no\">\n\t\t\t\t\t<div class=\"elementor-column elementor-col-50 elementor-top-column elementor-element elementor-element-781ad60\" data-id=\"781ad60\" data-element_type=\"column\">\n\t\t\t<div class=\"elementor-widget-wrap elementor-element-populated\">\n\t\t\t\t\t\t<div class=\"elementor-element elementor-element-db0d4af elementor-widget elementor-widget-text-editor\" data-id=\"db0d4af\" data-element_type=\"widget\" data-settings=\"{&quot;_animation&quot;:&quot;none&quot;,&quot;_animation_delay&quot;:200}\" data-widget_type=\"text-editor.default\">\n\t\t\t\t<div class=\"elementor-widget-container\">\n\t\t\t\t\t\t\t\t\t<p>Primena gra\u0111evinskih ma\u0161ina jedan je od najva\u017enijih faktora neophodnih za realizaciju bilo kog gra\u0111evinskog projekta. A da bi gra\u0111evinarstvo bele\u017eilo napredak, od su\u0161tinskog zna\u010daja je konstantni razvoj i usavr\u0161avanje radnih karakteristika ma\u0161ina &#8211; brzine kretanja i manevarskih sposobnosti, veli\u010dine, efikasnosti i mnogih drugih.\u00a0<\/p>\t\t\t\t\t\t\t\t<\/div>\n\t\t\t\t<\/div>\n\t\t\t\t\t<\/div>\n\t\t<\/div>\n\t\t\t\t<div class=\"elementor-column elementor-col-50 elementor-top-column elementor-element elementor-element-2982971\" data-id=\"2982971\" data-element_type=\"column\" data-settings=\"{&quot;background_background&quot;:&quot;classic&quot;}\">\n\t\t\t<div class=\"elementor-widget-wrap elementor-element-populated\">\n\t\t\t\t\t<div class=\"elementor-background-overlay\"><\/div>\n\t\t\t\t\t\t<div class=\"elementor-element elementor-element-8f775cf elementor-widget elementor-widget-image\" data-id=\"8f775cf\" data-element_type=\"widget\" data-widget_type=\"image.default\">\n\t\t\t\t<div class=\"elementor-widget-container\">\n\t\t\t\t\t\t\t\t\t\t\t\t\t\t\t<img fetchpriority=\"high\" decoding=\"async\" width=\"1024\" height=\"574\" src=\"https:\/\/e-boxlogistic.net\/wp-content\/uploads\/2024\/02\/214901926_m_normal_none-1024x574.webp\" class=\"attachment-large size-large wp-image-1963\" alt=\"\" srcset=\"https:\/\/e-boxlogistic.net\/wp-content\/uploads\/2024\/02\/214901926_m_normal_none-1024x574.webp 1024w, https:\/\/e-boxlogistic.net\/wp-content\/uploads\/2024\/02\/214901926_m_normal_none-300x168.webp 300w, https:\/\/e-boxlogistic.net\/wp-content\/uploads\/2024\/02\/214901926_m_normal_none-768x430.webp 768w, https:\/\/e-boxlogistic.net\/wp-content\/uploads\/2024\/02\/214901926_m_normal_none-1536x861.webp 1536w, https:\/\/e-boxlogistic.net\/wp-content\/uploads\/2024\/02\/214901926_m_normal_none-2048x1148.webp 2048w, https:\/\/e-boxlogistic.net\/wp-content\/uploads\/2024\/02\/214901926_m_normal_none-18x10.webp 18w\" sizes=\"(max-width: 1024px) 100vw, 1024px\" \/>\t\t\t\t\t\t\t\t\t\t\t\t\t\t\t<\/div>\n\t\t\t\t<\/div>\n\t\t\t\t\t<\/div>\n\t\t<\/div>\n\t\t\t\t\t<\/div>\n\t\t<\/section>\n\t\t\t\t<section class=\"elementor-section elementor-top-section elementor-element elementor-element-0f2ea8e elementor-section-content-middle elementor-section-full_width elementor-section-height-default elementor-section-height-default\" data-id=\"0f2ea8e\" data-element_type=\"section\" data-settings=\"{&quot;background_background&quot;:&quot;classic&quot;}\">\n\t\t\t\t\t\t<div class=\"elementor-container elementor-column-gap-no\">\n\t\t\t\t\t<div class=\"elementor-column elementor-col-100 elementor-top-column elementor-element elementor-element-88a5eeb\" data-id=\"88a5eeb\" data-element_type=\"column\">\n\t\t\t<div class=\"elementor-widget-wrap elementor-element-populated\">\n\t\t\t\t\t\t<div class=\"elementor-element elementor-element-162d7d2 elementor-widget elementor-widget-text-editor\" data-id=\"162d7d2\" data-element_type=\"widget\" data-settings=\"{&quot;_animation&quot;:&quot;none&quot;,&quot;_animation_delay&quot;:200}\" data-widget_type=\"text-editor.default\">\n\t\t\t\t<div class=\"elementor-widget-container\">\n\t\t\t\t\t\t\t\t\t<p>Ma\u0161ine za dizanje i transport tereta se koriste kako bi se gra\u0111evinski materijal i gotovi elementi, koji se ugra\u0111uju u objekat preneli od mesta skladi\u0161tenja do mesta ugradnje i podigli na zapo\u010detu gra\u0111evinu. E-Box Logistic <a href=\"https:\/\/e-boxlogistic.net\/en\/gps-pracenje-vozila\/\">GPS sistem<\/a> pru\u017ea Vam uvid u rad ma\u0161ina na terenu. Parametari koje mo\u017eemo u realnom vremenu o\u010ditati i obraditi u na\u0161oj aplikaciji su:<\/p><p><span style=\"color: #e79d1a;\">\u2713<\/span> pozicija vozila<\/p><p><span style=\"color: #e79d1a;\">\u2713 <\/span>status vozila i ma\u0161ine (upaljen \/ uga\u0161en)<\/p><p><span style=\"color: #e79d1a;\">\u2713<\/span> ruta kretanja<\/p><p><span style=\"color: #e79d1a;\">\u2713<\/span> nivo goriva u rezervoaru<\/p><p><span style=\"color: #e79d1a;\">\u2713<\/span> sipanja i kra\u0111a goriva<\/p><p><span style=\"color: #e79d1a;\">\u2713 <\/span>broj obrtaja motora<\/p><p><span style=\"color: #e79d1a;\">\u2713 <\/span>temperatura motora<\/p><p><span style=\"color: #e79d1a;\">\u2713 <\/span>napon akumulatora<\/p><p><span style=\"color: #e79d1a;\">\u2713 <\/span>pritisak papu\u010dice gasa<\/p><p><span style=\"color: #e79d1a;\">\u2713<\/span> pre\u0111ena kilometra\u017ea<\/p><p><span style=\"color: #e79d1a;\">\u2713<\/span> efektivni rad motora<\/p><p><span style=\"color: #e79d1a;\">\u2713<\/span> stajanje i zadr\u017eavanje<\/p>\t\t\t\t\t\t\t\t<\/div>\n\t\t\t\t<\/div>\n\t\t\t\t\t<\/div>\n\t\t<\/div>\n\t\t\t\t\t<\/div>\n\t\t<\/section>\n\t\t\t\t<section class=\"elementor-section elementor-top-section elementor-element elementor-element-ed38b34 elementor-section-content-middle elementor-section-boxed elementor-section-height-default elementor-section-height-default\" data-id=\"ed38b34\" data-element_type=\"section\" data-settings=\"{&quot;background_background&quot;:&quot;classic&quot;,&quot;shape_divider_bottom&quot;:&quot;tilt&quot;}\">\n\t\t\t\t\t<div class=\"elementor-shape elementor-shape-bottom\" aria-hidden=\"true\" data-negative=\"false\">\n\t\t\t<svg xmlns=\"http:\/\/www.w3.org\/2000\/svg\" viewbox=\"0 0 1000 100\" preserveaspectratio=\"none\">\n\t<path class=\"elementor-shape-fill\" d=\"M0,6V0h1000v100L0,6z\"\/>\n<\/svg>\t\t<\/div>\n\t\t\t\t\t<div class=\"elementor-container elementor-column-gap-no\">\n\t\t\t\t\t<div class=\"elementor-column elementor-col-100 elementor-top-column elementor-element elementor-element-a78fa29\" data-id=\"a78fa29\" data-element_type=\"column\">\n\t\t\t<div class=\"elementor-widget-wrap elementor-element-populated\">\n\t\t\t\t\t\t<div class=\"elementor-element elementor-element-118410b elementor-widget elementor-widget-heading\" data-id=\"118410b\" data-element_type=\"widget\" data-widget_type=\"heading.default\">\n\t\t\t\t<div class=\"elementor-widget-container\">\n\t\t\t\t\t<h2 class=\"elementor-heading-title elementor-size-default\">Potrebna vam je logisti\u010dka podr\u0161ka za gra\u0111evinarstvo?<\/h2>\t\t\t\t<\/div>\n\t\t\t\t<\/div>\n\t\t\t\t<div class=\"elementor-element elementor-element-57d883c elementor-align-center elementor-widget elementor-widget-button\" data-id=\"57d883c\" data-element_type=\"widget\" data-settings=\"{&quot;_animation&quot;:&quot;none&quot;}\" data-widget_type=\"button.default\">\n\t\t\t\t<div class=\"elementor-widget-container\">\n\t\t\t\t\t\t\t\t\t<div class=\"elementor-button-wrapper\">\n\t\t\t\t\t<a class=\"elementor-button elementor-button-link elementor-size-md elementor-animation-grow\" href=\"tel:+381603522009\" id=\"eventButton\">\n\t\t\t\t\t\t<span class=\"elementor-button-content-wrapper\">\n\t\t\t\t\t\t\t\t\t<span class=\"elementor-button-text\">Zaka\u017eite konsultacije za gra\u0111evinsku firmu \u2706<\/span>\n\t\t\t\t\t<\/span>\n\t\t\t\t\t<\/a>\n\t\t\t\t<\/div>\n\t\t\t\t\t\t\t\t<\/div>\n\t\t\t\t<\/div>\n\t\t\t\t\t<\/div>\n\t\t<\/div>\n\t\t\t\t\t<\/div>\n\t\t<\/section>\n\t\t\t\t<\/div>","protected":false},"excerpt":{"rendered":"<p>Gra\u0111evinarstvo Primena gra\u0111evinskih ma\u0161ina jedan je od najva\u017enijih faktora neophodnih za realizaciju bilo kog gra\u0111evinskog projekta. A da bi gra\u0111evinarstvo bele\u017eilo napredak, od su\u0161tinskog zna\u010daja je konstantni razvoj i usavr\u0161avanje radnih karakteristika ma\u0161ina &#8211; brzine kretanja i manevarskih sposobnosti, veli\u010dine, efikasnosti i mnogih drugih.\u00a0 Ma\u0161ine za dizanje i transport tereta se koriste kako bi se [&hellip;]<\/p>","protected":false},"author":1,"featured_media":0,"parent":1929,"menu_order":0,"comment_status":"closed","ping_status":"closed","template":"","meta":{"footnotes":""},"class_list":["post-2072","page","type-page","status-publish","hentry","entry"],"yoast_head":"<!-- This site is optimized with the Yoast SEO plugin v26.3 - https:\/\/yoast.com\/wordpress\/plugins\/seo\/ -->\n<title>Gra\u0111evinarstvo - E-box Logistic<\/title>\n<meta name=\"robots\" content=\"index, follow, max-snippet:-1, max-image-preview:large, max-video-preview:-1\" \/>\n<link rel=\"canonical\" href=\"https:\/\/e-boxlogistic.net\/en\/industrije\/gradjevinarstvo\/\" \/>\n<meta property=\"og:locale\" content=\"en_US\" \/>\n<meta property=\"og:type\" content=\"article\" \/>\n<meta property=\"og:title\" content=\"Gra\u0111evinarstvo - E-box Logistic\" \/>\n<meta property=\"og:description\" content=\"Gra\u0111evinarstvo Primena gra\u0111evinskih ma\u0161ina jedan je od najva\u017enijih faktora neophodnih za realizaciju bilo kog gra\u0111evinskog projekta. A da bi gra\u0111evinarstvo bele\u017eilo napredak, od su\u0161tinskog zna\u010daja je konstantni razvoj i usavr\u0161avanje radnih karakteristika ma\u0161ina &#8211; brzine kretanja i manevarskih sposobnosti, veli\u010dine, efikasnosti i mnogih drugih.\u00a0 Ma\u0161ine za dizanje i transport tereta se koriste kako bi se [&hellip;]\" \/>\n<meta property=\"og:url\" content=\"https:\/\/e-boxlogistic.net\/en\/industrije\/gradjevinarstvo\/\" \/>\n<meta property=\"og:site_name\" content=\"E-box Logistic\" \/>\n<meta property=\"article:modified_time\" content=\"2024-03-25T07:27:50+00:00\" \/>\n<meta property=\"og:image\" content=\"https:\/\/e-boxlogistic.net\/wp-content\/uploads\/2024\/02\/214901926_m_normal_none-1024x574.webp\" \/>\n<meta name=\"twitter:card\" content=\"summary_large_image\" \/>\n<meta name=\"twitter:label1\" content=\"Est. reading time\" \/>\n\t<meta name=\"twitter:data1\" content=\"2 minutes\" \/>\n<script type=\"application\/ld+json\" class=\"yoast-schema-graph\">{\"@context\":\"https:\/\/schema.org\",\"@graph\":[{\"@type\":\"WebPage\",\"@id\":\"https:\/\/e-boxlogistic.net\/industrije\/gradjevinarstvo\/\",\"url\":\"https:\/\/e-boxlogistic.net\/industrije\/gradjevinarstvo\/\",\"name\":\"Gra\u0111evinarstvo - E-box Logistic\",\"isPartOf\":{\"@id\":\"https:\/\/e-boxlogistic.net\/#website\"},\"primaryImageOfPage\":{\"@id\":\"https:\/\/e-boxlogistic.net\/industrije\/gradjevinarstvo\/#primaryimage\"},\"image\":{\"@id\":\"https:\/\/e-boxlogistic.net\/industrije\/gradjevinarstvo\/#primaryimage\"},\"thumbnailUrl\":\"https:\/\/e-boxlogistic.net\/wp-content\/uploads\/2024\/02\/214901926_m_normal_none-1024x574.webp\",\"datePublished\":\"2024-02-08T12:18:26+00:00\",\"dateModified\":\"2024-03-25T07:27:50+00:00\",\"breadcrumb\":{\"@id\":\"https:\/\/e-boxlogistic.net\/industrije\/gradjevinarstvo\/#breadcrumb\"},\"inLanguage\":\"en-US\",\"potentialAction\":[{\"@type\":\"ReadAction\",\"target\":[\"https:\/\/e-boxlogistic.net\/industrije\/gradjevinarstvo\/\"]}]},{\"@type\":\"ImageObject\",\"inLanguage\":\"en-US\",\"@id\":\"https:\/\/e-boxlogistic.net\/industrije\/gradjevinarstvo\/#primaryimage\",\"url\":\"https:\/\/e-boxlogistic.net\/wp-content\/uploads\/2024\/02\/214901926_m_normal_none-1024x574.webp\",\"contentUrl\":\"https:\/\/e-boxlogistic.net\/wp-content\/uploads\/2024\/02\/214901926_m_normal_none-1024x574.webp\"},{\"@type\":\"BreadcrumbList\",\"@id\":\"https:\/\/e-boxlogistic.net\/industrije\/gradjevinarstvo\/#breadcrumb\",\"itemListElement\":[{\"@type\":\"ListItem\",\"position\":1,\"name\":\"Home\",\"item\":\"https:\/\/e-boxlogistic.net\/\"},{\"@type\":\"ListItem\",\"position\":2,\"name\":\"Sektori industrije\",\"item\":\"https:\/\/e-boxlogistic.net\/industrije\/\"},{\"@type\":\"ListItem\",\"position\":3,\"name\":\"Gra\u0111evinarstvo\"}]},{\"@type\":\"WebSite\",\"@id\":\"https:\/\/e-boxlogistic.net\/#website\",\"url\":\"https:\/\/e-boxlogistic.net\/\",\"name\":\"E-box Logistic\",\"description\":\"Transportna Logistika\",\"publisher\":{\"@id\":\"https:\/\/e-boxlogistic.net\/#organization\"},\"potentialAction\":[{\"@type\":\"SearchAction\",\"target\":{\"@type\":\"EntryPoint\",\"urlTemplate\":\"https:\/\/e-boxlogistic.net\/?s={search_term_string}\"},\"query-input\":{\"@type\":\"PropertyValueSpecification\",\"valueRequired\":true,\"valueName\":\"search_term_string\"}}],\"inLanguage\":\"en-US\"},{\"@type\":\"Organization\",\"@id\":\"https:\/\/e-boxlogistic.net\/#organization\",\"name\":\"E-box Logistic\",\"url\":\"https:\/\/e-boxlogistic.net\/\",\"logo\":{\"@type\":\"ImageObject\",\"inLanguage\":\"en-US\",\"@id\":\"https:\/\/e-boxlogistic.net\/#\/schema\/logo\/image\/\",\"url\":\"https:\/\/e-boxlogistic.net\/wp-content\/uploads\/2022\/11\/cropped-cropped-400_filter_nobg_626936def3669.webp\",\"contentUrl\":\"https:\/\/e-boxlogistic.net\/wp-content\/uploads\/2022\/11\/cropped-cropped-400_filter_nobg_626936def3669.webp\",\"width\":512,\"height\":512,\"caption\":\"E-box Logistic\"},\"image\":{\"@id\":\"https:\/\/e-boxlogistic.net\/#\/schema\/logo\/image\/\"}}]}<\/script>\n<!-- \/ Yoast SEO plugin. -->","yoast_head_json":{"title":"Gra\u0111evinarstvo - E-box Logistic","robots":{"index":"index","follow":"follow","max-snippet":"max-snippet:-1","max-image-preview":"max-image-preview:large","max-video-preview":"max-video-preview:-1"},"canonical":"https:\/\/e-boxlogistic.net\/en\/industrije\/gradjevinarstvo\/","og_locale":"en_US","og_type":"article","og_title":"Gra\u0111evinarstvo - E-box Logistic","og_description":"Gra\u0111evinarstvo Primena gra\u0111evinskih ma\u0161ina jedan je od najva\u017enijih faktora neophodnih za realizaciju bilo kog gra\u0111evinskog projekta. A da bi gra\u0111evinarstvo bele\u017eilo napredak, od su\u0161tinskog zna\u010daja je konstantni razvoj i usavr\u0161avanje radnih karakteristika ma\u0161ina &#8211; brzine kretanja i manevarskih sposobnosti, veli\u010dine, efikasnosti i mnogih drugih.\u00a0 Ma\u0161ine za dizanje i transport tereta se koriste kako bi se [&hellip;]","og_url":"https:\/\/e-boxlogistic.net\/en\/industrije\/gradjevinarstvo\/","og_site_name":"E-box Logistic","article_modified_time":"2024-03-25T07:27:50+00:00","og_image":[{"url":"https:\/\/e-boxlogistic.net\/wp-content\/uploads\/2024\/02\/214901926_m_normal_none-1024x574.webp","type":"","width":"","height":""}],"twitter_card":"summary_large_image","twitter_misc":{"Est. reading time":"2 minutes"},"schema":{"@context":"https:\/\/schema.org","@graph":[{"@type":"WebPage","@id":"https:\/\/e-boxlogistic.net\/industrije\/gradjevinarstvo\/","url":"https:\/\/e-boxlogistic.net\/industrije\/gradjevinarstvo\/","name":"Gra\u0111evinarstvo - E-box Logistic","isPartOf":{"@id":"https:\/\/e-boxlogistic.net\/#website"},"primaryImageOfPage":{"@id":"https:\/\/e-boxlogistic.net\/industrije\/gradjevinarstvo\/#primaryimage"},"image":{"@id":"https:\/\/e-boxlogistic.net\/industrije\/gradjevinarstvo\/#primaryimage"},"thumbnailUrl":"https:\/\/e-boxlogistic.net\/wp-content\/uploads\/2024\/02\/214901926_m_normal_none-1024x574.webp","datePublished":"2024-02-08T12:18:26+00:00","dateModified":"2024-03-25T07:27:50+00:00","breadcrumb":{"@id":"https:\/\/e-boxlogistic.net\/industrije\/gradjevinarstvo\/#breadcrumb"},"inLanguage":"en-US","potentialAction":[{"@type":"ReadAction","target":["https:\/\/e-boxlogistic.net\/industrije\/gradjevinarstvo\/"]}]},{"@type":"ImageObject","inLanguage":"en-US","@id":"https:\/\/e-boxlogistic.net\/industrije\/gradjevinarstvo\/#primaryimage","url":"https:\/\/e-boxlogistic.net\/wp-content\/uploads\/2024\/02\/214901926_m_normal_none-1024x574.webp","contentUrl":"https:\/\/e-boxlogistic.net\/wp-content\/uploads\/2024\/02\/214901926_m_normal_none-1024x574.webp"},{"@type":"BreadcrumbList","@id":"https:\/\/e-boxlogistic.net\/industrije\/gradjevinarstvo\/#breadcrumb","itemListElement":[{"@type":"ListItem","position":1,"name":"Home","item":"https:\/\/e-boxlogistic.net\/"},{"@type":"ListItem","position":2,"name":"Sektori industrije","item":"https:\/\/e-boxlogistic.net\/industrije\/"},{"@type":"ListItem","position":3,"name":"Gra\u0111evinarstvo"}]},{"@type":"WebSite","@id":"https:\/\/e-boxlogistic.net\/#website","url":"https:\/\/e-boxlogistic.net\/","name":"E-box Logistic","description":"Transportna Logistika","publisher":{"@id":"https:\/\/e-boxlogistic.net\/#organization"},"potentialAction":[{"@type":"SearchAction","target":{"@type":"EntryPoint","urlTemplate":"https:\/\/e-boxlogistic.net\/?s={search_term_string}"},"query-input":{"@type":"PropertyValueSpecification","valueRequired":true,"valueName":"search_term_string"}}],"inLanguage":"en-US"},{"@type":"Organization","@id":"https:\/\/e-boxlogistic.net\/#organization","name":"E-box Logistic","url":"https:\/\/e-boxlogistic.net\/","logo":{"@type":"ImageObject","inLanguage":"en-US","@id":"https:\/\/e-boxlogistic.net\/#\/schema\/logo\/image\/","url":"https:\/\/e-boxlogistic.net\/wp-content\/uploads\/2022\/11\/cropped-cropped-400_filter_nobg_626936def3669.webp","contentUrl":"https:\/\/e-boxlogistic.net\/wp-content\/uploads\/2022\/11\/cropped-cropped-400_filter_nobg_626936def3669.webp","width":512,"height":512,"caption":"E-box Logistic"},"image":{"@id":"https:\/\/e-boxlogistic.net\/#\/schema\/logo\/image\/"}}]}},"_links":{"self":[{"href":"https:\/\/e-boxlogistic.net\/en\/wp-json\/wp\/v2\/pages\/2072","targetHints":{"allow":["GET"]}}],"collection":[{"href":"https:\/\/e-boxlogistic.net\/en\/wp-json\/wp\/v2\/pages"}],"about":[{"href":"https:\/\/e-boxlogistic.net\/en\/wp-json\/wp\/v2\/types\/page"}],"author":[{"embeddable":true,"href":"https:\/\/e-boxlogistic.net\/en\/wp-json\/wp\/v2\/users\/1"}],"replies":[{"embeddable":true,"href":"https:\/\/e-boxlogistic.net\/en\/wp-json\/wp\/v2\/comments?post=2072"}],"version-history":[{"count":16,"href":"https:\/\/e-boxlogistic.net\/en\/wp-json\/wp\/v2\/pages\/2072\/revisions"}],"predecessor-version":[{"id":2426,"href":"https:\/\/e-boxlogistic.net\/en\/wp-json\/wp\/v2\/pages\/2072\/revisions\/2426"}],"up":[{"embeddable":true,"href":"https:\/\/e-boxlogistic.net\/en\/wp-json\/wp\/v2\/pages\/1929"}],"wp:attachment":[{"href":"https:\/\/e-boxlogistic.net\/en\/wp-json\/wp\/v2\/media?parent=2072"}],"curies":[{"name":"wp","href":"https:\/\/api.w.org\/{rel}","templated":true}]}}