{"id":2078,"date":"2024-02-08T12:25:33","date_gmt":"2024-02-08T12:25:33","guid":{"rendered":"https:\/\/e-boxlogistic.net\/?page_id=2078"},"modified":"2024-03-25T07:28:19","modified_gmt":"2024-03-25T07:28:19","slug":"niskogradnja","status":"publish","type":"page","link":"https:\/\/e-boxlogistic.net\/en\/industrije\/niskogradnja\/","title":{"rendered":"Niskogradnja"},"content":{"rendered":"<div data-elementor-type=\"wp-page\" data-elementor-id=\"2078\" class=\"elementor elementor-2078\" data-elementor-post-type=\"page\">\n\t\t\t\t\t\t<section class=\"elementor-section elementor-top-section elementor-element elementor-element-647fd4a elementor-section-boxed elementor-section-height-default elementor-section-height-default\" data-id=\"647fd4a\" data-element_type=\"section\">\n\t\t\t\t\t\t<div class=\"elementor-container elementor-column-gap-default\">\n\t\t\t\t\t<div class=\"elementor-column elementor-col-100 elementor-top-column elementor-element elementor-element-b3700d0\" data-id=\"b3700d0\" data-element_type=\"column\">\n\t\t\t<div class=\"elementor-widget-wrap elementor-element-populated\">\n\t\t\t\t\t\t<div class=\"elementor-element elementor-element-335fadc elementor-widget elementor-widget-breadcrumbs\" data-id=\"335fadc\" data-element_type=\"widget\" data-widget_type=\"breadcrumbs.default\">\n\t\t\t\t<div class=\"elementor-widget-container\">\n\t\t\t\t\t<p id=\"breadcrumbs\"><span><span><a href=\"https:\/\/e-boxlogistic.net\/en\/\">Home<\/a><\/span><\/span><\/p>\t\t\t\t<\/div>\n\t\t\t\t<\/div>\n\t\t\t\t\t<\/div>\n\t\t<\/div>\n\t\t\t\t\t<\/div>\n\t\t<\/section>\n\t\t\t\t<section class=\"elementor-section elementor-top-section elementor-element elementor-element-4b31c7e elementor-section-boxed elementor-section-height-default elementor-section-height-default\" data-id=\"4b31c7e\" data-element_type=\"section\">\n\t\t\t\t\t\t<div class=\"elementor-container elementor-column-gap-default\">\n\t\t\t\t\t<div class=\"elementor-column elementor-col-100 elementor-top-column elementor-element elementor-element-af0d33a\" data-id=\"af0d33a\" data-element_type=\"column\">\n\t\t\t<div class=\"elementor-widget-wrap elementor-element-populated\">\n\t\t\t\t\t\t<div class=\"elementor-element elementor-element-3c7e03b elementor-headline--style-highlight elementor-widget elementor-widget-animated-headline\" data-id=\"3c7e03b\" data-element_type=\"widget\" data-settings=\"{&quot;highlighted_text&quot;:&quot;Niskogradnja&quot;,&quot;marker&quot;:&quot;double_underline&quot;,&quot;headline_style&quot;:&quot;highlight&quot;,&quot;loop&quot;:&quot;yes&quot;,&quot;highlight_animation_duration&quot;:1200,&quot;highlight_iteration_delay&quot;:8000}\" data-widget_type=\"animated-headline.default\">\n\t\t\t\t<div class=\"elementor-widget-container\">\n\t\t\t\t\t\t\t<h1 class=\"elementor-headline\">\n\t\t\t\t<span class=\"elementor-headline-dynamic-wrapper elementor-headline-text-wrapper\">\n\t\t\t\t\t<span class=\"elementor-headline-dynamic-text elementor-headline-text-active\">Niskogradnja<\/span>\n\t\t\t\t<\/span>\n\t\t\t\t<\/h1>\n\t\t\t\t\t\t<\/div>\n\t\t\t\t<\/div>\n\t\t\t\t\t<\/div>\n\t\t<\/div>\n\t\t\t\t\t<\/div>\n\t\t<\/section>\n\t\t\t\t<section class=\"elementor-section elementor-top-section elementor-element elementor-element-eaf86c6 elementor-section-content-middle elementor-section-full_width elementor-section-height-default elementor-section-height-default\" data-id=\"eaf86c6\" data-element_type=\"section\" data-settings=\"{&quot;background_background&quot;:&quot;classic&quot;}\">\n\t\t\t\t\t\t<div class=\"elementor-container elementor-column-gap-no\">\n\t\t\t\t\t<div class=\"elementor-column elementor-col-50 elementor-top-column elementor-element elementor-element-1bbe64d\" data-id=\"1bbe64d\" data-element_type=\"column\">\n\t\t\t<div class=\"elementor-widget-wrap elementor-element-populated\">\n\t\t\t\t\t\t<div class=\"elementor-element elementor-element-936026c elementor-widget elementor-widget-text-editor\" data-id=\"936026c\" data-element_type=\"widget\" data-settings=\"{&quot;_animation&quot;:&quot;none&quot;,&quot;_animation_delay&quot;:200}\" data-widget_type=\"text-editor.default\">\n\t\t\t\t<div class=\"elementor-widget-container\">\n\t\t\t\t\t\t\t\t\t<p>Ma\u0161ine za zemljane radove se koriste za:<\/p><p><span style=\"color: #e79d1a;\">\u2713<\/span> iskop<\/p><p><span style=\"color: #e79d1a;\">\u2713<\/span> utovar<\/p><p><span style=\"color: #e79d1a;\">\u2713<\/span> transport<\/p><p><span style=\"color: #e79d1a;\">\u2713<\/span> istovar<\/p><p><span style=\"color: #e79d1a;\">\u2713<\/span> ravnanje, nabijanje i razastiranje zemlje\u00a0<\/p>\t\t\t\t\t\t\t\t<\/div>\n\t\t\t\t<\/div>\n\t\t\t\t\t<\/div>\n\t\t<\/div>\n\t\t\t\t<div class=\"elementor-column elementor-col-50 elementor-top-column elementor-element elementor-element-ddd8e4a\" data-id=\"ddd8e4a\" data-element_type=\"column\" data-settings=\"{&quot;background_background&quot;:&quot;classic&quot;}\">\n\t\t\t<div class=\"elementor-widget-wrap elementor-element-populated\">\n\t\t\t\t\t<div class=\"elementor-background-overlay\"><\/div>\n\t\t\t\t\t\t<div class=\"elementor-element elementor-element-3abc0ce elementor-widget elementor-widget-image\" data-id=\"3abc0ce\" data-element_type=\"widget\" data-widget_type=\"image.default\">\n\t\t\t\t<div class=\"elementor-widget-container\">\n\t\t\t\t\t\t\t\t\t\t\t\t\t\t\t<img fetchpriority=\"high\" decoding=\"async\" width=\"1024\" height=\"683\" src=\"https:\/\/e-boxlogistic.net\/wp-content\/uploads\/2024\/02\/15114840_m_normal_none-1024x683.webp\" class=\"attachment-large size-large wp-image-1934\" alt=\"\" srcset=\"https:\/\/e-boxlogistic.net\/wp-content\/uploads\/2024\/02\/15114840_m_normal_none-1024x683.webp 1024w, https:\/\/e-boxlogistic.net\/wp-content\/uploads\/2024\/02\/15114840_m_normal_none-300x200.webp 300w, https:\/\/e-boxlogistic.net\/wp-content\/uploads\/2024\/02\/15114840_m_normal_none-768x512.webp 768w, https:\/\/e-boxlogistic.net\/wp-content\/uploads\/2024\/02\/15114840_m_normal_none-1536x1024.webp 1536w, https:\/\/e-boxlogistic.net\/wp-content\/uploads\/2024\/02\/15114840_m_normal_none-2048x1365.webp 2048w, https:\/\/e-boxlogistic.net\/wp-content\/uploads\/2024\/02\/15114840_m_normal_none-18x12.webp 18w\" sizes=\"(max-width: 1024px) 100vw, 1024px\" \/>\t\t\t\t\t\t\t\t\t\t\t\t\t\t\t<\/div>\n\t\t\t\t<\/div>\n\t\t\t\t\t<\/div>\n\t\t<\/div>\n\t\t\t\t\t<\/div>\n\t\t<\/section>\n\t\t\t\t<section class=\"elementor-section elementor-top-section elementor-element elementor-element-f5140de elementor-section-content-middle elementor-section-full_width elementor-reverse-mobile elementor-section-height-default elementor-section-height-default\" data-id=\"f5140de\" data-element_type=\"section\" data-settings=\"{&quot;background_background&quot;:&quot;classic&quot;}\">\n\t\t\t\t\t\t<div class=\"elementor-container elementor-column-gap-no\">\n\t\t\t\t\t<div class=\"elementor-column elementor-col-50 elementor-top-column elementor-element elementor-element-96ef4c1\" data-id=\"96ef4c1\" data-element_type=\"column\">\n\t\t\t<div class=\"elementor-widget-wrap elementor-element-populated\">\n\t\t\t\t\t\t<div class=\"elementor-element elementor-element-4dda325 elementor-widget elementor-widget-image\" data-id=\"4dda325\" data-element_type=\"widget\" data-widget_type=\"image.default\">\n\t\t\t\t<div class=\"elementor-widget-container\">\n\t\t\t\t\t\t\t\t\t\t\t\t\t\t\t<img decoding=\"async\" width=\"1024\" height=\"683\" src=\"https:\/\/e-boxlogistic.net\/wp-content\/uploads\/2024\/02\/222221570_m_normal_none-1024x683.webp\" class=\"attachment-large size-large wp-image-2089\" alt=\"\" srcset=\"https:\/\/e-boxlogistic.net\/wp-content\/uploads\/2024\/02\/222221570_m_normal_none-1024x683.webp 1024w, https:\/\/e-boxlogistic.net\/wp-content\/uploads\/2024\/02\/222221570_m_normal_none-300x200.webp 300w, https:\/\/e-boxlogistic.net\/wp-content\/uploads\/2024\/02\/222221570_m_normal_none-768x512.webp 768w, https:\/\/e-boxlogistic.net\/wp-content\/uploads\/2024\/02\/222221570_m_normal_none-1536x1024.webp 1536w, https:\/\/e-boxlogistic.net\/wp-content\/uploads\/2024\/02\/222221570_m_normal_none-2048x1365.webp 2048w, https:\/\/e-boxlogistic.net\/wp-content\/uploads\/2024\/02\/222221570_m_normal_none-18x12.webp 18w\" sizes=\"(max-width: 1024px) 100vw, 1024px\" \/>\t\t\t\t\t\t\t\t\t\t\t\t\t\t\t<\/div>\n\t\t\t\t<\/div>\n\t\t\t\t\t<\/div>\n\t\t<\/div>\n\t\t\t\t<div class=\"elementor-column elementor-col-50 elementor-top-column elementor-element elementor-element-f0111a5\" data-id=\"f0111a5\" data-element_type=\"column\">\n\t\t\t<div class=\"elementor-widget-wrap elementor-element-populated\">\n\t\t\t\t\t\t<div class=\"elementor-element elementor-element-f377ea9 elementor-widget elementor-widget-text-editor\" data-id=\"f377ea9\" data-element_type=\"widget\" data-settings=\"{&quot;_animation&quot;:&quot;none&quot;,&quot;_animation_delay&quot;:200}\" data-widget_type=\"text-editor.default\">\n\t\t\t\t<div class=\"elementor-widget-container\">\n\t\t\t\t\t\t\t\t\t<p class=\"article-description\">U ovu grupu ma\u0161ina spadaju:<\/p><p class=\"article-description\"><span style=\"color: #e79d1a;\">\u2713<\/span> bager<\/p><p class=\"article-description\"><span style=\"color: #e79d1a;\">\u2713<\/span> buldo\u017eer<\/p><p class=\"article-description\"><span style=\"color: #e79d1a;\">\u2713<\/span> utovariva\u010d<\/p><p class=\"article-description\"><span style=\"color: #e79d1a;\">\u2713<\/span> skreper<\/p><p class=\"article-description\"><span style=\"color: #e79d1a;\">\u2713<\/span> grejder<\/p><p class=\"article-description\"><span style=\"color: #e79d1a;\">\u2713<\/span> ravnja\u010d<\/p><p class=\"article-description\"><span style=\"color: #e79d1a;\">\u2713<\/span> valjak<\/p><p class=\"article-description\"><span style=\"color: #e79d1a;\">\u2713<\/span> je\u017e<\/p><p class=\"article-description\"><span style=\"color: #e79d1a;\">\u2713<\/span> vibracioni nabija\u010d<\/p>\t\t\t\t\t\t\t\t<\/div>\n\t\t\t\t<\/div>\n\t\t\t\t\t<\/div>\n\t\t<\/div>\n\t\t\t\t\t<\/div>\n\t\t<\/section>\n\t\t\t\t<section class=\"elementor-section elementor-top-section elementor-element elementor-element-bc624c4 elementor-section-content-middle elementor-section-full_width elementor-section-height-default elementor-section-height-default\" data-id=\"bc624c4\" data-element_type=\"section\" data-settings=\"{&quot;background_background&quot;:&quot;classic&quot;}\">\n\t\t\t\t\t\t<div class=\"elementor-container elementor-column-gap-no\">\n\t\t\t\t\t<div class=\"elementor-column elementor-col-100 elementor-top-column elementor-element elementor-element-38bceda\" data-id=\"38bceda\" data-element_type=\"column\">\n\t\t\t<div class=\"elementor-widget-wrap elementor-element-populated\">\n\t\t\t\t\t\t<div class=\"elementor-element elementor-element-9aac023 elementor-widget elementor-widget-text-editor\" data-id=\"9aac023\" data-element_type=\"widget\" data-settings=\"{&quot;_animation&quot;:&quot;none&quot;,&quot;_animation_delay&quot;:200}\" data-widget_type=\"text-editor.default\">\n\t\t\t\t<div class=\"elementor-widget-container\">\n\t\t\t\t\t\t\t\t\t<p>Na svim pomenutim ma\u0161inama kompanija E-Box Logistic je ugra\u0111ivala <a href=\"https:\/\/e-boxlogistic.net\/en\/gps-pracenje-vozila\/\">GPS ure\u0111aje za nadzor vozila<\/a> i pru\u017eala kvalitetnu uslugu svojim korisnicima. Na taj na\u010din na\u0161i klijenti imaju mogu\u0107nost da nadgledaju i optimizuju radne ma\u0161ine na svojim gradili\u0161tima. Tako\u0111e, kontrola nivoa goriva i prose\u010dna potro\u0161nja ma\u0161ina u niskogradnji je veoma bitna zbog sve ve\u0107ih zloupotreba od strane radnika\/rukovalaca ma\u0161ina.<\/p>\t\t\t\t\t\t\t\t<\/div>\n\t\t\t\t<\/div>\n\t\t\t\t\t<\/div>\n\t\t<\/div>\n\t\t\t\t\t<\/div>\n\t\t<\/section>\n\t\t\t\t<section class=\"elementor-section elementor-top-section elementor-element elementor-element-c539c78 elementor-section-content-middle elementor-section-boxed elementor-section-height-default elementor-section-height-default\" data-id=\"c539c78\" data-element_type=\"section\" data-settings=\"{&quot;background_background&quot;:&quot;classic&quot;,&quot;shape_divider_bottom&quot;:&quot;tilt&quot;}\">\n\t\t\t\t\t<div class=\"elementor-shape elementor-shape-bottom\" aria-hidden=\"true\" data-negative=\"false\">\n\t\t\t<svg xmlns=\"http:\/\/www.w3.org\/2000\/svg\" viewbox=\"0 0 1000 100\" preserveaspectratio=\"none\">\n\t<path class=\"elementor-shape-fill\" d=\"M0,6V0h1000v100L0,6z\"\/>\n<\/svg>\t\t<\/div>\n\t\t\t\t\t<div class=\"elementor-container elementor-column-gap-no\">\n\t\t\t\t\t<div class=\"elementor-column elementor-col-100 elementor-top-column elementor-element elementor-element-ac5605b\" data-id=\"ac5605b\" data-element_type=\"column\">\n\t\t\t<div class=\"elementor-widget-wrap elementor-element-populated\">\n\t\t\t\t\t\t<div class=\"elementor-element elementor-element-c6a3935 elementor-widget elementor-widget-heading\" data-id=\"c6a3935\" data-element_type=\"widget\" data-widget_type=\"heading.default\">\n\t\t\t\t<div class=\"elementor-widget-container\">\n\t\t\t\t\t<h2 class=\"elementor-heading-title elementor-size-default\">Potrebna vam je logisti\u010dka podr\u0161ka za niskogradnju?<\/h2>\t\t\t\t<\/div>\n\t\t\t\t<\/div>\n\t\t\t\t<div class=\"elementor-element elementor-element-e035431 elementor-align-center elementor-widget elementor-widget-button\" data-id=\"e035431\" data-element_type=\"widget\" data-settings=\"{&quot;_animation&quot;:&quot;none&quot;}\" data-widget_type=\"button.default\">\n\t\t\t\t<div class=\"elementor-widget-container\">\n\t\t\t\t\t\t\t\t\t<div class=\"elementor-button-wrapper\">\n\t\t\t\t\t<a class=\"elementor-button elementor-button-link elementor-size-md elementor-animation-grow\" href=\"tel:+381603522009\" id=\"eventButton\">\n\t\t\t\t\t\t<span class=\"elementor-button-content-wrapper\">\n\t\t\t\t\t\t\t\t\t<span class=\"elementor-button-text\">Zaka\u017eite konsultacije za niskogradnju \u2706<\/span>\n\t\t\t\t\t<\/span>\n\t\t\t\t\t<\/a>\n\t\t\t\t<\/div>\n\t\t\t\t\t\t\t\t<\/div>\n\t\t\t\t<\/div>\n\t\t\t\t\t<\/div>\n\t\t<\/div>\n\t\t\t\t\t<\/div>\n\t\t<\/section>\n\t\t\t\t<\/div>","protected":false},"excerpt":{"rendered":"<p>Niskogradnja Ma\u0161ine za zemljane radove se koriste za: \u2713 iskop \u2713 utovar \u2713 transport \u2713 istovar \u2713 ravnanje, nabijanje i razastiranje zemlje\u00a0 U ovu grupu ma\u0161ina spadaju: \u2713 bager \u2713 buldo\u017eer \u2713 utovariva\u010d \u2713 skreper \u2713 grejder \u2713 ravnja\u010d \u2713 valjak \u2713 je\u017e \u2713 vibracioni nabija\u010d Na svim pomenutim ma\u0161inama kompanija E-Box Logistic je ugra\u0111ivala [&hellip;]<\/p>","protected":false},"author":1,"featured_media":0,"parent":1929,"menu_order":0,"comment_status":"closed","ping_status":"closed","template":"","meta":{"footnotes":""},"class_list":["post-2078","page","type-page","status-publish","hentry","entry"],"yoast_head":"<!-- This site is optimized with the Yoast SEO plugin v26.3 - https:\/\/yoast.com\/wordpress\/plugins\/seo\/ -->\n<title>Niskogradnja - E-box Logistic<\/title>\n<meta name=\"robots\" content=\"index, follow, max-snippet:-1, max-image-preview:large, max-video-preview:-1\" \/>\n<link rel=\"canonical\" href=\"https:\/\/e-boxlogistic.net\/en\/industrije\/niskogradnja\/\" \/>\n<meta property=\"og:locale\" content=\"en_US\" \/>\n<meta property=\"og:type\" content=\"article\" \/>\n<meta property=\"og:title\" content=\"Niskogradnja - E-box Logistic\" \/>\n<meta property=\"og:description\" content=\"Niskogradnja Ma\u0161ine za zemljane radove se koriste za: \u2713 iskop \u2713 utovar \u2713 transport \u2713 istovar \u2713 ravnanje, nabijanje i razastiranje zemlje\u00a0 U ovu grupu ma\u0161ina spadaju: \u2713 bager \u2713 buldo\u017eer \u2713 utovariva\u010d \u2713 skreper \u2713 grejder \u2713 ravnja\u010d \u2713 valjak \u2713 je\u017e \u2713 vibracioni nabija\u010d Na svim pomenutim ma\u0161inama kompanija E-Box Logistic je ugra\u0111ivala [&hellip;]\" \/>\n<meta property=\"og:url\" content=\"https:\/\/e-boxlogistic.net\/en\/industrije\/niskogradnja\/\" \/>\n<meta property=\"og:site_name\" content=\"E-box Logistic\" \/>\n<meta property=\"article:modified_time\" content=\"2024-03-25T07:28:19+00:00\" \/>\n<meta property=\"og:image\" content=\"https:\/\/e-boxlogistic.net\/wp-content\/uploads\/2024\/02\/15114840_m_normal_none-1024x683.webp\" \/>\n<meta name=\"twitter:card\" content=\"summary_large_image\" \/>\n<meta name=\"twitter:label1\" content=\"Est. reading time\" \/>\n\t<meta name=\"twitter:data1\" content=\"2 minutes\" \/>\n<script type=\"application\/ld+json\" class=\"yoast-schema-graph\">{\"@context\":\"https:\/\/schema.org\",\"@graph\":[{\"@type\":\"WebPage\",\"@id\":\"https:\/\/e-boxlogistic.net\/industrije\/niskogradnja\/\",\"url\":\"https:\/\/e-boxlogistic.net\/industrije\/niskogradnja\/\",\"name\":\"Niskogradnja - E-box Logistic\",\"isPartOf\":{\"@id\":\"https:\/\/e-boxlogistic.net\/#website\"},\"primaryImageOfPage\":{\"@id\":\"https:\/\/e-boxlogistic.net\/industrije\/niskogradnja\/#primaryimage\"},\"image\":{\"@id\":\"https:\/\/e-boxlogistic.net\/industrije\/niskogradnja\/#primaryimage\"},\"thumbnailUrl\":\"https:\/\/e-boxlogistic.net\/wp-content\/uploads\/2024\/02\/15114840_m_normal_none-1024x683.webp\",\"datePublished\":\"2024-02-08T12:25:33+00:00\",\"dateModified\":\"2024-03-25T07:28:19+00:00\",\"breadcrumb\":{\"@id\":\"https:\/\/e-boxlogistic.net\/industrije\/niskogradnja\/#breadcrumb\"},\"inLanguage\":\"en-US\",\"potentialAction\":[{\"@type\":\"ReadAction\",\"target\":[\"https:\/\/e-boxlogistic.net\/industrije\/niskogradnja\/\"]}]},{\"@type\":\"ImageObject\",\"inLanguage\":\"en-US\",\"@id\":\"https:\/\/e-boxlogistic.net\/industrije\/niskogradnja\/#primaryimage\",\"url\":\"https:\/\/e-boxlogistic.net\/wp-content\/uploads\/2024\/02\/15114840_m_normal_none-1024x683.webp\",\"contentUrl\":\"https:\/\/e-boxlogistic.net\/wp-content\/uploads\/2024\/02\/15114840_m_normal_none-1024x683.webp\"},{\"@type\":\"BreadcrumbList\",\"@id\":\"https:\/\/e-boxlogistic.net\/industrije\/niskogradnja\/#breadcrumb\",\"itemListElement\":[{\"@type\":\"ListItem\",\"position\":1,\"name\":\"Home\",\"item\":\"https:\/\/e-boxlogistic.net\/\"},{\"@type\":\"ListItem\",\"position\":2,\"name\":\"Sektori industrije\",\"item\":\"https:\/\/e-boxlogistic.net\/industrije\/\"},{\"@type\":\"ListItem\",\"position\":3,\"name\":\"Niskogradnja\"}]},{\"@type\":\"WebSite\",\"@id\":\"https:\/\/e-boxlogistic.net\/#website\",\"url\":\"https:\/\/e-boxlogistic.net\/\",\"name\":\"E-box Logistic\",\"description\":\"Transportna Logistika\",\"publisher\":{\"@id\":\"https:\/\/e-boxlogistic.net\/#organization\"},\"potentialAction\":[{\"@type\":\"SearchAction\",\"target\":{\"@type\":\"EntryPoint\",\"urlTemplate\":\"https:\/\/e-boxlogistic.net\/?s={search_term_string}\"},\"query-input\":{\"@type\":\"PropertyValueSpecification\",\"valueRequired\":true,\"valueName\":\"search_term_string\"}}],\"inLanguage\":\"en-US\"},{\"@type\":\"Organization\",\"@id\":\"https:\/\/e-boxlogistic.net\/#organization\",\"name\":\"E-box Logistic\",\"url\":\"https:\/\/e-boxlogistic.net\/\",\"logo\":{\"@type\":\"ImageObject\",\"inLanguage\":\"en-US\",\"@id\":\"https:\/\/e-boxlogistic.net\/#\/schema\/logo\/image\/\",\"url\":\"https:\/\/e-boxlogistic.net\/wp-content\/uploads\/2022\/11\/cropped-cropped-400_filter_nobg_626936def3669.webp\",\"contentUrl\":\"https:\/\/e-boxlogistic.net\/wp-content\/uploads\/2022\/11\/cropped-cropped-400_filter_nobg_626936def3669.webp\",\"width\":512,\"height\":512,\"caption\":\"E-box Logistic\"},\"image\":{\"@id\":\"https:\/\/e-boxlogistic.net\/#\/schema\/logo\/image\/\"}}]}<\/script>\n<!-- \/ Yoast SEO plugin. -->","yoast_head_json":{"title":"Niskogradnja - E-box Logistic","robots":{"index":"index","follow":"follow","max-snippet":"max-snippet:-1","max-image-preview":"max-image-preview:large","max-video-preview":"max-video-preview:-1"},"canonical":"https:\/\/e-boxlogistic.net\/en\/industrije\/niskogradnja\/","og_locale":"en_US","og_type":"article","og_title":"Niskogradnja - E-box Logistic","og_description":"Niskogradnja Ma\u0161ine za zemljane radove se koriste za: \u2713 iskop \u2713 utovar \u2713 transport \u2713 istovar \u2713 ravnanje, nabijanje i razastiranje zemlje\u00a0 U ovu grupu ma\u0161ina spadaju: \u2713 bager \u2713 buldo\u017eer \u2713 utovariva\u010d \u2713 skreper \u2713 grejder \u2713 ravnja\u010d \u2713 valjak \u2713 je\u017e \u2713 vibracioni nabija\u010d Na svim pomenutim ma\u0161inama kompanija E-Box Logistic je ugra\u0111ivala [&hellip;]","og_url":"https:\/\/e-boxlogistic.net\/en\/industrije\/niskogradnja\/","og_site_name":"E-box Logistic","article_modified_time":"2024-03-25T07:28:19+00:00","og_image":[{"url":"https:\/\/e-boxlogistic.net\/wp-content\/uploads\/2024\/02\/15114840_m_normal_none-1024x683.webp","type":"","width":"","height":""}],"twitter_card":"summary_large_image","twitter_misc":{"Est. reading time":"2 minutes"},"schema":{"@context":"https:\/\/schema.org","@graph":[{"@type":"WebPage","@id":"https:\/\/e-boxlogistic.net\/industrije\/niskogradnja\/","url":"https:\/\/e-boxlogistic.net\/industrije\/niskogradnja\/","name":"Niskogradnja - E-box Logistic","isPartOf":{"@id":"https:\/\/e-boxlogistic.net\/#website"},"primaryImageOfPage":{"@id":"https:\/\/e-boxlogistic.net\/industrije\/niskogradnja\/#primaryimage"},"image":{"@id":"https:\/\/e-boxlogistic.net\/industrije\/niskogradnja\/#primaryimage"},"thumbnailUrl":"https:\/\/e-boxlogistic.net\/wp-content\/uploads\/2024\/02\/15114840_m_normal_none-1024x683.webp","datePublished":"2024-02-08T12:25:33+00:00","dateModified":"2024-03-25T07:28:19+00:00","breadcrumb":{"@id":"https:\/\/e-boxlogistic.net\/industrije\/niskogradnja\/#breadcrumb"},"inLanguage":"en-US","potentialAction":[{"@type":"ReadAction","target":["https:\/\/e-boxlogistic.net\/industrije\/niskogradnja\/"]}]},{"@type":"ImageObject","inLanguage":"en-US","@id":"https:\/\/e-boxlogistic.net\/industrije\/niskogradnja\/#primaryimage","url":"https:\/\/e-boxlogistic.net\/wp-content\/uploads\/2024\/02\/15114840_m_normal_none-1024x683.webp","contentUrl":"https:\/\/e-boxlogistic.net\/wp-content\/uploads\/2024\/02\/15114840_m_normal_none-1024x683.webp"},{"@type":"BreadcrumbList","@id":"https:\/\/e-boxlogistic.net\/industrije\/niskogradnja\/#breadcrumb","itemListElement":[{"@type":"ListItem","position":1,"name":"Home","item":"https:\/\/e-boxlogistic.net\/"},{"@type":"ListItem","position":2,"name":"Sektori industrije","item":"https:\/\/e-boxlogistic.net\/industrije\/"},{"@type":"ListItem","position":3,"name":"Niskogradnja"}]},{"@type":"WebSite","@id":"https:\/\/e-boxlogistic.net\/#website","url":"https:\/\/e-boxlogistic.net\/","name":"E-box Logistic","description":"Transportna Logistika","publisher":{"@id":"https:\/\/e-boxlogistic.net\/#organization"},"potentialAction":[{"@type":"SearchAction","target":{"@type":"EntryPoint","urlTemplate":"https:\/\/e-boxlogistic.net\/?s={search_term_string}"},"query-input":{"@type":"PropertyValueSpecification","valueRequired":true,"valueName":"search_term_string"}}],"inLanguage":"en-US"},{"@type":"Organization","@id":"https:\/\/e-boxlogistic.net\/#organization","name":"E-box Logistic","url":"https:\/\/e-boxlogistic.net\/","logo":{"@type":"ImageObject","inLanguage":"en-US","@id":"https:\/\/e-boxlogistic.net\/#\/schema\/logo\/image\/","url":"https:\/\/e-boxlogistic.net\/wp-content\/uploads\/2022\/11\/cropped-cropped-400_filter_nobg_626936def3669.webp","contentUrl":"https:\/\/e-boxlogistic.net\/wp-content\/uploads\/2022\/11\/cropped-cropped-400_filter_nobg_626936def3669.webp","width":512,"height":512,"caption":"E-box Logistic"},"image":{"@id":"https:\/\/e-boxlogistic.net\/#\/schema\/logo\/image\/"}}]}},"_links":{"self":[{"href":"https:\/\/e-boxlogistic.net\/en\/wp-json\/wp\/v2\/pages\/2078","targetHints":{"allow":["GET"]}}],"collection":[{"href":"https:\/\/e-boxlogistic.net\/en\/wp-json\/wp\/v2\/pages"}],"about":[{"href":"https:\/\/e-boxlogistic.net\/en\/wp-json\/wp\/v2\/types\/page"}],"author":[{"embeddable":true,"href":"https:\/\/e-boxlogistic.net\/en\/wp-json\/wp\/v2\/users\/1"}],"replies":[{"embeddable":true,"href":"https:\/\/e-boxlogistic.net\/en\/wp-json\/wp\/v2\/comments?post=2078"}],"version-history":[{"count":13,"href":"https:\/\/e-boxlogistic.net\/en\/wp-json\/wp\/v2\/pages\/2078\/revisions"}],"predecessor-version":[{"id":2429,"href":"https:\/\/e-boxlogistic.net\/en\/wp-json\/wp\/v2\/pages\/2078\/revisions\/2429"}],"up":[{"embeddable":true,"href":"https:\/\/e-boxlogistic.net\/en\/wp-json\/wp\/v2\/pages\/1929"}],"wp:attachment":[{"href":"https:\/\/e-boxlogistic.net\/en\/wp-json\/wp\/v2\/media?parent=2078"}],"curies":[{"name":"wp","href":"https:\/\/api.w.org\/{rel}","templated":true}]}}