{"id":2102,"date":"2024-02-08T12:38:28","date_gmt":"2024-02-08T12:38:28","guid":{"rendered":"https:\/\/e-boxlogistic.net\/?page_id=2102"},"modified":"2024-03-25T07:28:44","modified_gmt":"2024-03-25T07:28:44","slug":"poljoprivreda","status":"publish","type":"page","link":"https:\/\/e-boxlogistic.net\/en\/industrije\/poljoprivreda\/","title":{"rendered":"Poljoprivreda"},"content":{"rendered":"<div data-elementor-type=\"wp-page\" data-elementor-id=\"2102\" class=\"elementor elementor-2102\" data-elementor-post-type=\"page\">\n\t\t\t\t\t\t<section class=\"elementor-section elementor-top-section elementor-element elementor-element-4b54540 elementor-section-boxed elementor-section-height-default elementor-section-height-default\" data-id=\"4b54540\" data-element_type=\"section\">\n\t\t\t\t\t\t<div class=\"elementor-container elementor-column-gap-default\">\n\t\t\t\t\t<div class=\"elementor-column elementor-col-100 elementor-top-column elementor-element elementor-element-a8076d0\" data-id=\"a8076d0\" data-element_type=\"column\">\n\t\t\t<div class=\"elementor-widget-wrap elementor-element-populated\">\n\t\t\t\t\t\t<div class=\"elementor-element elementor-element-10b025e elementor-widget elementor-widget-breadcrumbs\" data-id=\"10b025e\" data-element_type=\"widget\" data-widget_type=\"breadcrumbs.default\">\n\t\t\t\t<div class=\"elementor-widget-container\">\n\t\t\t\t\t<p id=\"breadcrumbs\"><span><span><a href=\"https:\/\/e-boxlogistic.net\/en\/\">Home<\/a><\/span><\/span><\/p>\t\t\t\t<\/div>\n\t\t\t\t<\/div>\n\t\t\t\t\t<\/div>\n\t\t<\/div>\n\t\t\t\t\t<\/div>\n\t\t<\/section>\n\t\t\t\t<section class=\"elementor-section elementor-top-section elementor-element elementor-element-fd076be elementor-section-boxed elementor-section-height-default elementor-section-height-default\" data-id=\"fd076be\" data-element_type=\"section\">\n\t\t\t\t\t\t<div class=\"elementor-container elementor-column-gap-default\">\n\t\t\t\t\t<div class=\"elementor-column elementor-col-100 elementor-top-column elementor-element elementor-element-67a0253\" data-id=\"67a0253\" data-element_type=\"column\">\n\t\t\t<div class=\"elementor-widget-wrap elementor-element-populated\">\n\t\t\t\t\t\t<div class=\"elementor-element elementor-element-3076b75 elementor-headline--style-highlight elementor-widget elementor-widget-animated-headline\" data-id=\"3076b75\" data-element_type=\"widget\" data-settings=\"{&quot;highlighted_text&quot;:&quot;Poljoprivreda&quot;,&quot;marker&quot;:&quot;double_underline&quot;,&quot;headline_style&quot;:&quot;highlight&quot;,&quot;loop&quot;:&quot;yes&quot;,&quot;highlight_animation_duration&quot;:1200,&quot;highlight_iteration_delay&quot;:8000}\" data-widget_type=\"animated-headline.default\">\n\t\t\t\t<div class=\"elementor-widget-container\">\n\t\t\t\t\t\t\t<h1 class=\"elementor-headline\">\n\t\t\t\t<span class=\"elementor-headline-dynamic-wrapper elementor-headline-text-wrapper\">\n\t\t\t\t\t<span class=\"elementor-headline-dynamic-text elementor-headline-text-active\">Poljoprivreda<\/span>\n\t\t\t\t<\/span>\n\t\t\t\t<\/h1>\n\t\t\t\t\t\t<\/div>\n\t\t\t\t<\/div>\n\t\t\t\t\t<\/div>\n\t\t<\/div>\n\t\t\t\t\t<\/div>\n\t\t<\/section>\n\t\t\t\t<section class=\"elementor-section elementor-top-section elementor-element elementor-element-2798077 elementor-section-content-middle elementor-section-full_width elementor-section-height-default elementor-section-height-default\" data-id=\"2798077\" data-element_type=\"section\" data-settings=\"{&quot;background_background&quot;:&quot;classic&quot;}\">\n\t\t\t\t\t\t<div class=\"elementor-container elementor-column-gap-no\">\n\t\t\t\t\t<div class=\"elementor-column elementor-col-100 elementor-top-column elementor-element elementor-element-5a8bb3a\" data-id=\"5a8bb3a\" data-element_type=\"column\">\n\t\t\t<div class=\"elementor-widget-wrap elementor-element-populated\">\n\t\t\t\t\t\t<div class=\"elementor-element elementor-element-e3734b3 elementor-widget elementor-widget-text-editor\" data-id=\"e3734b3\" data-element_type=\"widget\" data-settings=\"{&quot;_animation&quot;:&quot;none&quot;,&quot;_animation_delay&quot;:200}\" data-widget_type=\"text-editor.default\">\n\t\t\t\t<div class=\"elementor-widget-container\">\n\t\t\t\t\t\t\t\t\t<p>GPS tehnologija \u2013 Pojam \u201cprecizna poljoprivreda\u201d (Precision agriculture ili Precision farming) podrazumeva blagovremeno obavljanje poljoprivrednih radova,<strong>\u00a0visoku produktivnost, smanjen broj operacija i ni\u017eu cenu rada,<\/strong>\u00a0a temelji se na novo razvijenim informacionim ma\u0161inskim sistemima programiranog eksploatacionog potencijala, malom broju ma\u0161ina visoke pouzdanosti i visokim tehnolo\u0161kim mogu\u0107nostima.<\/p>\t\t\t\t\t\t\t\t<\/div>\n\t\t\t\t<\/div>\n\t\t\t\t\t<\/div>\n\t\t<\/div>\n\t\t\t\t\t<\/div>\n\t\t<\/section>\n\t\t\t\t<section class=\"elementor-section elementor-top-section elementor-element elementor-element-efcdd24 elementor-section-content-middle elementor-section-full_width elementor-section-height-default elementor-section-height-default\" data-id=\"efcdd24\" data-element_type=\"section\" data-settings=\"{&quot;background_background&quot;:&quot;classic&quot;}\">\n\t\t\t\t\t\t<div class=\"elementor-container elementor-column-gap-no\">\n\t\t\t\t\t<div class=\"elementor-column elementor-col-50 elementor-top-column elementor-element elementor-element-f3b68a3\" data-id=\"f3b68a3\" data-element_type=\"column\">\n\t\t\t<div class=\"elementor-widget-wrap elementor-element-populated\">\n\t\t\t\t\t\t<div class=\"elementor-element elementor-element-d65b339 elementor-widget elementor-widget-text-editor\" data-id=\"d65b339\" data-element_type=\"widget\" data-settings=\"{&quot;_animation&quot;:&quot;none&quot;,&quot;_animation_delay&quot;:200}\" data-widget_type=\"text-editor.default\">\n\t\t\t\t<div class=\"elementor-widget-container\">\n\t\t\t\t\t\t\t\t\t<p>Dok je na po\u010detku vladalo mi\u0161ljenje da <a href=\"https:\/\/e-boxlogistic.net\/en\/gps-pracenje-vozila\/\">automatski GPS sistemi<\/a> slu\u017ee samo da pove\u0107aju komfor i olak\u0161aju rad rukovodioca, sada\u0161nja praksa mnogobrojih korisnika pokazuje da su primenom ove tehnologije precizne poljoprivrede svi na velikom dobitku. Bez obzira koji sistem izaberete, vrhunske performanse posti\u017eu se isklju\u010divo kvalitetnom kalibracijom prema ma\u0161ini na kojoj je sistem instaliran.<\/p>\t\t\t\t\t\t\t\t<\/div>\n\t\t\t\t<\/div>\n\t\t\t\t\t<\/div>\n\t\t<\/div>\n\t\t\t\t<div class=\"elementor-column elementor-col-50 elementor-top-column elementor-element elementor-element-16a0aa6\" data-id=\"16a0aa6\" data-element_type=\"column\" data-settings=\"{&quot;background_background&quot;:&quot;classic&quot;}\">\n\t\t\t<div class=\"elementor-widget-wrap elementor-element-populated\">\n\t\t\t\t\t<div class=\"elementor-background-overlay\"><\/div>\n\t\t\t\t\t\t<div class=\"elementor-element elementor-element-83a9aa8 elementor-widget elementor-widget-image\" data-id=\"83a9aa8\" data-element_type=\"widget\" data-widget_type=\"image.default\">\n\t\t\t\t<div class=\"elementor-widget-container\">\n\t\t\t\t\t\t\t\t\t\t\t\t\t\t\t<img fetchpriority=\"high\" decoding=\"async\" width=\"1024\" height=\"540\" src=\"https:\/\/e-boxlogistic.net\/wp-content\/uploads\/2024\/02\/148347383_m_normal_none-1024x540.webp\" class=\"attachment-large size-large wp-image-1936\" alt=\"\" srcset=\"https:\/\/e-boxlogistic.net\/wp-content\/uploads\/2024\/02\/148347383_m_normal_none-1024x540.webp 1024w, https:\/\/e-boxlogistic.net\/wp-content\/uploads\/2024\/02\/148347383_m_normal_none-300x158.webp 300w, https:\/\/e-boxlogistic.net\/wp-content\/uploads\/2024\/02\/148347383_m_normal_none-768x405.webp 768w, https:\/\/e-boxlogistic.net\/wp-content\/uploads\/2024\/02\/148347383_m_normal_none-1536x810.webp 1536w, https:\/\/e-boxlogistic.net\/wp-content\/uploads\/2024\/02\/148347383_m_normal_none-2048x1080.webp 2048w, https:\/\/e-boxlogistic.net\/wp-content\/uploads\/2024\/02\/148347383_m_normal_none-18x9.webp 18w\" sizes=\"(max-width: 1024px) 100vw, 1024px\" \/>\t\t\t\t\t\t\t\t\t\t\t\t\t\t\t<\/div>\n\t\t\t\t<\/div>\n\t\t\t\t\t<\/div>\n\t\t<\/div>\n\t\t\t\t\t<\/div>\n\t\t<\/section>\n\t\t\t\t<section class=\"elementor-section elementor-top-section elementor-element elementor-element-b8b23f6 elementor-section-content-middle elementor-section-full_width elementor-section-height-default elementor-section-height-default\" data-id=\"b8b23f6\" data-element_type=\"section\" data-settings=\"{&quot;background_background&quot;:&quot;classic&quot;}\">\n\t\t\t\t\t\t<div class=\"elementor-container elementor-column-gap-no\">\n\t\t\t\t\t<div class=\"elementor-column elementor-col-100 elementor-top-column elementor-element elementor-element-32eda62\" data-id=\"32eda62\" data-element_type=\"column\">\n\t\t\t<div class=\"elementor-widget-wrap elementor-element-populated\">\n\t\t\t\t\t\t<div class=\"elementor-element elementor-element-bc25546 elementor-widget elementor-widget-text-editor\" data-id=\"bc25546\" data-element_type=\"widget\" data-settings=\"{&quot;_animation&quot;:&quot;none&quot;,&quot;_animation_delay&quot;:200}\" data-widget_type=\"text-editor.default\">\n\t\t\t\t<div class=\"elementor-widget-container\">\n\t\t\t\t\t\t\t\t\t<p dir=\"ltr\">Poljoprivreda se treba podjednako upore\u0111ivati i po ekonomskim i po ekolo\u0161kim zahtevima. Precizna poljoprivreda obuhvata prostorno upravljanje sredstvima i repromaterijalima poljoprivredne proizvodnje u cilju pove\u0107anja profita, prinosa i kvaliteta proizvoda. Primenjuje se sofisticirana oprema koja se ugra\u0111uje u poljoprivredne ma\u0161ine prilikom obrade zemlji\u0161ta. GPS-om se precizno odre\u0111uje mesto gde se trenutno nalazi poljoprivredna ma\u0161ina.\u00a0<strong>Prikupljene informacije slu\u017ee za odre\u0111ivanje polo\u017eaja, kako bi se prilikom setve, raspodele \u0111ubriva ili aplikacije za\u0161titnih sredstava<\/strong>\u00a0znalo kolika je potreba repromaterijala na ta\u010dno odre\u0111enom mestu, a ne u proseku za celu povr\u0161inu kako se sada odre\u0111uje (preciznost).<\/p>\t\t\t\t\t\t\t\t<\/div>\n\t\t\t\t<\/div>\n\t\t\t\t\t<\/div>\n\t\t<\/div>\n\t\t\t\t\t<\/div>\n\t\t<\/section>\n\t\t\t\t<section class=\"elementor-section elementor-top-section elementor-element elementor-element-225acc8 elementor-section-content-middle elementor-section-boxed elementor-section-height-default elementor-section-height-default\" data-id=\"225acc8\" data-element_type=\"section\" data-settings=\"{&quot;background_background&quot;:&quot;classic&quot;,&quot;shape_divider_bottom&quot;:&quot;tilt&quot;}\">\n\t\t\t\t\t<div class=\"elementor-shape elementor-shape-bottom\" aria-hidden=\"true\" data-negative=\"false\">\n\t\t\t<svg xmlns=\"http:\/\/www.w3.org\/2000\/svg\" viewbox=\"0 0 1000 100\" preserveaspectratio=\"none\">\n\t<path class=\"elementor-shape-fill\" d=\"M0,6V0h1000v100L0,6z\"\/>\n<\/svg>\t\t<\/div>\n\t\t\t\t\t<div class=\"elementor-container elementor-column-gap-no\">\n\t\t\t\t\t<div class=\"elementor-column elementor-col-100 elementor-top-column elementor-element elementor-element-442ec22\" data-id=\"442ec22\" data-element_type=\"column\">\n\t\t\t<div class=\"elementor-widget-wrap elementor-element-populated\">\n\t\t\t\t\t\t<div class=\"elementor-element elementor-element-d0b9db6 elementor-widget elementor-widget-heading\" data-id=\"d0b9db6\" data-element_type=\"widget\" data-widget_type=\"heading.default\">\n\t\t\t\t<div class=\"elementor-widget-container\">\n\t\t\t\t\t<h2 class=\"elementor-heading-title elementor-size-default\">Potrebna vam je logisti\u010dka podr\u0161ka za poljoprivredni sektor?<\/h2>\t\t\t\t<\/div>\n\t\t\t\t<\/div>\n\t\t\t\t<div class=\"elementor-element elementor-element-60cf75e elementor-align-center elementor-widget elementor-widget-button\" data-id=\"60cf75e\" data-element_type=\"widget\" data-settings=\"{&quot;_animation&quot;:&quot;none&quot;}\" data-widget_type=\"button.default\">\n\t\t\t\t<div class=\"elementor-widget-container\">\n\t\t\t\t\t\t\t\t\t<div class=\"elementor-button-wrapper\">\n\t\t\t\t\t<a class=\"elementor-button elementor-button-link elementor-size-md elementor-animation-grow\" href=\"tel:+381603522009\" id=\"eventButton\">\n\t\t\t\t\t\t<span class=\"elementor-button-content-wrapper\">\n\t\t\t\t\t\t\t\t\t<span class=\"elementor-button-text\">Zaka\u017eite konsultacije za privatni sektor \u2706<\/span>\n\t\t\t\t\t<\/span>\n\t\t\t\t\t<\/a>\n\t\t\t\t<\/div>\n\t\t\t\t\t\t\t\t<\/div>\n\t\t\t\t<\/div>\n\t\t\t\t\t<\/div>\n\t\t<\/div>\n\t\t\t\t\t<\/div>\n\t\t<\/section>\n\t\t\t\t<\/div>","protected":false},"excerpt":{"rendered":"<p>Poljoprivreda GPS tehnologija \u2013 Pojam \u201cprecizna poljoprivreda\u201d (Precision agriculture ili Precision farming) podrazumeva blagovremeno obavljanje poljoprivrednih radova,\u00a0visoku produktivnost, smanjen broj operacija i ni\u017eu cenu rada,\u00a0a temelji se na novo razvijenim informacionim ma\u0161inskim sistemima programiranog eksploatacionog potencijala, malom broju ma\u0161ina visoke pouzdanosti i visokim tehnolo\u0161kim mogu\u0107nostima. Dok je na po\u010detku vladalo mi\u0161ljenje da automatski GPS sistemi [&hellip;]<\/p>","protected":false},"author":1,"featured_media":0,"parent":1929,"menu_order":0,"comment_status":"closed","ping_status":"closed","template":"","meta":{"footnotes":""},"class_list":["post-2102","page","type-page","status-publish","hentry","entry"],"yoast_head":"<!-- This site is optimized with the Yoast SEO plugin v26.3 - https:\/\/yoast.com\/wordpress\/plugins\/seo\/ -->\n<title>Poljoprivreda - E-box Logistic<\/title>\n<meta name=\"robots\" content=\"index, follow, max-snippet:-1, max-image-preview:large, max-video-preview:-1\" \/>\n<link rel=\"canonical\" href=\"https:\/\/e-boxlogistic.net\/en\/industrije\/poljoprivreda\/\" \/>\n<meta property=\"og:locale\" content=\"en_US\" \/>\n<meta property=\"og:type\" content=\"article\" \/>\n<meta property=\"og:title\" content=\"Poljoprivreda - E-box Logistic\" \/>\n<meta property=\"og:description\" content=\"Poljoprivreda GPS tehnologija \u2013 Pojam \u201cprecizna poljoprivreda\u201d (Precision agriculture ili Precision farming) podrazumeva blagovremeno obavljanje poljoprivrednih radova,\u00a0visoku produktivnost, smanjen broj operacija i ni\u017eu cenu rada,\u00a0a temelji se na novo razvijenim informacionim ma\u0161inskim sistemima programiranog eksploatacionog potencijala, malom broju ma\u0161ina visoke pouzdanosti i visokim tehnolo\u0161kim mogu\u0107nostima. Dok je na po\u010detku vladalo mi\u0161ljenje da automatski GPS sistemi [&hellip;]\" \/>\n<meta property=\"og:url\" content=\"https:\/\/e-boxlogistic.net\/en\/industrije\/poljoprivreda\/\" \/>\n<meta property=\"og:site_name\" content=\"E-box Logistic\" \/>\n<meta property=\"article:modified_time\" content=\"2024-03-25T07:28:44+00:00\" \/>\n<meta property=\"og:image\" content=\"https:\/\/e-boxlogistic.net\/wp-content\/uploads\/2024\/02\/148347383_m_normal_none-1024x540.webp\" \/>\n<meta name=\"twitter:card\" content=\"summary_large_image\" \/>\n<meta name=\"twitter:label1\" content=\"Est. reading time\" \/>\n\t<meta name=\"twitter:data1\" content=\"2 minutes\" \/>\n<script type=\"application\/ld+json\" class=\"yoast-schema-graph\">{\"@context\":\"https:\/\/schema.org\",\"@graph\":[{\"@type\":\"WebPage\",\"@id\":\"https:\/\/e-boxlogistic.net\/industrije\/poljoprivreda\/\",\"url\":\"https:\/\/e-boxlogistic.net\/industrije\/poljoprivreda\/\",\"name\":\"Poljoprivreda - E-box Logistic\",\"isPartOf\":{\"@id\":\"https:\/\/e-boxlogistic.net\/#website\"},\"primaryImageOfPage\":{\"@id\":\"https:\/\/e-boxlogistic.net\/industrije\/poljoprivreda\/#primaryimage\"},\"image\":{\"@id\":\"https:\/\/e-boxlogistic.net\/industrije\/poljoprivreda\/#primaryimage\"},\"thumbnailUrl\":\"https:\/\/e-boxlogistic.net\/wp-content\/uploads\/2024\/02\/148347383_m_normal_none-1024x540.webp\",\"datePublished\":\"2024-02-08T12:38:28+00:00\",\"dateModified\":\"2024-03-25T07:28:44+00:00\",\"breadcrumb\":{\"@id\":\"https:\/\/e-boxlogistic.net\/industrije\/poljoprivreda\/#breadcrumb\"},\"inLanguage\":\"en-US\",\"potentialAction\":[{\"@type\":\"ReadAction\",\"target\":[\"https:\/\/e-boxlogistic.net\/industrije\/poljoprivreda\/\"]}]},{\"@type\":\"ImageObject\",\"inLanguage\":\"en-US\",\"@id\":\"https:\/\/e-boxlogistic.net\/industrije\/poljoprivreda\/#primaryimage\",\"url\":\"https:\/\/e-boxlogistic.net\/wp-content\/uploads\/2024\/02\/148347383_m_normal_none-1024x540.webp\",\"contentUrl\":\"https:\/\/e-boxlogistic.net\/wp-content\/uploads\/2024\/02\/148347383_m_normal_none-1024x540.webp\"},{\"@type\":\"BreadcrumbList\",\"@id\":\"https:\/\/e-boxlogistic.net\/industrije\/poljoprivreda\/#breadcrumb\",\"itemListElement\":[{\"@type\":\"ListItem\",\"position\":1,\"name\":\"Home\",\"item\":\"https:\/\/e-boxlogistic.net\/\"},{\"@type\":\"ListItem\",\"position\":2,\"name\":\"Sektori industrije\",\"item\":\"https:\/\/e-boxlogistic.net\/industrije\/\"},{\"@type\":\"ListItem\",\"position\":3,\"name\":\"Poljoprivreda\"}]},{\"@type\":\"WebSite\",\"@id\":\"https:\/\/e-boxlogistic.net\/#website\",\"url\":\"https:\/\/e-boxlogistic.net\/\",\"name\":\"E-box Logistic\",\"description\":\"Transportna Logistika\",\"publisher\":{\"@id\":\"https:\/\/e-boxlogistic.net\/#organization\"},\"potentialAction\":[{\"@type\":\"SearchAction\",\"target\":{\"@type\":\"EntryPoint\",\"urlTemplate\":\"https:\/\/e-boxlogistic.net\/?s={search_term_string}\"},\"query-input\":{\"@type\":\"PropertyValueSpecification\",\"valueRequired\":true,\"valueName\":\"search_term_string\"}}],\"inLanguage\":\"en-US\"},{\"@type\":\"Organization\",\"@id\":\"https:\/\/e-boxlogistic.net\/#organization\",\"name\":\"E-box Logistic\",\"url\":\"https:\/\/e-boxlogistic.net\/\",\"logo\":{\"@type\":\"ImageObject\",\"inLanguage\":\"en-US\",\"@id\":\"https:\/\/e-boxlogistic.net\/#\/schema\/logo\/image\/\",\"url\":\"https:\/\/e-boxlogistic.net\/wp-content\/uploads\/2022\/11\/cropped-cropped-400_filter_nobg_626936def3669.webp\",\"contentUrl\":\"https:\/\/e-boxlogistic.net\/wp-content\/uploads\/2022\/11\/cropped-cropped-400_filter_nobg_626936def3669.webp\",\"width\":512,\"height\":512,\"caption\":\"E-box Logistic\"},\"image\":{\"@id\":\"https:\/\/e-boxlogistic.net\/#\/schema\/logo\/image\/\"}}]}<\/script>\n<!-- \/ Yoast SEO plugin. -->","yoast_head_json":{"title":"Poljoprivreda - E-box Logistic","robots":{"index":"index","follow":"follow","max-snippet":"max-snippet:-1","max-image-preview":"max-image-preview:large","max-video-preview":"max-video-preview:-1"},"canonical":"https:\/\/e-boxlogistic.net\/en\/industrije\/poljoprivreda\/","og_locale":"en_US","og_type":"article","og_title":"Poljoprivreda - E-box Logistic","og_description":"Poljoprivreda GPS tehnologija \u2013 Pojam \u201cprecizna poljoprivreda\u201d (Precision agriculture ili Precision farming) podrazumeva blagovremeno obavljanje poljoprivrednih radova,\u00a0visoku produktivnost, smanjen broj operacija i ni\u017eu cenu rada,\u00a0a temelji se na novo razvijenim informacionim ma\u0161inskim sistemima programiranog eksploatacionog potencijala, malom broju ma\u0161ina visoke pouzdanosti i visokim tehnolo\u0161kim mogu\u0107nostima. Dok je na po\u010detku vladalo mi\u0161ljenje da automatski GPS sistemi [&hellip;]","og_url":"https:\/\/e-boxlogistic.net\/en\/industrije\/poljoprivreda\/","og_site_name":"E-box Logistic","article_modified_time":"2024-03-25T07:28:44+00:00","og_image":[{"url":"https:\/\/e-boxlogistic.net\/wp-content\/uploads\/2024\/02\/148347383_m_normal_none-1024x540.webp","type":"","width":"","height":""}],"twitter_card":"summary_large_image","twitter_misc":{"Est. reading time":"2 minutes"},"schema":{"@context":"https:\/\/schema.org","@graph":[{"@type":"WebPage","@id":"https:\/\/e-boxlogistic.net\/industrije\/poljoprivreda\/","url":"https:\/\/e-boxlogistic.net\/industrije\/poljoprivreda\/","name":"Poljoprivreda - E-box Logistic","isPartOf":{"@id":"https:\/\/e-boxlogistic.net\/#website"},"primaryImageOfPage":{"@id":"https:\/\/e-boxlogistic.net\/industrije\/poljoprivreda\/#primaryimage"},"image":{"@id":"https:\/\/e-boxlogistic.net\/industrije\/poljoprivreda\/#primaryimage"},"thumbnailUrl":"https:\/\/e-boxlogistic.net\/wp-content\/uploads\/2024\/02\/148347383_m_normal_none-1024x540.webp","datePublished":"2024-02-08T12:38:28+00:00","dateModified":"2024-03-25T07:28:44+00:00","breadcrumb":{"@id":"https:\/\/e-boxlogistic.net\/industrije\/poljoprivreda\/#breadcrumb"},"inLanguage":"en-US","potentialAction":[{"@type":"ReadAction","target":["https:\/\/e-boxlogistic.net\/industrije\/poljoprivreda\/"]}]},{"@type":"ImageObject","inLanguage":"en-US","@id":"https:\/\/e-boxlogistic.net\/industrije\/poljoprivreda\/#primaryimage","url":"https:\/\/e-boxlogistic.net\/wp-content\/uploads\/2024\/02\/148347383_m_normal_none-1024x540.webp","contentUrl":"https:\/\/e-boxlogistic.net\/wp-content\/uploads\/2024\/02\/148347383_m_normal_none-1024x540.webp"},{"@type":"BreadcrumbList","@id":"https:\/\/e-boxlogistic.net\/industrije\/poljoprivreda\/#breadcrumb","itemListElement":[{"@type":"ListItem","position":1,"name":"Home","item":"https:\/\/e-boxlogistic.net\/"},{"@type":"ListItem","position":2,"name":"Sektori industrije","item":"https:\/\/e-boxlogistic.net\/industrije\/"},{"@type":"ListItem","position":3,"name":"Poljoprivreda"}]},{"@type":"WebSite","@id":"https:\/\/e-boxlogistic.net\/#website","url":"https:\/\/e-boxlogistic.net\/","name":"E-box Logistic","description":"Transportna Logistika","publisher":{"@id":"https:\/\/e-boxlogistic.net\/#organization"},"potentialAction":[{"@type":"SearchAction","target":{"@type":"EntryPoint","urlTemplate":"https:\/\/e-boxlogistic.net\/?s={search_term_string}"},"query-input":{"@type":"PropertyValueSpecification","valueRequired":true,"valueName":"search_term_string"}}],"inLanguage":"en-US"},{"@type":"Organization","@id":"https:\/\/e-boxlogistic.net\/#organization","name":"E-box Logistic","url":"https:\/\/e-boxlogistic.net\/","logo":{"@type":"ImageObject","inLanguage":"en-US","@id":"https:\/\/e-boxlogistic.net\/#\/schema\/logo\/image\/","url":"https:\/\/e-boxlogistic.net\/wp-content\/uploads\/2022\/11\/cropped-cropped-400_filter_nobg_626936def3669.webp","contentUrl":"https:\/\/e-boxlogistic.net\/wp-content\/uploads\/2022\/11\/cropped-cropped-400_filter_nobg_626936def3669.webp","width":512,"height":512,"caption":"E-box Logistic"},"image":{"@id":"https:\/\/e-boxlogistic.net\/#\/schema\/logo\/image\/"}}]}},"_links":{"self":[{"href":"https:\/\/e-boxlogistic.net\/en\/wp-json\/wp\/v2\/pages\/2102","targetHints":{"allow":["GET"]}}],"collection":[{"href":"https:\/\/e-boxlogistic.net\/en\/wp-json\/wp\/v2\/pages"}],"about":[{"href":"https:\/\/e-boxlogistic.net\/en\/wp-json\/wp\/v2\/types\/page"}],"author":[{"embeddable":true,"href":"https:\/\/e-boxlogistic.net\/en\/wp-json\/wp\/v2\/users\/1"}],"replies":[{"embeddable":true,"href":"https:\/\/e-boxlogistic.net\/en\/wp-json\/wp\/v2\/comments?post=2102"}],"version-history":[{"count":10,"href":"https:\/\/e-boxlogistic.net\/en\/wp-json\/wp\/v2\/pages\/2102\/revisions"}],"predecessor-version":[{"id":2432,"href":"https:\/\/e-boxlogistic.net\/en\/wp-json\/wp\/v2\/pages\/2102\/revisions\/2432"}],"up":[{"embeddable":true,"href":"https:\/\/e-boxlogistic.net\/en\/wp-json\/wp\/v2\/pages\/1929"}],"wp:attachment":[{"href":"https:\/\/e-boxlogistic.net\/en\/wp-json\/wp\/v2\/media?parent=2102"}],"curies":[{"name":"wp","href":"https:\/\/api.w.org\/{rel}","templated":true}]}}