{"id":2114,"date":"2024-02-08T12:49:07","date_gmt":"2024-02-08T12:49:07","guid":{"rendered":"https:\/\/e-boxlogistic.net\/?page_id=2114"},"modified":"2024-03-25T07:30:03","modified_gmt":"2024-03-25T07:30:03","slug":"javna-preduzeca","status":"publish","type":"page","link":"https:\/\/e-boxlogistic.net\/en\/industrije\/javna-preduzeca\/","title":{"rendered":"Javna preduze\u0107a"},"content":{"rendered":"<div data-elementor-type=\"wp-page\" data-elementor-id=\"2114\" class=\"elementor elementor-2114\" data-elementor-post-type=\"page\">\n\t\t\t\t\t\t<section class=\"elementor-section elementor-top-section elementor-element elementor-element-2fd7af8 elementor-section-boxed elementor-section-height-default elementor-section-height-default\" data-id=\"2fd7af8\" data-element_type=\"section\">\n\t\t\t\t\t\t<div class=\"elementor-container elementor-column-gap-default\">\n\t\t\t\t\t<div class=\"elementor-column elementor-col-100 elementor-top-column elementor-element elementor-element-91a5e32\" data-id=\"91a5e32\" data-element_type=\"column\">\n\t\t\t<div class=\"elementor-widget-wrap elementor-element-populated\">\n\t\t\t\t\t\t<div class=\"elementor-element elementor-element-b18f7e1 elementor-widget elementor-widget-breadcrumbs\" data-id=\"b18f7e1\" data-element_type=\"widget\" data-widget_type=\"breadcrumbs.default\">\n\t\t\t\t<div class=\"elementor-widget-container\">\n\t\t\t\t\t<p id=\"breadcrumbs\"><span><span><a href=\"https:\/\/e-boxlogistic.net\/en\/\">Home<\/a><\/span><\/span><\/p>\t\t\t\t<\/div>\n\t\t\t\t<\/div>\n\t\t\t\t\t<\/div>\n\t\t<\/div>\n\t\t\t\t\t<\/div>\n\t\t<\/section>\n\t\t\t\t<section class=\"elementor-section elementor-top-section elementor-element elementor-element-f34740b elementor-section-boxed elementor-section-height-default elementor-section-height-default\" data-id=\"f34740b\" data-element_type=\"section\">\n\t\t\t\t\t\t<div class=\"elementor-container elementor-column-gap-default\">\n\t\t\t\t\t<div class=\"elementor-column elementor-col-100 elementor-top-column elementor-element elementor-element-b6af051\" data-id=\"b6af051\" data-element_type=\"column\">\n\t\t\t<div class=\"elementor-widget-wrap elementor-element-populated\">\n\t\t\t\t\t\t<div class=\"elementor-element elementor-element-77ca8a6 elementor-headline--style-highlight elementor-widget elementor-widget-animated-headline\" data-id=\"77ca8a6\" data-element_type=\"widget\" data-settings=\"{&quot;highlighted_text&quot;:&quot;Javna preduze\\u0107a &quot;,&quot;marker&quot;:&quot;double_underline&quot;,&quot;headline_style&quot;:&quot;highlight&quot;,&quot;loop&quot;:&quot;yes&quot;,&quot;highlight_animation_duration&quot;:1200,&quot;highlight_iteration_delay&quot;:8000}\" data-widget_type=\"animated-headline.default\">\n\t\t\t\t<div class=\"elementor-widget-container\">\n\t\t\t\t\t\t\t<h1 class=\"elementor-headline\">\n\t\t\t\t<span class=\"elementor-headline-dynamic-wrapper elementor-headline-text-wrapper\">\n\t\t\t\t\t<span class=\"elementor-headline-dynamic-text elementor-headline-text-active\">Javna preduze\u0107a <\/span>\n\t\t\t\t<\/span>\n\t\t\t\t<\/h1>\n\t\t\t\t\t\t<\/div>\n\t\t\t\t<\/div>\n\t\t\t\t\t<\/div>\n\t\t<\/div>\n\t\t\t\t\t<\/div>\n\t\t<\/section>\n\t\t\t\t<section class=\"elementor-section elementor-top-section elementor-element elementor-element-e247e39 elementor-section-content-middle elementor-section-full_width elementor-section-height-default elementor-section-height-default\" data-id=\"e247e39\" data-element_type=\"section\" data-settings=\"{&quot;background_background&quot;:&quot;classic&quot;}\">\n\t\t\t\t\t\t<div class=\"elementor-container elementor-column-gap-no\">\n\t\t\t\t\t<div class=\"elementor-column elementor-col-50 elementor-top-column elementor-element elementor-element-6d7e926\" data-id=\"6d7e926\" data-element_type=\"column\">\n\t\t\t<div class=\"elementor-widget-wrap elementor-element-populated\">\n\t\t\t\t\t\t<div class=\"elementor-element elementor-element-00f84d1 elementor-widget elementor-widget-text-editor\" data-id=\"00f84d1\" data-element_type=\"widget\" data-settings=\"{&quot;_animation&quot;:&quot;none&quot;,&quot;_animation_delay&quot;:200}\" data-widget_type=\"text-editor.default\">\n\t\t\t\t<div class=\"elementor-widget-container\">\n\t\t\t\t\t\t\t\t\t<div class=\"row\"><div class=\"col-xs-12\"><div class=\"responsive-handler fr-view breakable\"><div><p>Upotreba <a href=\"https:\/\/e-boxlogistic.net\/en\/gps-pracenje-vozila\/\">softver\u0430 za pr\u0430\u0107enje vozil\u0430<\/a> u sistemima javnih preduze\u0107a svakako bi imala pozitivan efekat, jer se na taj na\u010din mogu obezbediti odgovaraju\u0107e informacije u svakom trenutku.<\/p><p>Neke od tih informacija im\u0430ju zna\u010daj u kontoli potro\u0161nje goriva (trenutna koli\u010dina goriva u rezervoaru, mesto popune gorivom i sl.), dok deo informacija mo\u017ee biti od izuzetnog zna\u010daja, pre svega, misli se na o\u010ditavanje brzine kretanja, lokacije vozila, veli\u010dine usporenja i ubrzanja i jo\u0161 mnogo toga!<\/p><\/div><\/div><\/div><\/div><div class=\"row\"><div class=\"col-xs-12\"><div class=\"row\">\u00a0<\/div><\/div><\/div>\t\t\t\t\t\t\t\t<\/div>\n\t\t\t\t<\/div>\n\t\t\t\t\t<\/div>\n\t\t<\/div>\n\t\t\t\t<div class=\"elementor-column elementor-col-50 elementor-top-column elementor-element elementor-element-4cf3784\" data-id=\"4cf3784\" data-element_type=\"column\" data-settings=\"{&quot;background_background&quot;:&quot;classic&quot;}\">\n\t\t\t<div class=\"elementor-widget-wrap elementor-element-populated\">\n\t\t\t\t\t<div class=\"elementor-background-overlay\"><\/div>\n\t\t\t\t\t\t<div class=\"elementor-element elementor-element-5f72442 elementor-widget elementor-widget-image\" data-id=\"5f72442\" data-element_type=\"widget\" data-widget_type=\"image.default\">\n\t\t\t\t<div class=\"elementor-widget-container\">\n\t\t\t\t\t\t\t\t\t\t\t\t\t\t\t<img fetchpriority=\"high\" decoding=\"async\" width=\"1024\" height=\"683\" src=\"https:\/\/e-boxlogistic.net\/wp-content\/uploads\/2024\/02\/202277383_m_normal_none-1024x683.webp\" class=\"attachment-large size-large wp-image-2116\" alt=\"\" srcset=\"https:\/\/e-boxlogistic.net\/wp-content\/uploads\/2024\/02\/202277383_m_normal_none-1024x683.webp 1024w, https:\/\/e-boxlogistic.net\/wp-content\/uploads\/2024\/02\/202277383_m_normal_none-300x200.webp 300w, https:\/\/e-boxlogistic.net\/wp-content\/uploads\/2024\/02\/202277383_m_normal_none-768x512.webp 768w, https:\/\/e-boxlogistic.net\/wp-content\/uploads\/2024\/02\/202277383_m_normal_none-1536x1024.webp 1536w, https:\/\/e-boxlogistic.net\/wp-content\/uploads\/2024\/02\/202277383_m_normal_none-2048x1365.webp 2048w, https:\/\/e-boxlogistic.net\/wp-content\/uploads\/2024\/02\/202277383_m_normal_none-18x12.webp 18w\" sizes=\"(max-width: 1024px) 100vw, 1024px\" \/>\t\t\t\t\t\t\t\t\t\t\t\t\t\t\t<\/div>\n\t\t\t\t<\/div>\n\t\t\t\t\t<\/div>\n\t\t<\/div>\n\t\t\t\t\t<\/div>\n\t\t<\/section>\n\t\t\t\t<section class=\"elementor-section elementor-top-section elementor-element elementor-element-55b7295 elementor-section-content-middle elementor-section-boxed elementor-section-height-default elementor-section-height-default\" data-id=\"55b7295\" data-element_type=\"section\" data-settings=\"{&quot;background_background&quot;:&quot;classic&quot;,&quot;shape_divider_bottom&quot;:&quot;tilt&quot;}\">\n\t\t\t\t\t<div class=\"elementor-shape elementor-shape-bottom\" aria-hidden=\"true\" data-negative=\"false\">\n\t\t\t<svg xmlns=\"http:\/\/www.w3.org\/2000\/svg\" viewbox=\"0 0 1000 100\" preserveaspectratio=\"none\">\n\t<path class=\"elementor-shape-fill\" d=\"M0,6V0h1000v100L0,6z\"\/>\n<\/svg>\t\t<\/div>\n\t\t\t\t\t<div class=\"elementor-container elementor-column-gap-no\">\n\t\t\t\t\t<div class=\"elementor-column elementor-col-100 elementor-top-column elementor-element elementor-element-53d1d14\" data-id=\"53d1d14\" data-element_type=\"column\">\n\t\t\t<div class=\"elementor-widget-wrap elementor-element-populated\">\n\t\t\t\t\t\t<div class=\"elementor-element elementor-element-a6edb54 elementor-widget elementor-widget-heading\" data-id=\"a6edb54\" data-element_type=\"widget\" data-widget_type=\"heading.default\">\n\t\t\t\t<div class=\"elementor-widget-container\">\n\t\t\t\t\t<h2 class=\"elementor-heading-title elementor-size-default\">Potrebna vam je logisti\u010dka podr\u0161ka za javno preduze\u0107e?<\/h2>\t\t\t\t<\/div>\n\t\t\t\t<\/div>\n\t\t\t\t<div class=\"elementor-element elementor-element-0ca6abf elementor-align-center elementor-widget elementor-widget-button\" data-id=\"0ca6abf\" data-element_type=\"widget\" data-settings=\"{&quot;_animation&quot;:&quot;none&quot;}\" data-widget_type=\"button.default\">\n\t\t\t\t<div class=\"elementor-widget-container\">\n\t\t\t\t\t\t\t\t\t<div class=\"elementor-button-wrapper\">\n\t\t\t\t\t<a class=\"elementor-button elementor-button-link elementor-size-md elementor-animation-grow\" href=\"tel:+381603522009\" id=\"eventButton\">\n\t\t\t\t\t\t<span class=\"elementor-button-content-wrapper\">\n\t\t\t\t\t\t\t\t\t<span class=\"elementor-button-text\">Zaka\u017eite konsultacije za javno preduze\u0107e \u2706<\/span>\n\t\t\t\t\t<\/span>\n\t\t\t\t\t<\/a>\n\t\t\t\t<\/div>\n\t\t\t\t\t\t\t\t<\/div>\n\t\t\t\t<\/div>\n\t\t\t\t\t<\/div>\n\t\t<\/div>\n\t\t\t\t\t<\/div>\n\t\t<\/section>\n\t\t\t\t<\/div>","protected":false},"excerpt":{"rendered":"<p>Javna preduze\u0107a Upotreba softver\u0430 za pr\u0430\u0107enje vozil\u0430 u sistemima javnih preduze\u0107a svakako bi imala pozitivan efekat, jer se na taj na\u010din mogu obezbediti odgovaraju\u0107e informacije u svakom trenutku. Neke od tih informacija im\u0430ju zna\u010daj u kontoli potro\u0161nje goriva (trenutna koli\u010dina goriva u rezervoaru, mesto popune gorivom i sl.), dok deo informacija mo\u017ee biti od izuzetnog [&hellip;]<\/p>","protected":false},"author":1,"featured_media":0,"parent":1929,"menu_order":0,"comment_status":"closed","ping_status":"closed","template":"","meta":{"footnotes":""},"class_list":["post-2114","page","type-page","status-publish","hentry","entry"],"yoast_head":"<!-- This site is optimized with the Yoast SEO plugin v26.3 - https:\/\/yoast.com\/wordpress\/plugins\/seo\/ -->\n<title>Javna preduze\u0107a - E-box Logistic<\/title>\n<meta name=\"robots\" content=\"index, follow, max-snippet:-1, max-image-preview:large, max-video-preview:-1\" \/>\n<link rel=\"canonical\" href=\"https:\/\/e-boxlogistic.net\/en\/industrije\/javna-preduzeca\/\" \/>\n<meta property=\"og:locale\" content=\"en_US\" \/>\n<meta property=\"og:type\" content=\"article\" \/>\n<meta property=\"og:title\" content=\"Javna preduze\u0107a - E-box Logistic\" \/>\n<meta property=\"og:description\" content=\"Javna preduze\u0107a Upotreba softver\u0430 za pr\u0430\u0107enje vozil\u0430 u sistemima javnih preduze\u0107a svakako bi imala pozitivan efekat, jer se na taj na\u010din mogu obezbediti odgovaraju\u0107e informacije u svakom trenutku. Neke od tih informacija im\u0430ju zna\u010daj u kontoli potro\u0161nje goriva (trenutna koli\u010dina goriva u rezervoaru, mesto popune gorivom i sl.), dok deo informacija mo\u017ee biti od izuzetnog [&hellip;]\" \/>\n<meta property=\"og:url\" content=\"https:\/\/e-boxlogistic.net\/en\/industrije\/javna-preduzeca\/\" \/>\n<meta property=\"og:site_name\" content=\"E-box Logistic\" \/>\n<meta property=\"article:modified_time\" content=\"2024-03-25T07:30:03+00:00\" \/>\n<meta property=\"og:image\" content=\"https:\/\/e-boxlogistic.net\/wp-content\/uploads\/2024\/02\/202277383_m_normal_none-1024x683.webp\" \/>\n<meta name=\"twitter:card\" content=\"summary_large_image\" \/>\n<meta name=\"twitter:label1\" content=\"Est. reading time\" \/>\n\t<meta name=\"twitter:data1\" content=\"1 minute\" \/>\n<script type=\"application\/ld+json\" class=\"yoast-schema-graph\">{\"@context\":\"https:\/\/schema.org\",\"@graph\":[{\"@type\":\"WebPage\",\"@id\":\"https:\/\/e-boxlogistic.net\/industrije\/javna-preduzeca\/\",\"url\":\"https:\/\/e-boxlogistic.net\/industrije\/javna-preduzeca\/\",\"name\":\"Javna preduze\u0107a - E-box Logistic\",\"isPartOf\":{\"@id\":\"https:\/\/e-boxlogistic.net\/#website\"},\"primaryImageOfPage\":{\"@id\":\"https:\/\/e-boxlogistic.net\/industrije\/javna-preduzeca\/#primaryimage\"},\"image\":{\"@id\":\"https:\/\/e-boxlogistic.net\/industrije\/javna-preduzeca\/#primaryimage\"},\"thumbnailUrl\":\"https:\/\/e-boxlogistic.net\/wp-content\/uploads\/2024\/02\/202277383_m_normal_none-1024x683.webp\",\"datePublished\":\"2024-02-08T12:49:07+00:00\",\"dateModified\":\"2024-03-25T07:30:03+00:00\",\"breadcrumb\":{\"@id\":\"https:\/\/e-boxlogistic.net\/industrije\/javna-preduzeca\/#breadcrumb\"},\"inLanguage\":\"en-US\",\"potentialAction\":[{\"@type\":\"ReadAction\",\"target\":[\"https:\/\/e-boxlogistic.net\/industrije\/javna-preduzeca\/\"]}]},{\"@type\":\"ImageObject\",\"inLanguage\":\"en-US\",\"@id\":\"https:\/\/e-boxlogistic.net\/industrije\/javna-preduzeca\/#primaryimage\",\"url\":\"https:\/\/e-boxlogistic.net\/wp-content\/uploads\/2024\/02\/202277383_m_normal_none-1024x683.webp\",\"contentUrl\":\"https:\/\/e-boxlogistic.net\/wp-content\/uploads\/2024\/02\/202277383_m_normal_none-1024x683.webp\"},{\"@type\":\"BreadcrumbList\",\"@id\":\"https:\/\/e-boxlogistic.net\/industrije\/javna-preduzeca\/#breadcrumb\",\"itemListElement\":[{\"@type\":\"ListItem\",\"position\":1,\"name\":\"Home\",\"item\":\"https:\/\/e-boxlogistic.net\/\"},{\"@type\":\"ListItem\",\"position\":2,\"name\":\"Sektori industrije\",\"item\":\"https:\/\/e-boxlogistic.net\/industrije\/\"},{\"@type\":\"ListItem\",\"position\":3,\"name\":\"Javna preduze\u0107a\"}]},{\"@type\":\"WebSite\",\"@id\":\"https:\/\/e-boxlogistic.net\/#website\",\"url\":\"https:\/\/e-boxlogistic.net\/\",\"name\":\"E-box Logistic\",\"description\":\"Transportna Logistika\",\"publisher\":{\"@id\":\"https:\/\/e-boxlogistic.net\/#organization\"},\"potentialAction\":[{\"@type\":\"SearchAction\",\"target\":{\"@type\":\"EntryPoint\",\"urlTemplate\":\"https:\/\/e-boxlogistic.net\/?s={search_term_string}\"},\"query-input\":{\"@type\":\"PropertyValueSpecification\",\"valueRequired\":true,\"valueName\":\"search_term_string\"}}],\"inLanguage\":\"en-US\"},{\"@type\":\"Organization\",\"@id\":\"https:\/\/e-boxlogistic.net\/#organization\",\"name\":\"E-box Logistic\",\"url\":\"https:\/\/e-boxlogistic.net\/\",\"logo\":{\"@type\":\"ImageObject\",\"inLanguage\":\"en-US\",\"@id\":\"https:\/\/e-boxlogistic.net\/#\/schema\/logo\/image\/\",\"url\":\"https:\/\/e-boxlogistic.net\/wp-content\/uploads\/2022\/11\/cropped-cropped-400_filter_nobg_626936def3669.webp\",\"contentUrl\":\"https:\/\/e-boxlogistic.net\/wp-content\/uploads\/2022\/11\/cropped-cropped-400_filter_nobg_626936def3669.webp\",\"width\":512,\"height\":512,\"caption\":\"E-box Logistic\"},\"image\":{\"@id\":\"https:\/\/e-boxlogistic.net\/#\/schema\/logo\/image\/\"}}]}<\/script>\n<!-- \/ Yoast SEO plugin. -->","yoast_head_json":{"title":"Javna preduze\u0107a - E-box Logistic","robots":{"index":"index","follow":"follow","max-snippet":"max-snippet:-1","max-image-preview":"max-image-preview:large","max-video-preview":"max-video-preview:-1"},"canonical":"https:\/\/e-boxlogistic.net\/en\/industrije\/javna-preduzeca\/","og_locale":"en_US","og_type":"article","og_title":"Javna preduze\u0107a - E-box Logistic","og_description":"Javna preduze\u0107a Upotreba softver\u0430 za pr\u0430\u0107enje vozil\u0430 u sistemima javnih preduze\u0107a svakako bi imala pozitivan efekat, jer se na taj na\u010din mogu obezbediti odgovaraju\u0107e informacije u svakom trenutku. Neke od tih informacija im\u0430ju zna\u010daj u kontoli potro\u0161nje goriva (trenutna koli\u010dina goriva u rezervoaru, mesto popune gorivom i sl.), dok deo informacija mo\u017ee biti od izuzetnog [&hellip;]","og_url":"https:\/\/e-boxlogistic.net\/en\/industrije\/javna-preduzeca\/","og_site_name":"E-box Logistic","article_modified_time":"2024-03-25T07:30:03+00:00","og_image":[{"url":"https:\/\/e-boxlogistic.net\/wp-content\/uploads\/2024\/02\/202277383_m_normal_none-1024x683.webp","type":"","width":"","height":""}],"twitter_card":"summary_large_image","twitter_misc":{"Est. reading time":"1 minute"},"schema":{"@context":"https:\/\/schema.org","@graph":[{"@type":"WebPage","@id":"https:\/\/e-boxlogistic.net\/industrije\/javna-preduzeca\/","url":"https:\/\/e-boxlogistic.net\/industrije\/javna-preduzeca\/","name":"Javna preduze\u0107a - E-box Logistic","isPartOf":{"@id":"https:\/\/e-boxlogistic.net\/#website"},"primaryImageOfPage":{"@id":"https:\/\/e-boxlogistic.net\/industrije\/javna-preduzeca\/#primaryimage"},"image":{"@id":"https:\/\/e-boxlogistic.net\/industrije\/javna-preduzeca\/#primaryimage"},"thumbnailUrl":"https:\/\/e-boxlogistic.net\/wp-content\/uploads\/2024\/02\/202277383_m_normal_none-1024x683.webp","datePublished":"2024-02-08T12:49:07+00:00","dateModified":"2024-03-25T07:30:03+00:00","breadcrumb":{"@id":"https:\/\/e-boxlogistic.net\/industrije\/javna-preduzeca\/#breadcrumb"},"inLanguage":"en-US","potentialAction":[{"@type":"ReadAction","target":["https:\/\/e-boxlogistic.net\/industrije\/javna-preduzeca\/"]}]},{"@type":"ImageObject","inLanguage":"en-US","@id":"https:\/\/e-boxlogistic.net\/industrije\/javna-preduzeca\/#primaryimage","url":"https:\/\/e-boxlogistic.net\/wp-content\/uploads\/2024\/02\/202277383_m_normal_none-1024x683.webp","contentUrl":"https:\/\/e-boxlogistic.net\/wp-content\/uploads\/2024\/02\/202277383_m_normal_none-1024x683.webp"},{"@type":"BreadcrumbList","@id":"https:\/\/e-boxlogistic.net\/industrije\/javna-preduzeca\/#breadcrumb","itemListElement":[{"@type":"ListItem","position":1,"name":"Home","item":"https:\/\/e-boxlogistic.net\/"},{"@type":"ListItem","position":2,"name":"Sektori industrije","item":"https:\/\/e-boxlogistic.net\/industrije\/"},{"@type":"ListItem","position":3,"name":"Javna preduze\u0107a"}]},{"@type":"WebSite","@id":"https:\/\/e-boxlogistic.net\/#website","url":"https:\/\/e-boxlogistic.net\/","name":"E-box Logistic","description":"Transportna Logistika","publisher":{"@id":"https:\/\/e-boxlogistic.net\/#organization"},"potentialAction":[{"@type":"SearchAction","target":{"@type":"EntryPoint","urlTemplate":"https:\/\/e-boxlogistic.net\/?s={search_term_string}"},"query-input":{"@type":"PropertyValueSpecification","valueRequired":true,"valueName":"search_term_string"}}],"inLanguage":"en-US"},{"@type":"Organization","@id":"https:\/\/e-boxlogistic.net\/#organization","name":"E-box Logistic","url":"https:\/\/e-boxlogistic.net\/","logo":{"@type":"ImageObject","inLanguage":"en-US","@id":"https:\/\/e-boxlogistic.net\/#\/schema\/logo\/image\/","url":"https:\/\/e-boxlogistic.net\/wp-content\/uploads\/2022\/11\/cropped-cropped-400_filter_nobg_626936def3669.webp","contentUrl":"https:\/\/e-boxlogistic.net\/wp-content\/uploads\/2022\/11\/cropped-cropped-400_filter_nobg_626936def3669.webp","width":512,"height":512,"caption":"E-box Logistic"},"image":{"@id":"https:\/\/e-boxlogistic.net\/#\/schema\/logo\/image\/"}}]}},"_links":{"self":[{"href":"https:\/\/e-boxlogistic.net\/en\/wp-json\/wp\/v2\/pages\/2114","targetHints":{"allow":["GET"]}}],"collection":[{"href":"https:\/\/e-boxlogistic.net\/en\/wp-json\/wp\/v2\/pages"}],"about":[{"href":"https:\/\/e-boxlogistic.net\/en\/wp-json\/wp\/v2\/types\/page"}],"author":[{"embeddable":true,"href":"https:\/\/e-boxlogistic.net\/en\/wp-json\/wp\/v2\/users\/1"}],"replies":[{"embeddable":true,"href":"https:\/\/e-boxlogistic.net\/en\/wp-json\/wp\/v2\/comments?post=2114"}],"version-history":[{"count":7,"href":"https:\/\/e-boxlogistic.net\/en\/wp-json\/wp\/v2\/pages\/2114\/revisions"}],"predecessor-version":[{"id":2438,"href":"https:\/\/e-boxlogistic.net\/en\/wp-json\/wp\/v2\/pages\/2114\/revisions\/2438"}],"up":[{"embeddable":true,"href":"https:\/\/e-boxlogistic.net\/en\/wp-json\/wp\/v2\/pages\/1929"}],"wp:attachment":[{"href":"https:\/\/e-boxlogistic.net\/en\/wp-json\/wp\/v2\/media?parent=2114"}],"curies":[{"name":"wp","href":"https:\/\/api.w.org\/{rel}","templated":true}]}}