{"id":1682,"date":"2024-02-05T09:28:37","date_gmt":"2024-02-05T09:28:37","guid":{"rendered":"https:\/\/e-boxlogistic.net\/?page_id=1682"},"modified":"2024-02-07T22:22:13","modified_gmt":"2024-02-07T22:22:13","slug":"izvestaji-i-proracuni","status":"publish","type":"page","link":"https:\/\/e-boxlogistic.net\/ro\/gps-pracenje-vozila\/izvestaji-i-proracuni\/","title":{"rendered":"Rapoarte si calcule"},"content":{"rendered":"<div data-elementor-type=\"wp-page\" data-elementor-id=\"1682\" class=\"elementor elementor-1682\" data-elementor-post-type=\"page\">\n\t\t\t\t\t\t<section class=\"elementor-section elementor-top-section elementor-element elementor-element-aba7d0c elementor-section-boxed elementor-section-height-default elementor-section-height-default\" data-id=\"aba7d0c\" data-element_type=\"section\">\n\t\t\t\t\t\t<div class=\"elementor-container elementor-column-gap-default\">\n\t\t\t\t\t<div class=\"elementor-column elementor-col-100 elementor-top-column elementor-element elementor-element-32ae5b0\" data-id=\"32ae5b0\" data-element_type=\"column\">\n\t\t\t<div class=\"elementor-widget-wrap elementor-element-populated\">\n\t\t\t\t\t\t<div class=\"elementor-element elementor-element-29a4730 elementor-widget elementor-widget-breadcrumbs\" data-id=\"29a4730\" data-element_type=\"widget\" data-widget_type=\"breadcrumbs.default\">\n\t\t\t\t<div class=\"elementor-widget-container\">\n\t\t\t\t\t<p id=\"breadcrumbs\"><span><span><a href=\"https:\/\/e-boxlogistic.net\/ro\/\">Home<\/a><\/span><\/span><\/p>\t\t\t\t<\/div>\n\t\t\t\t<\/div>\n\t\t\t\t<div class=\"elementor-element elementor-element-2112097 elementor-headline--style-highlight elementor-widget elementor-widget-animated-headline\" data-id=\"2112097\" data-element_type=\"widget\" data-settings=\"{&quot;highlighted_text&quot;:&quot;upravljanje tro\\u0161kovima voznog parka&quot;,&quot;marker&quot;:&quot;double_underline&quot;,&quot;headline_style&quot;:&quot;highlight&quot;,&quot;loop&quot;:&quot;yes&quot;,&quot;highlight_animation_duration&quot;:1200,&quot;highlight_iteration_delay&quot;:8000}\" data-widget_type=\"animated-headline.default\">\n\t\t\t\t<div class=\"elementor-widget-container\">\n\t\t\t\t\t\t\t<h1 class=\"elementor-headline\">\n\t\t\t\t\t<span class=\"elementor-headline-plain-text elementor-headline-text-wrapper\">Rapoarte si calcule -<\/span>\n\t\t\t\t<span class=\"elementor-headline-dynamic-wrapper elementor-headline-text-wrapper\">\n\t\t\t\t\t<span class=\"elementor-headline-dynamic-text elementor-headline-text-active\">managementul costurilor flotei<\/span>\n\t\t\t\t<\/span>\n\t\t\t\t<\/h1>\n\t\t\t\t\t\t<\/div>\n\t\t\t\t<\/div>\n\t\t\t\t\t<\/div>\n\t\t<\/div>\n\t\t\t\t\t<\/div>\n\t\t<\/section>\n\t\t\t\t<section class=\"elementor-section elementor-top-section elementor-element elementor-element-4425f38 elementor-section-content-middle elementor-section-full_width elementor-section-height-default elementor-section-height-default\" data-id=\"4425f38\" data-element_type=\"section\" data-settings=\"{&quot;background_background&quot;:&quot;classic&quot;}\">\n\t\t\t\t\t\t<div class=\"elementor-container elementor-column-gap-no\">\n\t\t\t\t\t<div class=\"elementor-column elementor-col-50 elementor-top-column elementor-element elementor-element-1c2310c\" data-id=\"1c2310c\" data-element_type=\"column\">\n\t\t\t<div class=\"elementor-widget-wrap elementor-element-populated\">\n\t\t\t\t\t\t<div class=\"elementor-element elementor-element-be96abc elementor-widget elementor-widget-text-editor\" data-id=\"be96abc\" data-element_type=\"widget\" data-settings=\"{&quot;_animation&quot;:&quot;none&quot;,&quot;_animation_delay&quot;:200}\" data-widget_type=\"text-editor.default\">\n\t\t\t\t<div class=\"elementor-widget-container\">\n\t\t\t\t\t\t\t\t\t<p><span style=\"font-weight: 400;\">Logistica de transport a flotei nu este doar <a href=\"https:\/\/e-boxlogistic.net\/ro\/gps-pracenje-vozila\/pracenje-u-realnom-vremenu\/\">Urm\u0103rirea vehiculelor prin GPS<\/a>, ci \u0219i urm\u0103rirea \u0219i optimizarea costurilor zilnic, lunar \u0219i trimestrial.\u00a0<\/span><\/p>\t\t\t\t\t\t\t\t<\/div>\n\t\t\t\t<\/div>\n\t\t\t\t<div class=\"elementor-element elementor-element-95b32a6 elementor-align-left elementor-widget elementor-widget-button\" data-id=\"95b32a6\" data-element_type=\"widget\" data-settings=\"{&quot;_animation&quot;:&quot;none&quot;}\" data-widget_type=\"button.default\">\n\t\t\t\t<div class=\"elementor-widget-container\">\n\t\t\t\t\t\t\t\t\t<div class=\"elementor-button-wrapper\">\n\t\t\t\t\t<a class=\"elementor-button elementor-button-link elementor-size-md elementor-animation-grow\" href=\"tel:+381603522009\" id=\"eventButton\">\n\t\t\t\t\t\t<span class=\"elementor-button-content-wrapper\">\n\t\t\t\t\t\t\t\t\t<span class=\"elementor-button-text\">Programa\u021bi o consiliere \u2706<\/span>\n\t\t\t\t\t<\/span>\n\t\t\t\t\t<\/a>\n\t\t\t\t<\/div>\n\t\t\t\t\t\t\t\t<\/div>\n\t\t\t\t<\/div>\n\t\t\t\t\t<\/div>\n\t\t<\/div>\n\t\t\t\t<div class=\"elementor-column elementor-col-50 elementor-top-column elementor-element elementor-element-5879d0e\" data-id=\"5879d0e\" data-element_type=\"column\" data-settings=\"{&quot;background_background&quot;:&quot;classic&quot;}\">\n\t\t\t<div class=\"elementor-widget-wrap elementor-element-populated\">\n\t\t\t\t\t<div class=\"elementor-background-overlay\"><\/div>\n\t\t\t\t\t\t<div class=\"elementor-element elementor-element-f32f3c7 elementor-widget elementor-widget-spacer\" data-id=\"f32f3c7\" data-element_type=\"widget\" data-widget_type=\"spacer.default\">\n\t\t\t\t<div class=\"elementor-widget-container\">\n\t\t\t\t\t\t\t<div class=\"elementor-spacer\">\n\t\t\t<div class=\"elementor-spacer-inner\"><\/div>\n\t\t<\/div>\n\t\t\t\t\t\t<\/div>\n\t\t\t\t<\/div>\n\t\t\t\t\t<\/div>\n\t\t<\/div>\n\t\t\t\t\t<\/div>\n\t\t<\/section>\n\t\t\t\t<section class=\"elementor-section elementor-top-section elementor-element elementor-element-0a0dd41 elementor-section-boxed elementor-section-height-default elementor-section-height-default\" data-id=\"0a0dd41\" data-element_type=\"section\">\n\t\t\t\t\t\t<div class=\"elementor-container elementor-column-gap-default\">\n\t\t\t\t\t<div class=\"elementor-column elementor-col-100 elementor-top-column elementor-element elementor-element-523812a\" data-id=\"523812a\" data-element_type=\"column\">\n\t\t\t<div class=\"elementor-widget-wrap elementor-element-populated\">\n\t\t\t\t\t\t<div class=\"elementor-element elementor-element-20e31cf elementor-widget elementor-widget-text-editor\" data-id=\"20e31cf\" data-element_type=\"widget\" data-settings=\"{&quot;_animation&quot;:&quot;none&quot;,&quot;_animation_delay&quot;:200}\" data-widget_type=\"text-editor.default\">\n\t\t\t\t<div class=\"elementor-widget-container\">\n\t\t\t\t\t\t\t\t\t<p>Cu aplica\u021bia noastr\u0103 <a href=\"https:\/\/play.google.com\/store\/apps\/dev?id=4979734951683816282\" target=\"_blank\" rel=\"noopener\">E-box<\/a> pute\u021bi verifica oric\u00e2nd, prin desktop, tablet\u0103 sau telefon mobil:<\/p>\t\t\t\t\t\t\t\t<\/div>\n\t\t\t\t<\/div>\n\t\t\t\t\t<\/div>\n\t\t<\/div>\n\t\t\t\t\t<\/div>\n\t\t<\/section>\n\t\t\t\t<section class=\"elementor-section elementor-top-section elementor-element elementor-element-d586cb6 elementor-section-full_width elementor-section-height-default elementor-section-height-default\" data-id=\"d586cb6\" data-element_type=\"section\">\n\t\t\t\t\t\t<div class=\"elementor-container elementor-column-gap-default\">\n\t\t\t\t\t<div class=\"elementor-column elementor-col-33 elementor-top-column elementor-element elementor-element-43df6d6\" data-id=\"43df6d6\" data-element_type=\"column\" data-settings=\"{&quot;background_background&quot;:&quot;classic&quot;}\">\n\t\t\t<div class=\"elementor-widget-wrap elementor-element-populated\">\n\t\t\t\t\t\t<div class=\"elementor-element elementor-element-5a4b2b9 elementor-widget elementor-widget-spacer\" data-id=\"5a4b2b9\" data-element_type=\"widget\" data-widget_type=\"spacer.default\">\n\t\t\t\t<div class=\"elementor-widget-container\">\n\t\t\t\t\t\t\t<div class=\"elementor-spacer\">\n\t\t\t<div class=\"elementor-spacer-inner\"><\/div>\n\t\t<\/div>\n\t\t\t\t\t\t<\/div>\n\t\t\t\t<\/div>\n\t\t\t\t<div class=\"elementor-element elementor-element-b394a55 elementor-widget elementor-widget-heading\" data-id=\"b394a55\" data-element_type=\"widget\" data-widget_type=\"heading.default\">\n\t\t\t\t<div class=\"elementor-widget-container\">\n\t\t\t\t\t<p class=\"elementor-heading-title elementor-size-default\">Costuri fixe \n<\/p>\t\t\t\t<\/div>\n\t\t\t\t<\/div>\n\t\t\t\t<div class=\"elementor-element elementor-element-b41dc4b elementor-widget elementor-widget-spacer\" data-id=\"b41dc4b\" data-element_type=\"widget\" data-widget_type=\"spacer.default\">\n\t\t\t\t<div class=\"elementor-widget-container\">\n\t\t\t\t\t\t\t<div class=\"elementor-spacer\">\n\t\t\t<div class=\"elementor-spacer-inner\"><\/div>\n\t\t<\/div>\n\t\t\t\t\t\t<\/div>\n\t\t\t\t<\/div>\n\t\t\t\t\t<\/div>\n\t\t<\/div>\n\t\t\t\t<div class=\"elementor-column elementor-col-33 elementor-top-column elementor-element elementor-element-6b220ad\" data-id=\"6b220ad\" data-element_type=\"column\" data-settings=\"{&quot;background_background&quot;:&quot;classic&quot;}\">\n\t\t\t<div class=\"elementor-widget-wrap elementor-element-populated\">\n\t\t\t\t\t\t<div class=\"elementor-element elementor-element-4dfa8f2 elementor-widget elementor-widget-spacer\" data-id=\"4dfa8f2\" data-element_type=\"widget\" data-widget_type=\"spacer.default\">\n\t\t\t\t<div class=\"elementor-widget-container\">\n\t\t\t\t\t\t\t<div class=\"elementor-spacer\">\n\t\t\t<div class=\"elementor-spacer-inner\"><\/div>\n\t\t<\/div>\n\t\t\t\t\t\t<\/div>\n\t\t\t\t<\/div>\n\t\t\t\t<div class=\"elementor-element elementor-element-e6cba18 elementor-widget elementor-widget-heading\" data-id=\"e6cba18\" data-element_type=\"widget\" data-widget_type=\"heading.default\">\n\t\t\t\t<div class=\"elementor-widget-container\">\n\t\t\t\t\t<p class=\"elementor-heading-title elementor-size-default\">Pret pe kilometru\n<\/p>\t\t\t\t<\/div>\n\t\t\t\t<\/div>\n\t\t\t\t<div class=\"elementor-element elementor-element-45ce57d elementor-widget elementor-widget-spacer\" data-id=\"45ce57d\" data-element_type=\"widget\" data-widget_type=\"spacer.default\">\n\t\t\t\t<div class=\"elementor-widget-container\">\n\t\t\t\t\t\t\t<div class=\"elementor-spacer\">\n\t\t\t<div class=\"elementor-spacer-inner\"><\/div>\n\t\t<\/div>\n\t\t\t\t\t\t<\/div>\n\t\t\t\t<\/div>\n\t\t\t\t\t<\/div>\n\t\t<\/div>\n\t\t\t\t<div class=\"elementor-column elementor-col-33 elementor-top-column elementor-element elementor-element-1ba7c57\" data-id=\"1ba7c57\" data-element_type=\"column\" data-settings=\"{&quot;background_background&quot;:&quot;classic&quot;}\">\n\t\t\t<div class=\"elementor-widget-wrap elementor-element-populated\">\n\t\t\t\t\t\t<div class=\"elementor-element elementor-element-24bfacf elementor-widget elementor-widget-spacer\" data-id=\"24bfacf\" data-element_type=\"widget\" data-widget_type=\"spacer.default\">\n\t\t\t\t<div class=\"elementor-widget-container\">\n\t\t\t\t\t\t\t<div class=\"elementor-spacer\">\n\t\t\t<div class=\"elementor-spacer-inner\"><\/div>\n\t\t<\/div>\n\t\t\t\t\t\t<\/div>\n\t\t\t\t<\/div>\n\t\t\t\t<div class=\"elementor-element elementor-element-2533b03 elementor-widget elementor-widget-heading\" data-id=\"2533b03\" data-element_type=\"widget\" data-widget_type=\"heading.default\">\n\t\t\t\t<div class=\"elementor-widget-container\">\n\t\t\t\t\t<p class=\"elementor-heading-title elementor-size-default\">Pret pe ora \n<\/p>\t\t\t\t<\/div>\n\t\t\t\t<\/div>\n\t\t\t\t<div class=\"elementor-element elementor-element-eeb1402 elementor-widget elementor-widget-spacer\" data-id=\"eeb1402\" data-element_type=\"widget\" data-widget_type=\"spacer.default\">\n\t\t\t\t<div class=\"elementor-widget-container\">\n\t\t\t\t\t\t\t<div class=\"elementor-spacer\">\n\t\t\t<div class=\"elementor-spacer-inner\"><\/div>\n\t\t<\/div>\n\t\t\t\t\t\t<\/div>\n\t\t\t\t<\/div>\n\t\t\t\t\t<\/div>\n\t\t<\/div>\n\t\t\t\t\t<\/div>\n\t\t<\/section>\n\t\t\t\t<section class=\"elementor-section elementor-top-section elementor-element elementor-element-f197f00 elementor-section-content-middle elementor-section-full_width elementor-section-height-default elementor-section-height-default\" data-id=\"f197f00\" data-element_type=\"section\" data-settings=\"{&quot;background_background&quot;:&quot;classic&quot;}\">\n\t\t\t\t\t\t<div class=\"elementor-container elementor-column-gap-no\">\n\t\t\t\t\t<div class=\"elementor-column elementor-col-100 elementor-top-column elementor-element elementor-element-5552759\" data-id=\"5552759\" data-element_type=\"column\" data-settings=\"{&quot;background_background&quot;:&quot;classic&quot;}\">\n\t\t\t<div class=\"elementor-widget-wrap elementor-element-populated\">\n\t\t\t\t\t<div class=\"elementor-background-overlay\"><\/div>\n\t\t\t\t\t\t<div class=\"elementor-element elementor-element-0545827 elementor-widget elementor-widget-spacer\" data-id=\"0545827\" data-element_type=\"widget\" data-widget_type=\"spacer.default\">\n\t\t\t\t<div class=\"elementor-widget-container\">\n\t\t\t\t\t\t\t<div class=\"elementor-spacer\">\n\t\t\t<div class=\"elementor-spacer-inner\"><\/div>\n\t\t<\/div>\n\t\t\t\t\t\t<\/div>\n\t\t\t\t<\/div>\n\t\t\t\t\t<\/div>\n\t\t<\/div>\n\t\t\t\t\t<\/div>\n\t\t<\/section>\n\t\t\t\t<\/div>","protected":false},"excerpt":{"rendered":"<p>Izve\u0161taji i prora\u010duni &#8211; upravljanje tro\u0161kovima voznog parka Transportna logistika voznog parka nije samo GPS pra\u0107enje vozila, ve\u0107 i pra\u0107enje i optimizacija tro\u0161kova na dnevnom, mese\u010dnom i kvartalnom nivou.\u00a0 Zaka\u017eite konsultacije \u2706 Uz na\u0161u E-box mobilnu aplikaciju mo\u017eete preko dekstopa, tableta ili telefona u svakom trenutku da merite: Fiksne tro\u0161kove Cenu po kilometru Cenu po [&hellip;]<\/p>","protected":false},"author":1,"featured_media":1689,"parent":321,"menu_order":0,"comment_status":"closed","ping_status":"closed","template":"","meta":{"footnotes":""},"class_list":["post-1682","page","type-page","status-publish","has-post-thumbnail","hentry","entry","has-media"],"yoast_head":"<!-- This site is optimized with the Yoast SEO plugin v26.3 - https:\/\/yoast.com\/wordpress\/plugins\/seo\/ -->\n<title>Izve\u0161taji i prora\u010duni | GPS satelitsko pra\u0107enje vozila i kamiona | E-box Logistic<\/title>\n<meta name=\"description\" content=\"Pratite i optimizujte tro\u0161kove na dnevnom, mese\u010dnom i kvartalnom nivou. Posetite na\u0161 sajt, saznajte vi\u0161e i zaka\u017eite besplatne konsultacije!\" \/>\n<meta name=\"robots\" content=\"index, follow, max-snippet:-1, max-image-preview:large, max-video-preview:-1\" \/>\n<link rel=\"canonical\" href=\"https:\/\/e-boxlogistic.net\/ro\/gps-pracenje-vozila\/izvestaji-i-proracuni\/\" \/>\n<meta property=\"og:locale\" content=\"ro_RO\" \/>\n<meta property=\"og:type\" content=\"article\" \/>\n<meta property=\"og:title\" content=\"Izve\u0161taji i prora\u010duni | GPS satelitsko pra\u0107enje vozila i kamiona | E-box Logistic\" \/>\n<meta property=\"og:description\" content=\"Pratite i optimizujte tro\u0161kove na dnevnom, mese\u010dnom i kvartalnom nivou. Posetite na\u0161 sajt, saznajte vi\u0161e i zaka\u017eite besplatne konsultacije!\" \/>\n<meta property=\"og:url\" content=\"https:\/\/e-boxlogistic.net\/ro\/gps-pracenje-vozila\/izvestaji-i-proracuni\/\" \/>\n<meta property=\"og:site_name\" content=\"E-box Logistic\" \/>\n<meta property=\"article:modified_time\" content=\"2024-02-07T22:22:13+00:00\" \/>\n<meta property=\"og:image\" content=\"https:\/\/e-boxlogistic.net\/wp-content\/uploads\/2024\/02\/196374430_m_normal_none-scaled.webp\" \/>\n\t<meta property=\"og:image:width\" content=\"2560\" \/>\n\t<meta property=\"og:image:height\" content=\"1169\" \/>\n\t<meta property=\"og:image:type\" content=\"image\/webp\" \/>\n<meta name=\"twitter:card\" content=\"summary_large_image\" \/>\n<meta name=\"twitter:label1\" content=\"Timp estimat pentru citire\" \/>\n\t<meta name=\"twitter:data1\" content=\"1 minut\" \/>\n<script type=\"application\/ld+json\" class=\"yoast-schema-graph\">{\"@context\":\"https:\/\/schema.org\",\"@graph\":[{\"@type\":\"WebPage\",\"@id\":\"https:\/\/e-boxlogistic.net\/gps-pracenje-vozila\/izvestaji-i-proracuni\/\",\"url\":\"https:\/\/e-boxlogistic.net\/gps-pracenje-vozila\/izvestaji-i-proracuni\/\",\"name\":\"Izve\u0161taji i prora\u010duni | GPS satelitsko pra\u0107enje vozila i kamiona | E-box Logistic\",\"isPartOf\":{\"@id\":\"https:\/\/e-boxlogistic.net\/#website\"},\"primaryImageOfPage\":{\"@id\":\"https:\/\/e-boxlogistic.net\/gps-pracenje-vozila\/izvestaji-i-proracuni\/#primaryimage\"},\"image\":{\"@id\":\"https:\/\/e-boxlogistic.net\/gps-pracenje-vozila\/izvestaji-i-proracuni\/#primaryimage\"},\"thumbnailUrl\":\"https:\/\/e-boxlogistic.net\/wp-content\/uploads\/2024\/02\/196374430_m_normal_none-scaled.webp\",\"datePublished\":\"2024-02-05T09:28:37+00:00\",\"dateModified\":\"2024-02-07T22:22:13+00:00\",\"description\":\"Pratite i optimizujte tro\u0161kove na dnevnom, mese\u010dnom i kvartalnom nivou. Posetite na\u0161 sajt, saznajte vi\u0161e i zaka\u017eite besplatne konsultacije!\",\"breadcrumb\":{\"@id\":\"https:\/\/e-boxlogistic.net\/gps-pracenje-vozila\/izvestaji-i-proracuni\/#breadcrumb\"},\"inLanguage\":\"ro-RO\",\"potentialAction\":[{\"@type\":\"ReadAction\",\"target\":[\"https:\/\/e-boxlogistic.net\/gps-pracenje-vozila\/izvestaji-i-proracuni\/\"]}]},{\"@type\":\"ImageObject\",\"inLanguage\":\"ro-RO\",\"@id\":\"https:\/\/e-boxlogistic.net\/gps-pracenje-vozila\/izvestaji-i-proracuni\/#primaryimage\",\"url\":\"https:\/\/e-boxlogistic.net\/wp-content\/uploads\/2024\/02\/196374430_m_normal_none-scaled.webp\",\"contentUrl\":\"https:\/\/e-boxlogistic.net\/wp-content\/uploads\/2024\/02\/196374430_m_normal_none-scaled.webp\",\"width\":2560,\"height\":1169,\"caption\":\"Izve\u0161taji i prora\u010duni - upravljanje tro\u0161kovima voznog parka\"},{\"@type\":\"BreadcrumbList\",\"@id\":\"https:\/\/e-boxlogistic.net\/gps-pracenje-vozila\/izvestaji-i-proracuni\/#breadcrumb\",\"itemListElement\":[{\"@type\":\"ListItem\",\"position\":1,\"name\":\"Home\",\"item\":\"https:\/\/e-boxlogistic.net\/\"},{\"@type\":\"ListItem\",\"position\":2,\"name\":\"GPS pra\u0107enje vozila\",\"item\":\"https:\/\/e-boxlogistic.net\/gps-pracenje-vozila\/\"},{\"@type\":\"ListItem\",\"position\":3,\"name\":\"Izve\u0161taji i prora\u010duni\"}]},{\"@type\":\"WebSite\",\"@id\":\"https:\/\/e-boxlogistic.net\/#website\",\"url\":\"https:\/\/e-boxlogistic.net\/\",\"name\":\"E-box Logistic\",\"description\":\"Transportna Logistika\",\"publisher\":{\"@id\":\"https:\/\/e-boxlogistic.net\/#organization\"},\"potentialAction\":[{\"@type\":\"SearchAction\",\"target\":{\"@type\":\"EntryPoint\",\"urlTemplate\":\"https:\/\/e-boxlogistic.net\/?s={search_term_string}\"},\"query-input\":{\"@type\":\"PropertyValueSpecification\",\"valueRequired\":true,\"valueName\":\"search_term_string\"}}],\"inLanguage\":\"ro-RO\"},{\"@type\":\"Organization\",\"@id\":\"https:\/\/e-boxlogistic.net\/#organization\",\"name\":\"E-box Logistic\",\"url\":\"https:\/\/e-boxlogistic.net\/\",\"logo\":{\"@type\":\"ImageObject\",\"inLanguage\":\"ro-RO\",\"@id\":\"https:\/\/e-boxlogistic.net\/#\/schema\/logo\/image\/\",\"url\":\"https:\/\/e-boxlogistic.net\/wp-content\/uploads\/2022\/11\/cropped-cropped-400_filter_nobg_626936def3669.webp\",\"contentUrl\":\"https:\/\/e-boxlogistic.net\/wp-content\/uploads\/2022\/11\/cropped-cropped-400_filter_nobg_626936def3669.webp\",\"width\":512,\"height\":512,\"caption\":\"E-box Logistic\"},\"image\":{\"@id\":\"https:\/\/e-boxlogistic.net\/#\/schema\/logo\/image\/\"}}]}<\/script>\n<!-- \/ Yoast SEO plugin. -->","yoast_head_json":{"title":"Izve\u0161taji i prora\u010duni | GPS satelitsko pra\u0107enje vozila i kamiona | E-box Logistic","description":"Pratite i optimizujte tro\u0161kove na dnevnom, mese\u010dnom i kvartalnom nivou. Posetite na\u0161 sajt, saznajte vi\u0161e i zaka\u017eite besplatne konsultacije!","robots":{"index":"index","follow":"follow","max-snippet":"max-snippet:-1","max-image-preview":"max-image-preview:large","max-video-preview":"max-video-preview:-1"},"canonical":"https:\/\/e-boxlogistic.net\/ro\/gps-pracenje-vozila\/izvestaji-i-proracuni\/","og_locale":"ro_RO","og_type":"article","og_title":"Izve\u0161taji i prora\u010duni | GPS satelitsko pra\u0107enje vozila i kamiona | E-box Logistic","og_description":"Pratite i optimizujte tro\u0161kove na dnevnom, mese\u010dnom i kvartalnom nivou. Posetite na\u0161 sajt, saznajte vi\u0161e i zaka\u017eite besplatne konsultacije!","og_url":"https:\/\/e-boxlogistic.net\/ro\/gps-pracenje-vozila\/izvestaji-i-proracuni\/","og_site_name":"E-box Logistic","article_modified_time":"2024-02-07T22:22:13+00:00","og_image":[{"width":2560,"height":1169,"url":"https:\/\/e-boxlogistic.net\/wp-content\/uploads\/2024\/02\/196374430_m_normal_none-scaled.webp","type":"image\/webp"}],"twitter_card":"summary_large_image","twitter_misc":{"Timp estimat pentru citire":"1 minut"},"schema":{"@context":"https:\/\/schema.org","@graph":[{"@type":"WebPage","@id":"https:\/\/e-boxlogistic.net\/gps-pracenje-vozila\/izvestaji-i-proracuni\/","url":"https:\/\/e-boxlogistic.net\/gps-pracenje-vozila\/izvestaji-i-proracuni\/","name":"Izve\u0161taji i prora\u010duni | GPS satelitsko pra\u0107enje vozila i kamiona | E-box Logistic","isPartOf":{"@id":"https:\/\/e-boxlogistic.net\/#website"},"primaryImageOfPage":{"@id":"https:\/\/e-boxlogistic.net\/gps-pracenje-vozila\/izvestaji-i-proracuni\/#primaryimage"},"image":{"@id":"https:\/\/e-boxlogistic.net\/gps-pracenje-vozila\/izvestaji-i-proracuni\/#primaryimage"},"thumbnailUrl":"https:\/\/e-boxlogistic.net\/wp-content\/uploads\/2024\/02\/196374430_m_normal_none-scaled.webp","datePublished":"2024-02-05T09:28:37+00:00","dateModified":"2024-02-07T22:22:13+00:00","description":"Pratite i optimizujte tro\u0161kove na dnevnom, mese\u010dnom i kvartalnom nivou. Posetite na\u0161 sajt, saznajte vi\u0161e i zaka\u017eite besplatne konsultacije!","breadcrumb":{"@id":"https:\/\/e-boxlogistic.net\/gps-pracenje-vozila\/izvestaji-i-proracuni\/#breadcrumb"},"inLanguage":"ro-RO","potentialAction":[{"@type":"ReadAction","target":["https:\/\/e-boxlogistic.net\/gps-pracenje-vozila\/izvestaji-i-proracuni\/"]}]},{"@type":"ImageObject","inLanguage":"ro-RO","@id":"https:\/\/e-boxlogistic.net\/gps-pracenje-vozila\/izvestaji-i-proracuni\/#primaryimage","url":"https:\/\/e-boxlogistic.net\/wp-content\/uploads\/2024\/02\/196374430_m_normal_none-scaled.webp","contentUrl":"https:\/\/e-boxlogistic.net\/wp-content\/uploads\/2024\/02\/196374430_m_normal_none-scaled.webp","width":2560,"height":1169,"caption":"Izve\u0161taji i prora\u010duni - upravljanje tro\u0161kovima voznog parka"},{"@type":"BreadcrumbList","@id":"https:\/\/e-boxlogistic.net\/gps-pracenje-vozila\/izvestaji-i-proracuni\/#breadcrumb","itemListElement":[{"@type":"ListItem","position":1,"name":"Home","item":"https:\/\/e-boxlogistic.net\/"},{"@type":"ListItem","position":2,"name":"GPS pra\u0107enje vozila","item":"https:\/\/e-boxlogistic.net\/gps-pracenje-vozila\/"},{"@type":"ListItem","position":3,"name":"Izve\u0161taji i prora\u010duni"}]},{"@type":"WebSite","@id":"https:\/\/e-boxlogistic.net\/#website","url":"https:\/\/e-boxlogistic.net\/","name":"E-box Logistic","description":"Transportna Logistika","publisher":{"@id":"https:\/\/e-boxlogistic.net\/#organization"},"potentialAction":[{"@type":"SearchAction","target":{"@type":"EntryPoint","urlTemplate":"https:\/\/e-boxlogistic.net\/?s={search_term_string}"},"query-input":{"@type":"PropertyValueSpecification","valueRequired":true,"valueName":"search_term_string"}}],"inLanguage":"ro-RO"},{"@type":"Organization","@id":"https:\/\/e-boxlogistic.net\/#organization","name":"E-box Logistic","url":"https:\/\/e-boxlogistic.net\/","logo":{"@type":"ImageObject","inLanguage":"ro-RO","@id":"https:\/\/e-boxlogistic.net\/#\/schema\/logo\/image\/","url":"https:\/\/e-boxlogistic.net\/wp-content\/uploads\/2022\/11\/cropped-cropped-400_filter_nobg_626936def3669.webp","contentUrl":"https:\/\/e-boxlogistic.net\/wp-content\/uploads\/2022\/11\/cropped-cropped-400_filter_nobg_626936def3669.webp","width":512,"height":512,"caption":"E-box Logistic"},"image":{"@id":"https:\/\/e-boxlogistic.net\/#\/schema\/logo\/image\/"}}]}},"_links":{"self":[{"href":"https:\/\/e-boxlogistic.net\/ro\/wp-json\/wp\/v2\/pages\/1682","targetHints":{"allow":["GET"]}}],"collection":[{"href":"https:\/\/e-boxlogistic.net\/ro\/wp-json\/wp\/v2\/pages"}],"about":[{"href":"https:\/\/e-boxlogistic.net\/ro\/wp-json\/wp\/v2\/types\/page"}],"author":[{"embeddable":true,"href":"https:\/\/e-boxlogistic.net\/ro\/wp-json\/wp\/v2\/users\/1"}],"replies":[{"embeddable":true,"href":"https:\/\/e-boxlogistic.net\/ro\/wp-json\/wp\/v2\/comments?post=1682"}],"version-history":[{"count":25,"href":"https:\/\/e-boxlogistic.net\/ro\/wp-json\/wp\/v2\/pages\/1682\/revisions"}],"predecessor-version":[{"id":1951,"href":"https:\/\/e-boxlogistic.net\/ro\/wp-json\/wp\/v2\/pages\/1682\/revisions\/1951"}],"up":[{"embeddable":true,"href":"https:\/\/e-boxlogistic.net\/ro\/wp-json\/wp\/v2\/pages\/321"}],"wp:featuredmedia":[{"embeddable":true,"href":"https:\/\/e-boxlogistic.net\/ro\/wp-json\/wp\/v2\/media\/1689"}],"wp:attachment":[{"href":"https:\/\/e-boxlogistic.net\/ro\/wp-json\/wp\/v2\/media?parent=1682"}],"curies":[{"name":"wp","href":"https:\/\/api.w.org\/{rel}","templated":true}]}}