{"id":2108,"date":"2024-02-08T12:45:13","date_gmt":"2024-02-08T12:45:13","guid":{"rendered":"https:\/\/e-boxlogistic.net\/?page_id=2108"},"modified":"2024-03-25T07:29:33","modified_gmt":"2024-03-25T07:29:33","slug":"taxi-prevoz","status":"publish","type":"page","link":"https:\/\/e-boxlogistic.net\/tr\/industrije\/taxi-prevoz\/","title":{"rendered":"Taksi Ta\u015f\u0131mac\u0131l\u0131\u011f\u0131"},"content":{"rendered":"<div data-elementor-type=\"wp-page\" data-elementor-id=\"2108\" class=\"elementor elementor-2108\" data-elementor-post-type=\"page\">\n\t\t\t\t\t\t<section class=\"elementor-section elementor-top-section elementor-element elementor-element-b3708da elementor-section-boxed elementor-section-height-default elementor-section-height-default\" data-id=\"b3708da\" data-element_type=\"section\">\n\t\t\t\t\t\t<div class=\"elementor-container elementor-column-gap-default\">\n\t\t\t\t\t<div class=\"elementor-column elementor-col-100 elementor-top-column elementor-element elementor-element-632981c\" data-id=\"632981c\" data-element_type=\"column\">\n\t\t\t<div class=\"elementor-widget-wrap elementor-element-populated\">\n\t\t\t\t\t\t<div class=\"elementor-element elementor-element-08cbcdb elementor-widget elementor-widget-breadcrumbs\" data-id=\"08cbcdb\" data-element_type=\"widget\" data-widget_type=\"breadcrumbs.default\">\n\t\t\t\t<div class=\"elementor-widget-container\">\n\t\t\t\t\t<p id=\"breadcrumbs\"><span><span><a href=\"https:\/\/e-boxlogistic.net\/tr\/\">Anasayfa<\/a><\/span><\/span><\/p>\t\t\t\t<\/div>\n\t\t\t\t<\/div>\n\t\t\t\t\t<\/div>\n\t\t<\/div>\n\t\t\t\t\t<\/div>\n\t\t<\/section>\n\t\t\t\t<section class=\"elementor-section elementor-top-section elementor-element elementor-element-6a6182a elementor-section-boxed elementor-section-height-default elementor-section-height-default\" data-id=\"6a6182a\" data-element_type=\"section\">\n\t\t\t\t\t\t<div class=\"elementor-container elementor-column-gap-default\">\n\t\t\t\t\t<div class=\"elementor-column elementor-col-100 elementor-top-column elementor-element elementor-element-c39e3d8\" data-id=\"c39e3d8\" data-element_type=\"column\">\n\t\t\t<div class=\"elementor-widget-wrap elementor-element-populated\">\n\t\t\t\t\t\t<div class=\"elementor-element elementor-element-72f6e3b elementor-headline--style-highlight elementor-widget elementor-widget-animated-headline\" data-id=\"72f6e3b\" data-element_type=\"widget\" data-settings=\"{&quot;highlighted_text&quot;:&quot;Taxi prevoz&quot;,&quot;marker&quot;:&quot;double_underline&quot;,&quot;headline_style&quot;:&quot;highlight&quot;,&quot;loop&quot;:&quot;yes&quot;,&quot;highlight_animation_duration&quot;:1200,&quot;highlight_iteration_delay&quot;:8000}\" data-widget_type=\"animated-headline.default\">\n\t\t\t\t<div class=\"elementor-widget-container\">\n\t\t\t\t\t\t\t<h1 class=\"elementor-headline\">\n\t\t\t\t<span class=\"elementor-headline-dynamic-wrapper elementor-headline-text-wrapper\">\n\t\t\t\t\t<span class=\"elementor-headline-dynamic-text elementor-headline-text-active\">Taksi Ta\u015f\u0131mac\u0131l\u0131\u011f\u0131<\/span>\n\t\t\t\t<\/span>\n\t\t\t\t<\/h1>\n\t\t\t\t\t\t<\/div>\n\t\t\t\t<\/div>\n\t\t\t\t\t<\/div>\n\t\t<\/div>\n\t\t\t\t\t<\/div>\n\t\t<\/section>\n\t\t\t\t<section class=\"elementor-section elementor-top-section elementor-element elementor-element-053e85a elementor-section-content-middle elementor-section-full_width elementor-section-height-default elementor-section-height-default\" data-id=\"053e85a\" data-element_type=\"section\" data-settings=\"{&quot;background_background&quot;:&quot;classic&quot;}\">\n\t\t\t\t\t\t<div class=\"elementor-container elementor-column-gap-no\">\n\t\t\t\t\t<div class=\"elementor-column elementor-col-50 elementor-top-column elementor-element elementor-element-dcb792c\" data-id=\"dcb792c\" data-element_type=\"column\">\n\t\t\t<div class=\"elementor-widget-wrap elementor-element-populated\">\n\t\t\t\t\t\t<div class=\"elementor-element elementor-element-4783b33 elementor-widget elementor-widget-text-editor\" data-id=\"4783b33\" data-element_type=\"widget\" data-settings=\"{&quot;_animation&quot;:&quot;none&quot;,&quot;_animation_delay&quot;:200}\" data-widget_type=\"text-editor.default\">\n\t\t\t\t<div class=\"elementor-widget-container\">\n\t\t\t\t\t\t\t\t\t<div class=\"row\"><div class=\"col-xs-12\"><div class=\"responsive-handler fr-view breakable\"><div><p>Navigasyon sistemi, hem taksi \u015fof\u00f6rleri hem de vatanda\u015flar i\u00e7in \u00e7ok verimli ve faydal\u0131d\u0131r; vatanda\u015flar, \u00f6rne\u011fin \u00e7ocuklar\u0131n\u0131n veya taksideki bir paketin her an nerede oldu\u011funu \u00f6\u011frenebilirler. Navigasyon sisteminin yard\u0131m\u0131yla, E-Box Logistic yaz\u0131l\u0131m\u0131 ve <a href=\"https:\/\/e-boxlogistic.net\/tr\/gps-pracenje-vozila\/\">GPS teknolojisi<\/a>arac\u0131l\u0131\u011f\u0131yla, derne\u011fin operat\u00f6rleri en yak\u0131n ara\u00e7lar\u0131 bulacak ve b\u00f6ylece taksi \u015fof\u00f6rleri \u015fehirde dola\u015farak yak\u0131t israf etmeyecek, bu da trafik ak\u0131\u015f\u0131n\u0131 iyile\u015ftirecektir.<\/p><\/div><\/div><\/div><\/div>\t\t\t\t\t\t\t\t<\/div>\n\t\t\t\t<\/div>\n\t\t\t\t\t<\/div>\n\t\t<\/div>\n\t\t\t\t<div class=\"elementor-column elementor-col-50 elementor-top-column elementor-element elementor-element-2caf296\" data-id=\"2caf296\" data-element_type=\"column\" data-settings=\"{&quot;background_background&quot;:&quot;classic&quot;}\">\n\t\t\t<div class=\"elementor-widget-wrap elementor-element-populated\">\n\t\t\t\t\t<div class=\"elementor-background-overlay\"><\/div>\n\t\t\t\t\t\t<div class=\"elementor-element elementor-element-0ea874c elementor-widget elementor-widget-image\" data-id=\"0ea874c\" data-element_type=\"widget\" data-widget_type=\"image.default\">\n\t\t\t\t<div class=\"elementor-widget-container\">\n\t\t\t\t\t\t\t\t\t\t\t\t\t\t\t<img fetchpriority=\"high\" decoding=\"async\" width=\"1024\" height=\"683\" src=\"https:\/\/e-boxlogistic.net\/wp-content\/uploads\/2024\/02\/131610074_m_normal_none-1024x683.webp\" class=\"attachment-large size-large wp-image-1937\" alt=\"\" srcset=\"https:\/\/e-boxlogistic.net\/wp-content\/uploads\/2024\/02\/131610074_m_normal_none-1024x683.webp 1024w, https:\/\/e-boxlogistic.net\/wp-content\/uploads\/2024\/02\/131610074_m_normal_none-300x200.webp 300w, https:\/\/e-boxlogistic.net\/wp-content\/uploads\/2024\/02\/131610074_m_normal_none-768x512.webp 768w, https:\/\/e-boxlogistic.net\/wp-content\/uploads\/2024\/02\/131610074_m_normal_none-1536x1024.webp 1536w, https:\/\/e-boxlogistic.net\/wp-content\/uploads\/2024\/02\/131610074_m_normal_none-2048x1365.webp 2048w, https:\/\/e-boxlogistic.net\/wp-content\/uploads\/2024\/02\/131610074_m_normal_none-18x12.webp 18w\" sizes=\"(max-width: 1024px) 100vw, 1024px\" \/>\t\t\t\t\t\t\t\t\t\t\t\t\t\t\t<\/div>\n\t\t\t\t<\/div>\n\t\t\t\t\t<\/div>\n\t\t<\/div>\n\t\t\t\t\t<\/div>\n\t\t<\/section>\n\t\t\t\t<section class=\"elementor-section elementor-top-section elementor-element elementor-element-c42723d elementor-section-content-middle elementor-section-boxed elementor-section-height-default elementor-section-height-default\" data-id=\"c42723d\" data-element_type=\"section\" data-settings=\"{&quot;background_background&quot;:&quot;classic&quot;,&quot;shape_divider_bottom&quot;:&quot;tilt&quot;}\">\n\t\t\t\t\t<div class=\"elementor-shape elementor-shape-bottom\" aria-hidden=\"true\" data-negative=\"false\">\n\t\t\t<svg xmlns=\"http:\/\/www.w3.org\/2000\/svg\" viewbox=\"0 0 1000 100\" preserveaspectratio=\"none\">\n\t<path class=\"elementor-shape-fill\" d=\"M0,6V0h1000v100L0,6z\"\/>\n<\/svg>\t\t<\/div>\n\t\t\t\t\t<div class=\"elementor-container elementor-column-gap-no\">\n\t\t\t\t\t<div class=\"elementor-column elementor-col-100 elementor-top-column elementor-element elementor-element-47f7c66\" data-id=\"47f7c66\" data-element_type=\"column\">\n\t\t\t<div class=\"elementor-widget-wrap elementor-element-populated\">\n\t\t\t\t\t\t<div class=\"elementor-element elementor-element-e1d1cec elementor-widget elementor-widget-heading\" data-id=\"e1d1cec\" data-element_type=\"widget\" data-widget_type=\"heading.default\">\n\t\t\t\t<div class=\"elementor-widget-container\">\n\t\t\t\t\t<h2 class=\"elementor-heading-title elementor-size-default\">Taksi ta\u015f\u0131mac\u0131l\u0131\u011f\u0131 i\u00e7in lojistik deste\u011fe mi ihtiyac\u0131n\u0131z var?<\/h2>\t\t\t\t<\/div>\n\t\t\t\t<\/div>\n\t\t\t\t<div class=\"elementor-element elementor-element-d30038e elementor-align-center elementor-widget elementor-widget-button\" data-id=\"d30038e\" data-element_type=\"widget\" data-settings=\"{&quot;_animation&quot;:&quot;none&quot;}\" data-widget_type=\"button.default\">\n\t\t\t\t<div class=\"elementor-widget-container\">\n\t\t\t\t\t\t\t\t\t<div class=\"elementor-button-wrapper\">\n\t\t\t\t\t<a class=\"elementor-button elementor-button-link elementor-size-md elementor-animation-grow\" href=\"tel:+381603522009\" id=\"eventButton\">\n\t\t\t\t\t\t<span class=\"elementor-button-content-wrapper\">\n\t\t\t\t\t\t\t\t\t<span class=\"elementor-button-text\">Taksi ta\u015f\u0131mac\u0131l\u0131\u011f\u0131 i\u00e7in dan\u0131\u015fmanl\u0131k al\u0131n \u2706<\/span>\n\t\t\t\t\t<\/span>\n\t\t\t\t\t<\/a>\n\t\t\t\t<\/div>\n\t\t\t\t\t\t\t\t<\/div>\n\t\t\t\t<\/div>\n\t\t\t\t\t<\/div>\n\t\t<\/div>\n\t\t\t\t\t<\/div>\n\t\t<\/section>\n\t\t\t\t<\/div>","protected":false},"excerpt":{"rendered":"<p>Taxi prevoz Sistem navigacije je vrlo efikasan i dobar kako za rad taksista, tako i gradjane koji \u0107e u svakom trenutku mo\u0107i da znaju gde im se, na primer, nalazi dete ili neka po\u0161iljka u taksi vozilu. Uz pomo\u0107 sistema navigacije, preko E-Box Logstic softvera i GPS tehnologije, operateri udru\u017eenja \u0107e pronalaziti najbli\u017ea vozila tako [&hellip;]<\/p>","protected":false},"author":1,"featured_media":0,"parent":1929,"menu_order":0,"comment_status":"closed","ping_status":"closed","template":"","meta":{"footnotes":""},"class_list":["post-2108","page","type-page","status-publish","hentry","entry"],"yoast_head":"<!-- This site is optimized with the Yoast SEO plugin v26.3 - https:\/\/yoast.com\/wordpress\/plugins\/seo\/ -->\n<title>Taxi prevoz - E-box Logistic<\/title>\n<meta name=\"robots\" content=\"index, follow, max-snippet:-1, max-image-preview:large, max-video-preview:-1\" \/>\n<link rel=\"canonical\" href=\"https:\/\/e-boxlogistic.net\/tr\/industrije\/taxi-prevoz\/\" \/>\n<meta property=\"og:locale\" content=\"tr_TR\" \/>\n<meta property=\"og:type\" content=\"article\" \/>\n<meta property=\"og:title\" content=\"Taxi prevoz - E-box Logistic\" \/>\n<meta property=\"og:description\" content=\"Taxi prevoz Sistem navigacije je vrlo efikasan i dobar kako za rad taksista, tako i gradjane koji \u0107e u svakom trenutku mo\u0107i da znaju gde im se, na primer, nalazi dete ili neka po\u0161iljka u taksi vozilu. Uz pomo\u0107 sistema navigacije, preko E-Box Logstic softvera i GPS tehnologije, operateri udru\u017eenja \u0107e pronalaziti najbli\u017ea vozila tako [&hellip;]\" \/>\n<meta property=\"og:url\" content=\"https:\/\/e-boxlogistic.net\/tr\/industrije\/taxi-prevoz\/\" \/>\n<meta property=\"og:site_name\" content=\"E-box Logistic\" \/>\n<meta property=\"article:modified_time\" content=\"2024-03-25T07:29:33+00:00\" \/>\n<meta property=\"og:image\" content=\"https:\/\/e-boxlogistic.net\/wp-content\/uploads\/2024\/02\/131610074_m_normal_none-1024x683.webp\" \/>\n<meta name=\"twitter:card\" content=\"summary_large_image\" \/>\n<meta name=\"twitter:label1\" content=\"Est. reading time\" \/>\n\t<meta name=\"twitter:data1\" content=\"1 dakika\" \/>\n<script type=\"application\/ld+json\" class=\"yoast-schema-graph\">{\"@context\":\"https:\/\/schema.org\",\"@graph\":[{\"@type\":\"WebPage\",\"@id\":\"https:\/\/e-boxlogistic.net\/industrije\/taxi-prevoz\/\",\"url\":\"https:\/\/e-boxlogistic.net\/industrije\/taxi-prevoz\/\",\"name\":\"Taxi prevoz - E-box Logistic\",\"isPartOf\":{\"@id\":\"https:\/\/e-boxlogistic.net\/#website\"},\"primaryImageOfPage\":{\"@id\":\"https:\/\/e-boxlogistic.net\/industrije\/taxi-prevoz\/#primaryimage\"},\"image\":{\"@id\":\"https:\/\/e-boxlogistic.net\/industrije\/taxi-prevoz\/#primaryimage\"},\"thumbnailUrl\":\"https:\/\/e-boxlogistic.net\/wp-content\/uploads\/2024\/02\/131610074_m_normal_none-1024x683.webp\",\"datePublished\":\"2024-02-08T12:45:13+00:00\",\"dateModified\":\"2024-03-25T07:29:33+00:00\",\"breadcrumb\":{\"@id\":\"https:\/\/e-boxlogistic.net\/industrije\/taxi-prevoz\/#breadcrumb\"},\"inLanguage\":\"tr\",\"potentialAction\":[{\"@type\":\"ReadAction\",\"target\":[\"https:\/\/e-boxlogistic.net\/industrije\/taxi-prevoz\/\"]}]},{\"@type\":\"ImageObject\",\"inLanguage\":\"tr\",\"@id\":\"https:\/\/e-boxlogistic.net\/industrije\/taxi-prevoz\/#primaryimage\",\"url\":\"https:\/\/e-boxlogistic.net\/wp-content\/uploads\/2024\/02\/131610074_m_normal_none-1024x683.webp\",\"contentUrl\":\"https:\/\/e-boxlogistic.net\/wp-content\/uploads\/2024\/02\/131610074_m_normal_none-1024x683.webp\"},{\"@type\":\"BreadcrumbList\",\"@id\":\"https:\/\/e-boxlogistic.net\/industrije\/taxi-prevoz\/#breadcrumb\",\"itemListElement\":[{\"@type\":\"ListItem\",\"position\":1,\"name\":\"Home\",\"item\":\"https:\/\/e-boxlogistic.net\/\"},{\"@type\":\"ListItem\",\"position\":2,\"name\":\"Sektori industrije\",\"item\":\"https:\/\/e-boxlogistic.net\/industrije\/\"},{\"@type\":\"ListItem\",\"position\":3,\"name\":\"Taxi prevoz\"}]},{\"@type\":\"WebSite\",\"@id\":\"https:\/\/e-boxlogistic.net\/#website\",\"url\":\"https:\/\/e-boxlogistic.net\/\",\"name\":\"E-box Logistic\",\"description\":\"Transportna Logistika\",\"publisher\":{\"@id\":\"https:\/\/e-boxlogistic.net\/#organization\"},\"potentialAction\":[{\"@type\":\"SearchAction\",\"target\":{\"@type\":\"EntryPoint\",\"urlTemplate\":\"https:\/\/e-boxlogistic.net\/?s={search_term_string}\"},\"query-input\":{\"@type\":\"PropertyValueSpecification\",\"valueRequired\":true,\"valueName\":\"search_term_string\"}}],\"inLanguage\":\"tr\"},{\"@type\":\"Organization\",\"@id\":\"https:\/\/e-boxlogistic.net\/#organization\",\"name\":\"E-box Logistic\",\"url\":\"https:\/\/e-boxlogistic.net\/\",\"logo\":{\"@type\":\"ImageObject\",\"inLanguage\":\"tr\",\"@id\":\"https:\/\/e-boxlogistic.net\/#\/schema\/logo\/image\/\",\"url\":\"https:\/\/e-boxlogistic.net\/wp-content\/uploads\/2022\/11\/cropped-cropped-400_filter_nobg_626936def3669.webp\",\"contentUrl\":\"https:\/\/e-boxlogistic.net\/wp-content\/uploads\/2022\/11\/cropped-cropped-400_filter_nobg_626936def3669.webp\",\"width\":512,\"height\":512,\"caption\":\"E-box Logistic\"},\"image\":{\"@id\":\"https:\/\/e-boxlogistic.net\/#\/schema\/logo\/image\/\"}}]}<\/script>\n<!-- \/ Yoast SEO plugin. -->","yoast_head_json":{"title":"Taxi prevoz - E-box Logistic","robots":{"index":"index","follow":"follow","max-snippet":"max-snippet:-1","max-image-preview":"max-image-preview:large","max-video-preview":"max-video-preview:-1"},"canonical":"https:\/\/e-boxlogistic.net\/tr\/industrije\/taxi-prevoz\/","og_locale":"tr_TR","og_type":"article","og_title":"Taxi prevoz - E-box Logistic","og_description":"Taxi prevoz Sistem navigacije je vrlo efikasan i dobar kako za rad taksista, tako i gradjane koji \u0107e u svakom trenutku mo\u0107i da znaju gde im se, na primer, nalazi dete ili neka po\u0161iljka u taksi vozilu. Uz pomo\u0107 sistema navigacije, preko E-Box Logstic softvera i GPS tehnologije, operateri udru\u017eenja \u0107e pronalaziti najbli\u017ea vozila tako [&hellip;]","og_url":"https:\/\/e-boxlogistic.net\/tr\/industrije\/taxi-prevoz\/","og_site_name":"E-box Logistic","article_modified_time":"2024-03-25T07:29:33+00:00","og_image":[{"url":"https:\/\/e-boxlogistic.net\/wp-content\/uploads\/2024\/02\/131610074_m_normal_none-1024x683.webp","type":"","width":"","height":""}],"twitter_card":"summary_large_image","twitter_misc":{"Est. reading time":"1 dakika"},"schema":{"@context":"https:\/\/schema.org","@graph":[{"@type":"WebPage","@id":"https:\/\/e-boxlogistic.net\/industrije\/taxi-prevoz\/","url":"https:\/\/e-boxlogistic.net\/industrije\/taxi-prevoz\/","name":"Taxi prevoz - E-box Logistic","isPartOf":{"@id":"https:\/\/e-boxlogistic.net\/#website"},"primaryImageOfPage":{"@id":"https:\/\/e-boxlogistic.net\/industrije\/taxi-prevoz\/#primaryimage"},"image":{"@id":"https:\/\/e-boxlogistic.net\/industrije\/taxi-prevoz\/#primaryimage"},"thumbnailUrl":"https:\/\/e-boxlogistic.net\/wp-content\/uploads\/2024\/02\/131610074_m_normal_none-1024x683.webp","datePublished":"2024-02-08T12:45:13+00:00","dateModified":"2024-03-25T07:29:33+00:00","breadcrumb":{"@id":"https:\/\/e-boxlogistic.net\/industrije\/taxi-prevoz\/#breadcrumb"},"inLanguage":"tr","potentialAction":[{"@type":"ReadAction","target":["https:\/\/e-boxlogistic.net\/industrije\/taxi-prevoz\/"]}]},{"@type":"ImageObject","inLanguage":"tr","@id":"https:\/\/e-boxlogistic.net\/industrije\/taxi-prevoz\/#primaryimage","url":"https:\/\/e-boxlogistic.net\/wp-content\/uploads\/2024\/02\/131610074_m_normal_none-1024x683.webp","contentUrl":"https:\/\/e-boxlogistic.net\/wp-content\/uploads\/2024\/02\/131610074_m_normal_none-1024x683.webp"},{"@type":"BreadcrumbList","@id":"https:\/\/e-boxlogistic.net\/industrije\/taxi-prevoz\/#breadcrumb","itemListElement":[{"@type":"ListItem","position":1,"name":"Home","item":"https:\/\/e-boxlogistic.net\/"},{"@type":"ListItem","position":2,"name":"Sektori industrije","item":"https:\/\/e-boxlogistic.net\/industrije\/"},{"@type":"ListItem","position":3,"name":"Taxi prevoz"}]},{"@type":"WebSite","@id":"https:\/\/e-boxlogistic.net\/#website","url":"https:\/\/e-boxlogistic.net\/","name":"E-box Logistic","description":"Transportna Logistika","publisher":{"@id":"https:\/\/e-boxlogistic.net\/#organization"},"potentialAction":[{"@type":"SearchAction","target":{"@type":"EntryPoint","urlTemplate":"https:\/\/e-boxlogistic.net\/?s={search_term_string}"},"query-input":{"@type":"PropertyValueSpecification","valueRequired":true,"valueName":"search_term_string"}}],"inLanguage":"tr"},{"@type":"Organization","@id":"https:\/\/e-boxlogistic.net\/#organization","name":"E-box Logistic","url":"https:\/\/e-boxlogistic.net\/","logo":{"@type":"ImageObject","inLanguage":"tr","@id":"https:\/\/e-boxlogistic.net\/#\/schema\/logo\/image\/","url":"https:\/\/e-boxlogistic.net\/wp-content\/uploads\/2022\/11\/cropped-cropped-400_filter_nobg_626936def3669.webp","contentUrl":"https:\/\/e-boxlogistic.net\/wp-content\/uploads\/2022\/11\/cropped-cropped-400_filter_nobg_626936def3669.webp","width":512,"height":512,"caption":"E-box Logistic"},"image":{"@id":"https:\/\/e-boxlogistic.net\/#\/schema\/logo\/image\/"}}]}},"_links":{"self":[{"href":"https:\/\/e-boxlogistic.net\/tr\/wp-json\/wp\/v2\/pages\/2108","targetHints":{"allow":["GET"]}}],"collection":[{"href":"https:\/\/e-boxlogistic.net\/tr\/wp-json\/wp\/v2\/pages"}],"about":[{"href":"https:\/\/e-boxlogistic.net\/tr\/wp-json\/wp\/v2\/types\/page"}],"author":[{"embeddable":true,"href":"https:\/\/e-boxlogistic.net\/tr\/wp-json\/wp\/v2\/users\/1"}],"replies":[{"embeddable":true,"href":"https:\/\/e-boxlogistic.net\/tr\/wp-json\/wp\/v2\/comments?post=2108"}],"version-history":[{"count":10,"href":"https:\/\/e-boxlogistic.net\/tr\/wp-json\/wp\/v2\/pages\/2108\/revisions"}],"predecessor-version":[{"id":2435,"href":"https:\/\/e-boxlogistic.net\/tr\/wp-json\/wp\/v2\/pages\/2108\/revisions\/2435"}],"up":[{"embeddable":true,"href":"https:\/\/e-boxlogistic.net\/tr\/wp-json\/wp\/v2\/pages\/1929"}],"wp:attachment":[{"href":"https:\/\/e-boxlogistic.net\/tr\/wp-json\/wp\/v2\/media?parent=2108"}],"curies":[{"name":"wp","href":"https:\/\/api.w.org\/{rel}","templated":true}]}}